{"id":1924,"date":"2025-11-20T12:09:36","date_gmt":"2025-11-20T11:09:36","guid":{"rendered":"https:\/\/www.regionalis.shop\/pressmayr\/shop\/mirabellen-chutney\/"},"modified":"2025-11-20T12:10:38","modified_gmt":"2025-11-20T11:10:38","slug":"mirabellen-chutney","status":"publish","type":"product","link":"https:\/\/www.regionalis.shop\/pressmayr\/shop\/mirabellen-chutney\/","title":{"rendered":"Mirabellen Chutney"},"content":{"rendered":"<div class=\"et_pb_toggle_content clearfix\">\n<div class=\"woocommerce et-dynamic-content-woo et-dynamic-content-woo--product_description\">\n<p>Zutaten:\u00a0Mirabellen, Zucchini, Zwiebel, Zucker, Gew\u00fcrze, <b>Senfk\u00f6rner<\/b><\/p>\n<p>Lichtgesch\u00fctzt aufbewahren. Nach dem \u00d6ffnen im K\u00fchlschrank lagern und bald aufbrauchen.<\/p>\n<p>Inhalt: 150g<\/p>\n<\/div>\n<\/div>\n","protected":false},"excerpt":{"rendered":"<p>Mirabellen (in der Wildform als Kriecherl bekannt) &#8211; so k\u00f6stlich wie selten anzutreffen in unseren hiesigen G\u00e4rten und Landschaften. Gl\u00fccklicherweise beginnen unsere jungen B\u00e4ume der Sorte &#8222;Mirabelle de Nancy&#8220; nach und nach zu tragen. Und so haben wir seit heuer gleich drei k\u00f6stliche Mirabellen-Kreationen im Angebot: Mirabelle-Apfel Marmelade, Mirabelle-Lavendel Sirup (aus Kriecherln) und dieses fruchtige Mirabellen-Chutney.<\/p>\n<p>Verwendung: passt zu gegrillten\/gebratenen Speisen wie Fleisch oder Fisch, als Brotaufstrich &#8211; z.B. am K\u00e4sebrot, als Dip oder zur K\u00e4seplatte.<\/p>\n","protected":false},"featured_media":1692,"template":"","meta":{"_acf_changed":false},"product_brand":[],"product_cat":[120,18],"product_tag":[],"class_list":{"0":"post-1924","1":"product","2":"type-product","3":"status-publish","4":"has-post-thumbnail","6":"product_cat-chutneys-saucen","7":"product_cat-uncategorised","9":"first","10":"instock","11":"taxable","12":"shipping-taxable","13":"purchasable","14":"product-type-simple"},"acf":[],"_links":{"self":[{"href":"https:\/\/www.regionalis.shop\/pressmayr\/wp-json\/wp\/v2\/product\/1924","targetHints":{"allow":["GET"]}}],"collection":[{"href":"https:\/\/www.regionalis.shop\/pressmayr\/wp-json\/wp\/v2\/product"}],"about":[{"href":"https:\/\/www.regionalis.shop\/pressmayr\/wp-json\/wp\/v2\/types\/product"}],"wp:featuredmedia":[{"embeddable":true,"href":"https:\/\/www.regionalis.shop\/pressmayr\/wp-json\/wp\/v2\/media\/1692"}],"wp:attachment":[{"href":"https:\/\/www.regionalis.shop\/pressmayr\/wp-json\/wp\/v2\/media?parent=1924"}],"wp:term":[{"taxonomy":"product_brand","embeddable":true,"href":"https:\/\/www.regionalis.shop\/pressmayr\/wp-json\/wp\/v2\/product_brand?post=1924"},{"taxonomy":"product_cat","embeddable":true,"href":"https:\/\/www.regionalis.shop\/pressmayr\/wp-json\/wp\/v2\/product_cat?post=1924"},{"taxonomy":"product_tag","embeddable":true,"href":"https:\/\/www.regionalis.shop\/pressmayr\/wp-json\/wp\/v2\/product_tag?post=1924"}],"curies":[{"name":"wp","href":"https:\/\/api.w.org\/{rel}","templated":true}]}}