{"id":1925,"date":"2025-11-20T12:09:36","date_gmt":"2025-11-20T11:09:36","guid":{"rendered":"https:\/\/www.regionalis.shop\/pressmayr\/shop\/sommerbeeren-chutney\/"},"modified":"2025-11-20T12:10:38","modified_gmt":"2025-11-20T11:10:38","slug":"sommerbeeren-chutney","status":"publish","type":"product","link":"https:\/\/www.regionalis.shop\/pressmayr\/shop\/sommerbeeren-chutney\/","title":{"rendered":"Sommerbeeren Chutney"},"content":{"rendered":"<div class=\"et_pb_toggle_content clearfix\">\n<div class=\"woocommerce et-dynamic-content-woo et-dynamic-content-woo--product_description\">\n<p>Zutaten: Ribisel, Stachelbeeren, Zucchini, Rote Zwiebel, Zucker, Salz, Gew\u00fcrze, Geliermittel: Pektin<\/p>\n<p>Lichtgesch\u00fctzt lagern. Nach dem \u00d6ffnen im K\u00fchlschrank aufbewahren und bald verbrauchen.<\/p>\n<p>Inhalt: 150g<\/p>\n<\/div>\n<\/div>\n","protected":false},"excerpt":{"rendered":"<p>Wenn der Hochsommer ins Land zieht, wird die von Jahr zu Jahr \u00fcppiger werdende F\u00fclle an Obst sichtbar: den Ribiselstauden gef\u00e4llt der neue Standort in guter Erde, die Stachelbeeren sind \u00fcbervoll, und so entstand diese besonders fruchtige, s\u00e4uerliche Kombination, erg\u00e4nzt mit neutralem Zucchini f\u00fcr eine vollmundige Konsistenz. Nur in kleiner Auflage erh\u00e4ltlich.<\/p>\n<p>Verwendung: passt zu gegrillten\/gebratenen Speisen wie Fleisch oder Fisch, als Brotaufstrich &#8211; z.B. am K\u00e4sebrot, als Dip zu Fondue und Raclette, zur K\u00e4seplatte,&#8230;<\/p>\n","protected":false},"featured_media":1695,"template":"","meta":{"_acf_changed":false},"product_brand":[],"product_cat":[120,18],"product_tag":[],"class_list":{"0":"post-1925","1":"product","2":"type-product","3":"status-publish","4":"has-post-thumbnail","6":"product_cat-chutneys-saucen","7":"product_cat-uncategorised","9":"first","10":"instock","11":"taxable","12":"shipping-taxable","13":"purchasable","14":"product-type-simple"},"acf":[],"_links":{"self":[{"href":"https:\/\/www.regionalis.shop\/pressmayr\/wp-json\/wp\/v2\/product\/1925","targetHints":{"allow":["GET"]}}],"collection":[{"href":"https:\/\/www.regionalis.shop\/pressmayr\/wp-json\/wp\/v2\/product"}],"about":[{"href":"https:\/\/www.regionalis.shop\/pressmayr\/wp-json\/wp\/v2\/types\/product"}],"wp:featuredmedia":[{"embeddable":true,"href":"https:\/\/www.regionalis.shop\/pressmayr\/wp-json\/wp\/v2\/media\/1695"}],"wp:attachment":[{"href":"https:\/\/www.regionalis.shop\/pressmayr\/wp-json\/wp\/v2\/media?parent=1925"}],"wp:term":[{"taxonomy":"product_brand","embeddable":true,"href":"https:\/\/www.regionalis.shop\/pressmayr\/wp-json\/wp\/v2\/product_brand?post=1925"},{"taxonomy":"product_cat","embeddable":true,"href":"https:\/\/www.regionalis.shop\/pressmayr\/wp-json\/wp\/v2\/product_cat?post=1925"},{"taxonomy":"product_tag","embeddable":true,"href":"https:\/\/www.regionalis.shop\/pressmayr\/wp-json\/wp\/v2\/product_tag?post=1925"}],"curies":[{"name":"wp","href":"https:\/\/api.w.org\/{rel}","templated":true}]}}