{"id":1928,"date":"2025-11-20T12:11:45","date_gmt":"2025-11-20T11:11:45","guid":{"rendered":"https:\/\/www.regionalis.shop\/pressmayr\/shop\/apfelstrudel-marmelade-fruchtaufstrich\/"},"modified":"2025-11-20T12:13:30","modified_gmt":"2025-11-20T11:13:30","slug":"apfelstrudel-marmelade-fruchtaufstrich","status":"publish","type":"product","link":"https:\/\/www.regionalis.shop\/pressmayr\/shop\/apfelstrudel-marmelade-fruchtaufstrich\/","title":{"rendered":"Apfelstrudel Marmelade (Fruchtaufstrich)"},"content":{"rendered":"<p>Zutaten: \u00c4pfel, Zucker, Rosinen, Zitronensaft, Gew\u00fcrze, Amaretto, Geliermittel: Pektin<\/p>\n<p>Lichtgesch\u00fctzt aufbewahren. Nach dem \u00d6ffnen im K\u00fchlschrank lagern und bald aufbrauchen.<\/p>\n<p>Inhalt: 150g<\/p>\n","protected":false},"excerpt":{"rendered":"<p>Omas Apfelstrudel &#8211; wer verbindet damit nicht wohlige Kindheitserinnerungen an gestibitzte Teigst\u00fccke und Rosinen, die im Kindermund verschwinden.<\/p>\n<p>Diese Marmelade l\u00e4\u00dft die Erinnerungen wieder aufleben.<\/p>\n<p>Verwendung: diese Marmelade schmeckt hervorragend auf der Fr\u00fchst\u00fcckssemmel, als F\u00fclle f\u00fcr Buchteln oder &#8211; aber nur wenn Oma nicht herschaut &#8211; auch einfach pur vom L\u00f6ffel.<\/p>\n","protected":false},"featured_media":1396,"template":"","meta":{"_acf_changed":false},"product_brand":[],"product_cat":[158,18],"product_tag":[],"class_list":{"0":"post-1928","1":"product","2":"type-product","3":"status-publish","4":"has-post-thumbnail","6":"product_cat-marmeladen-fruchtaufstriche","7":"product_cat-uncategorised","9":"first","10":"instock","11":"taxable","12":"shipping-taxable","13":"purchasable","14":"product-type-simple"},"acf":[],"_links":{"self":[{"href":"https:\/\/www.regionalis.shop\/pressmayr\/wp-json\/wp\/v2\/product\/1928","targetHints":{"allow":["GET"]}}],"collection":[{"href":"https:\/\/www.regionalis.shop\/pressmayr\/wp-json\/wp\/v2\/product"}],"about":[{"href":"https:\/\/www.regionalis.shop\/pressmayr\/wp-json\/wp\/v2\/types\/product"}],"wp:featuredmedia":[{"embeddable":true,"href":"https:\/\/www.regionalis.shop\/pressmayr\/wp-json\/wp\/v2\/media\/1396"}],"wp:attachment":[{"href":"https:\/\/www.regionalis.shop\/pressmayr\/wp-json\/wp\/v2\/media?parent=1928"}],"wp:term":[{"taxonomy":"product_brand","embeddable":true,"href":"https:\/\/www.regionalis.shop\/pressmayr\/wp-json\/wp\/v2\/product_brand?post=1928"},{"taxonomy":"product_cat","embeddable":true,"href":"https:\/\/www.regionalis.shop\/pressmayr\/wp-json\/wp\/v2\/product_cat?post=1928"},{"taxonomy":"product_tag","embeddable":true,"href":"https:\/\/www.regionalis.shop\/pressmayr\/wp-json\/wp\/v2\/product_tag?post=1928"}],"curies":[{"name":"wp","href":"https:\/\/api.w.org\/{rel}","templated":true}]}}