{"id":1932,"date":"2025-11-20T12:11:46","date_gmt":"2025-11-20T11:11:46","guid":{"rendered":"https:\/\/www.regionalis.shop\/pressmayr\/shop\/apfel-mohn-marmelade-fruchtaufstrich\/"},"modified":"2025-11-21T08:22:45","modified_gmt":"2025-11-21T07:22:45","slug":"apfel-mohn-marmelade-fruchtaufstrich","status":"publish","type":"product","link":"https:\/\/www.regionalis.shop\/pressmayr\/shop\/apfel-mohn-marmelade-fruchtaufstrich\/","title":{"rendered":"Apfel-Mohn Marmelade (Fruchtaufstrich)"},"content":{"rendered":"<p>Zutaten: \u00c4pfel, Zucker, Mohn gemahlen, Geliermittel: Pektin, Zimt, Bourbon-Vanille<\/p>\n<p>Lichtgesch\u00fctzt aufbewahren. Nach dem \u00d6ffnen im K\u00fchlschrank lagern und bald aufbrauchen.<\/p>\n<p>Inhalt: 150g<\/p>\n","protected":false},"excerpt":{"rendered":"<p>Aus dem herbstlichen \u00dcberfluss an g&#8217;schmackigen \u00c4pfeln entstand die Idee einer Apfelmarmelade.<\/p>\n<p>Da uns die pure Variante jedoch geschmacklich nicht vollst\u00e4ndig \u00fcberzeugte, mischten wir gemahlenen Mohn der Sorte Waldviertler Graumohn darunter. Speisemohn hat in unserer Gegend eine lange Tradition. Eine Kreation f\u00fcr alle Mohnfreunde und jene die es noch werden wollen!<\/p>\n<p>Verwendung: klassisch als Marmelade aufs Brot, zu Palatschinken oder unters Joghurt.<\/p>\n","protected":false},"featured_media":1996,"template":"","meta":{"_acf_changed":false},"product_brand":[],"product_cat":[158],"product_tag":[],"class_list":{"0":"post-1932","1":"product","2":"type-product","3":"status-publish","4":"has-post-thumbnail","6":"product_cat-marmeladen-fruchtaufstriche","8":"first","9":"instock","10":"taxable","11":"shipping-taxable","12":"purchasable","13":"product-type-simple"},"acf":[],"_links":{"self":[{"href":"https:\/\/www.regionalis.shop\/pressmayr\/wp-json\/wp\/v2\/product\/1932","targetHints":{"allow":["GET"]}}],"collection":[{"href":"https:\/\/www.regionalis.shop\/pressmayr\/wp-json\/wp\/v2\/product"}],"about":[{"href":"https:\/\/www.regionalis.shop\/pressmayr\/wp-json\/wp\/v2\/types\/product"}],"wp:featuredmedia":[{"embeddable":true,"href":"https:\/\/www.regionalis.shop\/pressmayr\/wp-json\/wp\/v2\/media\/1996"}],"wp:attachment":[{"href":"https:\/\/www.regionalis.shop\/pressmayr\/wp-json\/wp\/v2\/media?parent=1932"}],"wp:term":[{"taxonomy":"product_brand","embeddable":true,"href":"https:\/\/www.regionalis.shop\/pressmayr\/wp-json\/wp\/v2\/product_brand?post=1932"},{"taxonomy":"product_cat","embeddable":true,"href":"https:\/\/www.regionalis.shop\/pressmayr\/wp-json\/wp\/v2\/product_cat?post=1932"},{"taxonomy":"product_tag","embeddable":true,"href":"https:\/\/www.regionalis.shop\/pressmayr\/wp-json\/wp\/v2\/product_tag?post=1932"}],"curies":[{"name":"wp","href":"https:\/\/api.w.org\/{rel}","templated":true}]}}