{"id":1933,"date":"2025-11-20T12:11:46","date_gmt":"2025-11-20T11:11:46","guid":{"rendered":"https:\/\/www.regionalis.shop\/pressmayr\/shop\/rhabarber-rose-marmelade-fruchtaufstrich\/"},"modified":"2025-11-20T12:13:30","modified_gmt":"2025-11-20T11:13:30","slug":"rhabarber-rose-marmelade-fruchtaufstrich","status":"publish","type":"product","link":"https:\/\/www.regionalis.shop\/pressmayr\/shop\/rhabarber-rose-marmelade-fruchtaufstrich\/","title":{"rendered":"Rhabarber-Rose Marmelade (Fruchtaufstrich)"},"content":{"rendered":"<p>Zutaten: Rhabarber, Zucker, Rosenbl\u00fcten, \u00c4pfel, Kardamom, Geliermittel: Pektin.<\/p>\n<p>Lichtgesch\u00fctzt aufbewahren. Nach dem \u00d6ffnen im K\u00fchlschrank lagern und bald aufbrauchen.<\/p>\n<p>Inhalt: 150g<\/p>\n","protected":false},"excerpt":{"rendered":"<p>Global denken, regional genie\u00dfen. Nach diesem Motto holen Sie sich mit dieser bet\u00f6rend-duftigen Marmelade ein St\u00fcck Orient nach Hause! Die Kombination aus s\u00e4uerlichen, roten Rhabarberstangen, duftigen Rosenbl\u00fcten und exotischem Kardamom ist einfach bet\u00f6rend.<\/p>\n<p>Verwendung: diese Marmelade schmeckt am allerbesten auf der Fr\u00fchst\u00fcckssemmel. Sie \u00fcberzeugt aber auch im Joghurt oder zum Bestreichen von Kuchen.<\/p>\n<p>&nbsp;<\/p>\n","protected":false},"featured_media":1470,"template":"","meta":{"_acf_changed":false},"product_brand":[],"product_cat":[158,18],"product_tag":[],"class_list":{"0":"post-1933","1":"product","2":"type-product","3":"status-publish","4":"has-post-thumbnail","6":"product_cat-marmeladen-fruchtaufstriche","7":"product_cat-uncategorised","9":"first","10":"instock","11":"taxable","12":"shipping-taxable","13":"purchasable","14":"product-type-simple"},"acf":[],"_links":{"self":[{"href":"https:\/\/www.regionalis.shop\/pressmayr\/wp-json\/wp\/v2\/product\/1933","targetHints":{"allow":["GET"]}}],"collection":[{"href":"https:\/\/www.regionalis.shop\/pressmayr\/wp-json\/wp\/v2\/product"}],"about":[{"href":"https:\/\/www.regionalis.shop\/pressmayr\/wp-json\/wp\/v2\/types\/product"}],"wp:featuredmedia":[{"embeddable":true,"href":"https:\/\/www.regionalis.shop\/pressmayr\/wp-json\/wp\/v2\/media\/1470"}],"wp:attachment":[{"href":"https:\/\/www.regionalis.shop\/pressmayr\/wp-json\/wp\/v2\/media?parent=1933"}],"wp:term":[{"taxonomy":"product_brand","embeddable":true,"href":"https:\/\/www.regionalis.shop\/pressmayr\/wp-json\/wp\/v2\/product_brand?post=1933"},{"taxonomy":"product_cat","embeddable":true,"href":"https:\/\/www.regionalis.shop\/pressmayr\/wp-json\/wp\/v2\/product_cat?post=1933"},{"taxonomy":"product_tag","embeddable":true,"href":"https:\/\/www.regionalis.shop\/pressmayr\/wp-json\/wp\/v2\/product_tag?post=1933"}],"curies":[{"name":"wp","href":"https:\/\/api.w.org\/{rel}","templated":true}]}}