{"id":1935,"date":"2025-11-20T12:11:47","date_gmt":"2025-11-20T11:11:47","guid":{"rendered":"https:\/\/www.regionalis.shop\/pressmayr\/shop\/rosenblueten-gelee\/"},"modified":"2025-11-20T12:13:30","modified_gmt":"2025-11-20T11:13:30","slug":"rosenblueten-gelee","status":"publish","type":"product","link":"https:\/\/www.regionalis.shop\/pressmayr\/shop\/rosenblueten-gelee\/","title":{"rendered":"Rosenbl\u00fcten Gelee"},"content":{"rendered":"<p>Zutaten: Wasser, Zucker, Rosenbl\u00fcten Extrakt, Geliermittel: Pektin, S\u00e4uerungsmittel: Citronens\u00e4ure<\/p>\n<p>Lichtgesch\u00fctzt aufbewahren. Nach dem \u00d6ffnen im K\u00fchlschrank lagern und bald verbrauchen.<\/p>\n<p>Inhalt: 150g<\/p>\n","protected":false},"excerpt":{"rendered":"<div class=\"woocommerce-product-details__short-description\">\n<p>Sie ist die K\u00f6nigin der Blumen schlechthin: die Rose. Sobald die rosa und pink bl\u00fchenden Damaszenerrosen mit ihrem besonders intensiven Duft in unserem Garten in voller Bl\u00fcte stehen, gibt es kein Warten mehr. Jeden Tag, \u00fcber Wochen hinweg, f\u00fcllen die Bl\u00fcten ganze K\u00f6rbe voll. Entweder werden sie frisch (Lik\u00f6r, Marmelade, Gelee) oder getrocknet (Sirup, Salz,\u2026) verarbeitet.<\/p>\n<p>Verwendung: f\u00fcr alle, die Rosen ohnehin lieben, braucht es wahrscheinlich keine Anregungen zur Verwendung dieses Rosenbl\u00fcten Gelees. Es schmeckt super blumig z.B. auf der Fr\u00fchst\u00fcckssemmel, im Joghurt oder auf Keksen. Oder Sie servieren es einmal zur K\u00e4seplatte, wo es besonders mit Ziegenfrischk\u00e4se harmoniert.<\/p>\n<p>&nbsp;<\/p>\n<\/div>\n","protected":false},"featured_media":1513,"template":"","meta":{"_acf_changed":false},"product_brand":[],"product_cat":[158,18],"product_tag":[],"class_list":{"0":"post-1935","1":"product","2":"type-product","3":"status-publish","4":"has-post-thumbnail","6":"product_cat-marmeladen-fruchtaufstriche","7":"product_cat-uncategorised","9":"first","10":"instock","11":"taxable","12":"shipping-taxable","13":"purchasable","14":"product-type-simple"},"acf":[],"_links":{"self":[{"href":"https:\/\/www.regionalis.shop\/pressmayr\/wp-json\/wp\/v2\/product\/1935","targetHints":{"allow":["GET"]}}],"collection":[{"href":"https:\/\/www.regionalis.shop\/pressmayr\/wp-json\/wp\/v2\/product"}],"about":[{"href":"https:\/\/www.regionalis.shop\/pressmayr\/wp-json\/wp\/v2\/types\/product"}],"wp:featuredmedia":[{"embeddable":true,"href":"https:\/\/www.regionalis.shop\/pressmayr\/wp-json\/wp\/v2\/media\/1513"}],"wp:attachment":[{"href":"https:\/\/www.regionalis.shop\/pressmayr\/wp-json\/wp\/v2\/media?parent=1935"}],"wp:term":[{"taxonomy":"product_brand","embeddable":true,"href":"https:\/\/www.regionalis.shop\/pressmayr\/wp-json\/wp\/v2\/product_brand?post=1935"},{"taxonomy":"product_cat","embeddable":true,"href":"https:\/\/www.regionalis.shop\/pressmayr\/wp-json\/wp\/v2\/product_cat?post=1935"},{"taxonomy":"product_tag","embeddable":true,"href":"https:\/\/www.regionalis.shop\/pressmayr\/wp-json\/wp\/v2\/product_tag?post=1935"}],"curies":[{"name":"wp","href":"https:\/\/api.w.org\/{rel}","templated":true}]}}