{"id":1937,"date":"2025-11-20T12:11:48","date_gmt":"2025-11-20T11:11:48","guid":{"rendered":"https:\/\/www.regionalis.shop\/pressmayr\/shop\/apfel-rosmarin-gelee\/"},"modified":"2025-11-20T12:13:30","modified_gmt":"2025-11-20T11:13:30","slug":"apfel-rosmarin-gelee","status":"publish","type":"product","link":"https:\/\/www.regionalis.shop\/pressmayr\/shop\/apfel-rosmarin-gelee\/","title":{"rendered":"Apfel-Rosmarin Gelee"},"content":{"rendered":"<p>Zutaten: Apfelsaft naturtr\u00fcb, Rosmarin-Extrakt, Geliermittel: Pektin, S\u00e4uerungsmittel: Citronens\u00e4ure<\/p>\n<p>Lichtgesch\u00fctzt aufbewahren. Nach dem \u00d6ffnen im K\u00fchlschrank lagern und bald aufbrauchen.<\/p>\n<p>Inhalt: 150g<\/p>\n","protected":false},"excerpt":{"rendered":"<p>Frisch gepresster, naturtr\u00fcber Apfelsaft aus \u00c4pfel von unserer Streuobstwiese sowie frischer Rosmarin aus unserem Folientunnel bilden die Grundlagen f\u00fcr dieses fruchtig-herbe Gelee.<\/p>\n<p>Verwendung: es schmeckt wunderbar w\u00fcrzig auf der Fr\u00fchst\u00fcckssemmel oder erfreut ins Joghurt gemischt. Aber auch zur K\u00e4seplatte passt dieses Apfel-Rosmarin Gelee hervorragend!<\/p>\n","protected":false},"featured_media":1623,"template":"","meta":{"_acf_changed":false},"product_brand":[],"product_cat":[158,18],"product_tag":[],"class_list":{"0":"post-1937","1":"product","2":"type-product","3":"status-publish","4":"has-post-thumbnail","6":"product_cat-marmeladen-fruchtaufstriche","7":"product_cat-uncategorised","9":"first","10":"instock","11":"taxable","12":"shipping-taxable","13":"purchasable","14":"product-type-simple"},"acf":[],"_links":{"self":[{"href":"https:\/\/www.regionalis.shop\/pressmayr\/wp-json\/wp\/v2\/product\/1937","targetHints":{"allow":["GET"]}}],"collection":[{"href":"https:\/\/www.regionalis.shop\/pressmayr\/wp-json\/wp\/v2\/product"}],"about":[{"href":"https:\/\/www.regionalis.shop\/pressmayr\/wp-json\/wp\/v2\/types\/product"}],"wp:featuredmedia":[{"embeddable":true,"href":"https:\/\/www.regionalis.shop\/pressmayr\/wp-json\/wp\/v2\/media\/1623"}],"wp:attachment":[{"href":"https:\/\/www.regionalis.shop\/pressmayr\/wp-json\/wp\/v2\/media?parent=1937"}],"wp:term":[{"taxonomy":"product_brand","embeddable":true,"href":"https:\/\/www.regionalis.shop\/pressmayr\/wp-json\/wp\/v2\/product_brand?post=1937"},{"taxonomy":"product_cat","embeddable":true,"href":"https:\/\/www.regionalis.shop\/pressmayr\/wp-json\/wp\/v2\/product_cat?post=1937"},{"taxonomy":"product_tag","embeddable":true,"href":"https:\/\/www.regionalis.shop\/pressmayr\/wp-json\/wp\/v2\/product_tag?post=1937"}],"curies":[{"name":"wp","href":"https:\/\/api.w.org\/{rel}","templated":true}]}}