{"id":1938,"date":"2025-11-20T12:11:48","date_gmt":"2025-11-20T11:11:48","guid":{"rendered":"https:\/\/www.regionalis.shop\/pressmayr\/shop\/kuerbis-orangen-marmelade-fruchtaufstrich\/"},"modified":"2025-11-20T12:13:29","modified_gmt":"2025-11-20T11:13:29","slug":"kuerbis-orangen-marmelade-fruchtaufstrich","status":"publish","type":"product","link":"https:\/\/www.regionalis.shop\/pressmayr\/shop\/kuerbis-orangen-marmelade-fruchtaufstrich\/","title":{"rendered":"K\u00fcrbis-Orangen Marmelade (Fruchtaufstrich)"},"content":{"rendered":"<p>Zutaten: K\u00fcrbis (40%), Zucker, ganze Bio-Orangen (27%), Geliermittel: Pektin, S\u00e4uerungsmittel: Citronens\u00e4ure<\/p>\n<p>Lichtgesch\u00fctzt aufbewahren. Nach dem \u00d6ffnen im K\u00fchlschrank lagern und bald aufbrauchen.<\/p>\n<p>Inhalt: 150g<\/p>\n","protected":false},"excerpt":{"rendered":"<p>Cremig, fruchtig, nicht zu s\u00fc\u00df, mit leichter Bitternote. So pr\u00e4sentiert sich diese Marmelade aus dunkelorangem K\u00fcrbisfleisch (Sorte Langer von Neapel) und Bio-Orangen mit &#8222;Haut und Haar&#8220;, also mit Schale und Fruchtfleisch. Daher r\u00fchrt auch der etwas herbe Geschmack in Anlehnung an die original britische Zitrus-Marmelade. Ein Hochgenuss f\u00fcr Liebhaber der bitteren Geschmacksrichtung!<\/p>\n<p>Verwendung: diese Marmelade schmeckt hervorragend zur K\u00e4seplatte, hier vor allem zu Weichk\u00e4sesorten wie Brie oder Ziegenk\u00e4se. Aber auch auf der Fr\u00fchst\u00fcckssemmel oder im Joghurt \u00fcberzeugt diese Kreation.<\/p>\n","protected":false},"featured_media":1663,"template":"","meta":{"_acf_changed":false},"product_brand":[],"product_cat":[158,18],"product_tag":[],"class_list":{"0":"post-1938","1":"product","2":"type-product","3":"status-publish","4":"has-post-thumbnail","6":"product_cat-marmeladen-fruchtaufstriche","7":"product_cat-uncategorised","9":"first","10":"instock","11":"taxable","12":"shipping-taxable","13":"purchasable","14":"product-type-simple"},"acf":[],"_links":{"self":[{"href":"https:\/\/www.regionalis.shop\/pressmayr\/wp-json\/wp\/v2\/product\/1938","targetHints":{"allow":["GET"]}}],"collection":[{"href":"https:\/\/www.regionalis.shop\/pressmayr\/wp-json\/wp\/v2\/product"}],"about":[{"href":"https:\/\/www.regionalis.shop\/pressmayr\/wp-json\/wp\/v2\/types\/product"}],"wp:featuredmedia":[{"embeddable":true,"href":"https:\/\/www.regionalis.shop\/pressmayr\/wp-json\/wp\/v2\/media\/1663"}],"wp:attachment":[{"href":"https:\/\/www.regionalis.shop\/pressmayr\/wp-json\/wp\/v2\/media?parent=1938"}],"wp:term":[{"taxonomy":"product_brand","embeddable":true,"href":"https:\/\/www.regionalis.shop\/pressmayr\/wp-json\/wp\/v2\/product_brand?post=1938"},{"taxonomy":"product_cat","embeddable":true,"href":"https:\/\/www.regionalis.shop\/pressmayr\/wp-json\/wp\/v2\/product_cat?post=1938"},{"taxonomy":"product_tag","embeddable":true,"href":"https:\/\/www.regionalis.shop\/pressmayr\/wp-json\/wp\/v2\/product_tag?post=1938"}],"curies":[{"name":"wp","href":"https:\/\/api.w.org\/{rel}","templated":true}]}}