{"id":1940,"date":"2025-11-20T12:14:17","date_gmt":"2025-11-20T11:14:17","guid":{"rendered":"https:\/\/www.regionalis.shop\/pressmayr\/shop\/bratapfel-likoer\/"},"modified":"2025-11-24T10:38:42","modified_gmt":"2025-11-24T09:38:42","slug":"bratapfel-likoer","status":"publish","type":"product","link":"https:\/\/www.regionalis.shop\/pressmayr\/shop\/bratapfel-likoer\/","title":{"rendered":"Bratapfel Lik\u00f6r"},"content":{"rendered":"<p>Inhalt: 350ml<\/p>\n<p>Alkoholgehalt: 17 %\u00b0 vol.<\/p>\n<p>Enth\u00e4lt Honig.<\/p>\n","protected":false},"excerpt":{"rendered":"<p>Mit diesem Bratapfel Lik\u00f6r h\u00e4lt die kuschelige Jahreszeit Einzug ins Wohnzimmer.\u00a0Winterliche, w\u00e4rmende Gew\u00fcrze verleihen unserem selbstgepressten Apfelsaft von unseren Streuobstwiesen einen verf\u00fchrerischen Duft nach Omas Brat\u00e4pfeln.<\/p>\n<p>Verwendung: der Bratapfel Lik\u00f6r vers\u00fc\u00dft uns den Winter entweder kalt oder erw\u00e4rmt im Stamperl oder auch im hei\u00dfen Tee. Oder er darf als geschmackliche Abrundung in den Obstsalat &#8211; nur f\u00fcr die Gro\u00dfen nat\u00fcrlich&#8230;<\/p>\n","protected":false},"featured_media":2001,"template":"","meta":{"_acf_changed":false},"product_brand":[],"product_cat":[89,18],"product_tag":[],"class_list":{"0":"post-1940","1":"product","2":"type-product","3":"status-publish","4":"has-post-thumbnail","6":"product_cat-spirituosen-schnapserl","7":"product_cat-uncategorised","9":"first","10":"instock","11":"taxable","12":"shipping-taxable","13":"purchasable","14":"product-type-simple"},"acf":[],"_links":{"self":[{"href":"https:\/\/www.regionalis.shop\/pressmayr\/wp-json\/wp\/v2\/product\/1940","targetHints":{"allow":["GET"]}}],"collection":[{"href":"https:\/\/www.regionalis.shop\/pressmayr\/wp-json\/wp\/v2\/product"}],"about":[{"href":"https:\/\/www.regionalis.shop\/pressmayr\/wp-json\/wp\/v2\/types\/product"}],"wp:featuredmedia":[{"embeddable":true,"href":"https:\/\/www.regionalis.shop\/pressmayr\/wp-json\/wp\/v2\/media\/2001"}],"wp:attachment":[{"href":"https:\/\/www.regionalis.shop\/pressmayr\/wp-json\/wp\/v2\/media?parent=1940"}],"wp:term":[{"taxonomy":"product_brand","embeddable":true,"href":"https:\/\/www.regionalis.shop\/pressmayr\/wp-json\/wp\/v2\/product_brand?post=1940"},{"taxonomy":"product_cat","embeddable":true,"href":"https:\/\/www.regionalis.shop\/pressmayr\/wp-json\/wp\/v2\/product_cat?post=1940"},{"taxonomy":"product_tag","embeddable":true,"href":"https:\/\/www.regionalis.shop\/pressmayr\/wp-json\/wp\/v2\/product_tag?post=1940"}],"curies":[{"name":"wp","href":"https:\/\/api.w.org\/{rel}","templated":true}]}}