{"id":1943,"date":"2025-11-20T12:14:18","date_gmt":"2025-11-20T11:14:18","guid":{"rendered":"https:\/\/www.regionalis.shop\/pressmayr\/shop\/laercherl-likoer\/"},"modified":"2025-11-24T10:37:50","modified_gmt":"2025-11-24T09:37:50","slug":"laercherl-likoer","status":"publish","type":"product","link":"https:\/\/www.regionalis.shop\/pressmayr\/shop\/laercherl-likoer\/","title":{"rendered":"L\u00e4rcherl Lik\u00f6r"},"content":{"rendered":"<p>Inhalt: 350ml<\/p>\n<p>Alkoholgehalt: 20,1 %\u00b0 vol.<\/p>\n","protected":false},"excerpt":{"rendered":"<p>F\u00fcr diesen L\u00e4rcherl Lik\u00f6r ernten wir im Juni von unseren eigenen L\u00e4rchenb\u00e4umen junge \u00c4ste mit ihren kleinen, runden Zapfen. Diese werden in gro\u00dfen B\u00fcgelgl\u00e4sern gemeinsam mit Wodka angesetzt und geben in mehreren Wochen Reifezeit ihr harziges, waldiges Aroma ab. Schon allein ein Schnuppern an diesem Lik\u00f6r erweckt angenehme Erinnerungen an frische Waldluft und Berge.<\/p>\n<p>Verwendung: pur oder im Tee, auch in einer Bowle einen Versuch wert!<\/p>\n<p><strong>Unser Spezialtipp f\u00fcr einen besonderen Aperitiv<\/strong>: zwei Stamperl L\u00e4rcherl Lik\u00f6r und einen Schuss <a href=\"https:\/\/www.pressmayr.at\/shop\/wermutino-bitter-sirup\/\" target=\"_blank\" rel=\"noopener\">Wermutino Bitter Sirup<\/a> in ein Sektglas geben, mit Prosecco auff\u00fcllen. Zum Schluss einen Teel\u00f6ffel Preiselbeermarmelade (vorher ev. mit etwas Wasser verfl\u00fcssigen) dazugeben und etwas aufr\u00fchren. Prost!<\/p>\n<p>Da es sich um ein Naturprodukt handelt, kann sich ein Bodensatz bilden. Einfach vor dem Genie\u00dfen kr\u00e4ftig aufsch\u00fctteln!<\/p>\n","protected":false},"featured_media":2000,"template":"","meta":{"_acf_changed":false},"product_brand":[],"product_cat":[89,18],"product_tag":[],"class_list":{"0":"post-1943","1":"product","2":"type-product","3":"status-publish","4":"has-post-thumbnail","6":"product_cat-spirituosen-schnapserl","7":"product_cat-uncategorised","9":"first","10":"instock","11":"taxable","12":"shipping-taxable","13":"purchasable","14":"product-type-simple"},"acf":[],"_links":{"self":[{"href":"https:\/\/www.regionalis.shop\/pressmayr\/wp-json\/wp\/v2\/product\/1943","targetHints":{"allow":["GET"]}}],"collection":[{"href":"https:\/\/www.regionalis.shop\/pressmayr\/wp-json\/wp\/v2\/product"}],"about":[{"href":"https:\/\/www.regionalis.shop\/pressmayr\/wp-json\/wp\/v2\/types\/product"}],"wp:featuredmedia":[{"embeddable":true,"href":"https:\/\/www.regionalis.shop\/pressmayr\/wp-json\/wp\/v2\/media\/2000"}],"wp:attachment":[{"href":"https:\/\/www.regionalis.shop\/pressmayr\/wp-json\/wp\/v2\/media?parent=1943"}],"wp:term":[{"taxonomy":"product_brand","embeddable":true,"href":"https:\/\/www.regionalis.shop\/pressmayr\/wp-json\/wp\/v2\/product_brand?post=1943"},{"taxonomy":"product_cat","embeddable":true,"href":"https:\/\/www.regionalis.shop\/pressmayr\/wp-json\/wp\/v2\/product_cat?post=1943"},{"taxonomy":"product_tag","embeddable":true,"href":"https:\/\/www.regionalis.shop\/pressmayr\/wp-json\/wp\/v2\/product_tag?post=1943"}],"curies":[{"name":"wp","href":"https:\/\/api.w.org\/{rel}","templated":true}]}}