{"id":1946,"date":"2025-11-20T12:14:19","date_gmt":"2025-11-20T11:14:19","guid":{"rendered":"https:\/\/www.regionalis.shop\/pressmayr\/shop\/quitten-likoer\/"},"modified":"2025-11-21T08:12:01","modified_gmt":"2025-11-21T07:12:01","slug":"quitten-likoer","status":"publish","type":"product","link":"https:\/\/www.regionalis.shop\/pressmayr\/shop\/quitten-likoer\/","title":{"rendered":"Quitten Lik\u00f6r"},"content":{"rendered":"<p>Inhalt: 350ml<\/p>\n<p>Alkoholgehalt: 15,8 % vol.<\/p>\n","protected":false},"excerpt":{"rendered":"<p>Die Quitte ist definitiv eine Diva. Schwierig zu behandeln, aber wundervoll auf der B\u00fchne &#8211; bzw. im Glas&#8230; Diese alte, heutzutage fast vergessene, quietschgelbe, Frucht wird im sp\u00e4teren Herbst geerntet, zerkleinert und dampfentsaftet.<\/p>\n<p>Den duftenden Saft veredeln wir mit winterlichen Gew\u00fcrzen und vermischen ihn mit neutralem Wodka, der dem blumigen Eigengeschmack der Quitte den Vortritt l\u00e4\u00dft.<\/p>\n<p>Verwendung: der Quitten Lik\u00f6r schmeckt uns das ganze Jahr \u00fcber entweder kalt zum Kaffeekr\u00e4nzchen, erw\u00e4rmt im Stamperl oder auch im hei\u00dfen Tee. Oder er darf als geschmackliche Abrundung in den\u00a0 Obstsalat &#8211; nur f\u00fcr die Gro\u00dfen nat\u00fcrlich&#8230;<\/p>\n<p>&nbsp;<\/p>\n","protected":false},"featured_media":1616,"template":"","meta":{"_acf_changed":false},"product_brand":[],"product_cat":[89,18],"product_tag":[],"class_list":{"0":"post-1946","1":"product","2":"type-product","3":"status-publish","4":"has-post-thumbnail","6":"product_cat-spirituosen-schnapserl","7":"product_cat-uncategorised","9":"first","10":"instock","11":"taxable","12":"shipping-taxable","13":"purchasable","14":"product-type-simple"},"acf":[],"_links":{"self":[{"href":"https:\/\/www.regionalis.shop\/pressmayr\/wp-json\/wp\/v2\/product\/1946","targetHints":{"allow":["GET"]}}],"collection":[{"href":"https:\/\/www.regionalis.shop\/pressmayr\/wp-json\/wp\/v2\/product"}],"about":[{"href":"https:\/\/www.regionalis.shop\/pressmayr\/wp-json\/wp\/v2\/types\/product"}],"wp:featuredmedia":[{"embeddable":true,"href":"https:\/\/www.regionalis.shop\/pressmayr\/wp-json\/wp\/v2\/media\/1616"}],"wp:attachment":[{"href":"https:\/\/www.regionalis.shop\/pressmayr\/wp-json\/wp\/v2\/media?parent=1946"}],"wp:term":[{"taxonomy":"product_brand","embeddable":true,"href":"https:\/\/www.regionalis.shop\/pressmayr\/wp-json\/wp\/v2\/product_brand?post=1946"},{"taxonomy":"product_cat","embeddable":true,"href":"https:\/\/www.regionalis.shop\/pressmayr\/wp-json\/wp\/v2\/product_cat?post=1946"},{"taxonomy":"product_tag","embeddable":true,"href":"https:\/\/www.regionalis.shop\/pressmayr\/wp-json\/wp\/v2\/product_tag?post=1946"}],"curies":[{"name":"wp","href":"https:\/\/api.w.org\/{rel}","templated":true}]}}