{"id":1949,"date":"2025-11-20T12:14:20","date_gmt":"2025-11-20T11:14:20","guid":{"rendered":"https:\/\/www.regionalis.shop\/pressmayr\/shop\/zwetschken-likoer\/"},"modified":"2025-11-21T08:12:01","modified_gmt":"2025-11-21T07:12:01","slug":"zwetschken-likoer","status":"publish","type":"product","link":"https:\/\/www.regionalis.shop\/pressmayr\/shop\/zwetschken-likoer\/","title":{"rendered":"Zwetschken Lik\u00f6r"},"content":{"rendered":"<p>Vor dem \u00d6ffnen kr\u00e4ftig sch\u00fctteln.<\/p>\n<p>Inhalt: 350ml<\/p>\n<p>Alkoholgehalt: 15 %\u00b0 vol.<\/p>\n","protected":false},"excerpt":{"rendered":"<p>Frisch gepresster Saft aus sehr aromatischen Wildzwetschken (Pflaumen) bildet die Basis f\u00fcr diesen k\u00f6stlichen Lik\u00f6r, der nicht nur in der kalten Jahreszeit mundet!<\/p>\n<p>&nbsp;<\/p>\n","protected":false},"featured_media":1652,"template":"","meta":{"_acf_changed":false},"product_brand":[],"product_cat":[89,18],"product_tag":[],"class_list":{"0":"post-1949","1":"product","2":"type-product","3":"status-publish","4":"has-post-thumbnail","6":"product_cat-spirituosen-schnapserl","7":"product_cat-uncategorised","9":"first","10":"instock","11":"taxable","12":"shipping-taxable","13":"purchasable","14":"product-type-simple"},"acf":[],"_links":{"self":[{"href":"https:\/\/www.regionalis.shop\/pressmayr\/wp-json\/wp\/v2\/product\/1949","targetHints":{"allow":["GET"]}}],"collection":[{"href":"https:\/\/www.regionalis.shop\/pressmayr\/wp-json\/wp\/v2\/product"}],"about":[{"href":"https:\/\/www.regionalis.shop\/pressmayr\/wp-json\/wp\/v2\/types\/product"}],"wp:featuredmedia":[{"embeddable":true,"href":"https:\/\/www.regionalis.shop\/pressmayr\/wp-json\/wp\/v2\/media\/1652"}],"wp:attachment":[{"href":"https:\/\/www.regionalis.shop\/pressmayr\/wp-json\/wp\/v2\/media?parent=1949"}],"wp:term":[{"taxonomy":"product_brand","embeddable":true,"href":"https:\/\/www.regionalis.shop\/pressmayr\/wp-json\/wp\/v2\/product_brand?post=1949"},{"taxonomy":"product_cat","embeddable":true,"href":"https:\/\/www.regionalis.shop\/pressmayr\/wp-json\/wp\/v2\/product_cat?post=1949"},{"taxonomy":"product_tag","embeddable":true,"href":"https:\/\/www.regionalis.shop\/pressmayr\/wp-json\/wp\/v2\/product_tag?post=1949"}],"curies":[{"name":"wp","href":"https:\/\/api.w.org\/{rel}","templated":true}]}}