{"id":1950,"date":"2025-11-20T12:14:20","date_gmt":"2025-11-20T11:14:20","guid":{"rendered":"https:\/\/www.regionalis.shop\/pressmayr\/shop\/honig-likoer\/"},"modified":"2025-11-21T08:21:42","modified_gmt":"2025-11-21T07:21:42","slug":"honig-likoer","status":"publish","type":"product","link":"https:\/\/www.regionalis.shop\/pressmayr\/shop\/honig-likoer\/","title":{"rendered":"Honig Lik\u00f6r"},"content":{"rendered":"<p>Vor dem \u00d6ffnen kr\u00e4ftig sch\u00fctteln.<\/p>\n<p>Zutaten: Honig, Wodka, Gew\u00fcrze.<\/p>\n<p>Inhalt: 350ml<\/p>\n<p>Alkoholgehalt: 19 %\u00b0 vol.<\/p>\n","protected":false},"excerpt":{"rendered":"<p>Seit einigen Jahren stehen zahlreiche Bienenst\u00f6cke des benachbarten Imkers Ulf aus Damreith in unserem terrassierten Naturgarten. Seine Bienen f\u00fchlen sich bei unserem vielf\u00e4ltigen Bl\u00fctenangebot wohl und produzieren reichlich Honig. Aus dem \u00fcbersch\u00fcssigen Deckelwachs stellen wir einen k\u00f6stlichen Lik\u00f6r her, der leichte Ankl\u00e4nge von Gew\u00fcrzen mit Bienenwachsaromen vereint. Unwiderstehlich!<\/p>\n","protected":false},"featured_media":1655,"template":"","meta":{"_acf_changed":false},"product_brand":[],"product_cat":[89],"product_tag":[],"class_list":{"0":"post-1950","1":"product","2":"type-product","3":"status-publish","4":"has-post-thumbnail","6":"product_cat-spirituosen-schnapserl","8":"first","9":"instock","10":"taxable","11":"shipping-taxable","12":"purchasable","13":"product-type-simple"},"acf":[],"_links":{"self":[{"href":"https:\/\/www.regionalis.shop\/pressmayr\/wp-json\/wp\/v2\/product\/1950","targetHints":{"allow":["GET"]}}],"collection":[{"href":"https:\/\/www.regionalis.shop\/pressmayr\/wp-json\/wp\/v2\/product"}],"about":[{"href":"https:\/\/www.regionalis.shop\/pressmayr\/wp-json\/wp\/v2\/types\/product"}],"wp:featuredmedia":[{"embeddable":true,"href":"https:\/\/www.regionalis.shop\/pressmayr\/wp-json\/wp\/v2\/media\/1655"}],"wp:attachment":[{"href":"https:\/\/www.regionalis.shop\/pressmayr\/wp-json\/wp\/v2\/media?parent=1950"}],"wp:term":[{"taxonomy":"product_brand","embeddable":true,"href":"https:\/\/www.regionalis.shop\/pressmayr\/wp-json\/wp\/v2\/product_brand?post=1950"},{"taxonomy":"product_cat","embeddable":true,"href":"https:\/\/www.regionalis.shop\/pressmayr\/wp-json\/wp\/v2\/product_cat?post=1950"},{"taxonomy":"product_tag","embeddable":true,"href":"https:\/\/www.regionalis.shop\/pressmayr\/wp-json\/wp\/v2\/product_tag?post=1950"}],"curies":[{"name":"wp","href":"https:\/\/api.w.org\/{rel}","templated":true}]}}