{"id":1951,"date":"2025-11-20T12:14:20","date_gmt":"2025-11-20T11:14:20","guid":{"rendered":"https:\/\/www.regionalis.shop\/pressmayr\/shop\/holunderblueten-likoer\/"},"modified":"2025-11-21T08:21:10","modified_gmt":"2025-11-21T07:21:10","slug":"holunderblueten-likoer","status":"publish","type":"product","link":"https:\/\/www.regionalis.shop\/pressmayr\/shop\/holunderblueten-likoer\/","title":{"rendered":"Holunderbl\u00fcten Lik\u00f6r"},"content":{"rendered":"<p>Inhalt: 350ml<\/p>\n<p>Alkoholgehalt: 18 %\u00b0 vol.<\/p>\n","protected":false},"excerpt":{"rendered":"<p>Holunderbl\u00fcten sind etwas Wunderbares. Sie sind f\u00fcr mich der verhei\u00dfungsvolle Geruch des Fr\u00fchlings schlechthin. In diesem duftigen Tr\u00f6pfchen verw\u00f6hnt uns der Fr\u00fchling das ganze Jahr \u00fcber. Ob ein Gl\u00e4schen mit lieben G\u00e4sten oder als s\u00fc\u00dfer Abschluss eines Essens in geselliger Runde &#8211; dieser Lik\u00f6r wird allen schmecken!<\/p>\n<p>Da es sich um ein Naturprodukt handelt, kann sich ein Bodensatz bilden. Einfach vor dem Genie\u00dfen kr\u00e4ftig aufsch\u00fctteln!<\/p>\n","protected":false},"featured_media":1995,"template":"","meta":{"_acf_changed":false},"product_brand":[],"product_cat":[89],"product_tag":[],"class_list":{"0":"post-1951","1":"product","2":"type-product","3":"status-publish","4":"has-post-thumbnail","6":"product_cat-spirituosen-schnapserl","8":"first","9":"instock","10":"taxable","11":"shipping-taxable","12":"purchasable","13":"product-type-simple"},"acf":[],"_links":{"self":[{"href":"https:\/\/www.regionalis.shop\/pressmayr\/wp-json\/wp\/v2\/product\/1951","targetHints":{"allow":["GET"]}}],"collection":[{"href":"https:\/\/www.regionalis.shop\/pressmayr\/wp-json\/wp\/v2\/product"}],"about":[{"href":"https:\/\/www.regionalis.shop\/pressmayr\/wp-json\/wp\/v2\/types\/product"}],"wp:featuredmedia":[{"embeddable":true,"href":"https:\/\/www.regionalis.shop\/pressmayr\/wp-json\/wp\/v2\/media\/1995"}],"wp:attachment":[{"href":"https:\/\/www.regionalis.shop\/pressmayr\/wp-json\/wp\/v2\/media?parent=1951"}],"wp:term":[{"taxonomy":"product_brand","embeddable":true,"href":"https:\/\/www.regionalis.shop\/pressmayr\/wp-json\/wp\/v2\/product_brand?post=1951"},{"taxonomy":"product_cat","embeddable":true,"href":"https:\/\/www.regionalis.shop\/pressmayr\/wp-json\/wp\/v2\/product_cat?post=1951"},{"taxonomy":"product_tag","embeddable":true,"href":"https:\/\/www.regionalis.shop\/pressmayr\/wp-json\/wp\/v2\/product_tag?post=1951"}],"curies":[{"name":"wp","href":"https:\/\/api.w.org\/{rel}","templated":true}]}}