{"id":1958,"date":"2025-11-20T12:16:25","date_gmt":"2025-11-20T11:16:25","guid":{"rendered":"https:\/\/www.regionalis.shop\/pressmayr\/shop\/eingelegter-kuerbis-knoblauch-chili\/"},"modified":"2025-11-23T21:18:43","modified_gmt":"2025-11-23T20:18:43","slug":"eingelegter-kuerbis-knoblauch-chili","status":"publish","type":"product","link":"https:\/\/www.regionalis.shop\/pressmayr\/shop\/eingelegter-kuerbis-knoblauch-chili\/","title":{"rendered":"Eingelegter K\u00fcrbis &#8222;Knoblauch &amp; Chili&#8220;"},"content":{"rendered":"<p>Zutaten: K\u00fcrbis, Wei\u00dfweinessig, Wasser, Zucker, Salz, <strong>Senfk\u00f6rner<\/strong>, Knoblauch, Zwiebel, Gew\u00fcrze, Chili<\/p>\n<p>Lichtgesch\u00fctzt lagern. Nach dem \u00d6ffnen im K\u00fchlschrank aufbewahren und bald verbrauchen.<\/p>\n<p>F\u00fcllmenge: 360g<br \/>\nAbtropfgewicht: 210g<\/p>\n","protected":false},"excerpt":{"rendered":"<p>F\u00fcr uns geh\u00f6rt zu einer guten Jause (Brotzeit, Vesper) etwas S\u00e4uerlich-Pikantes, was den anderen K\u00f6stlichkeiten eine gewisse Tiefe verleiht und den Gaumen verw\u00f6hnt. So wird aus jedem schlichten Butterbrot etwas Besonderes. Neben frischem Jausengem\u00fcse steht f\u00fcr uns daher Eingelegtes ganz oben auf der Hitliste, wie z.B. diese Kombination aus cremig-w\u00fcrzigen K\u00fcrbisw\u00fcrfeln, knackigen Zwiebelst\u00fccken, Knoblauch und ein bisschen Chili.<\/p>\n<p>Verwendung: passt zu jeglicher kalter Jause wie Brot, K\u00e4se, Schinken, Aufstriche, usw. K\u00f6stlich aber auch als Beilage zu verschiedenen Speisen wie Reisegerichte, Eierspeisen, Ofengem\u00fcse, etc. Probieren Sie einmal ein Butterbrot mit zerdr\u00fcckten K\u00fcrbisst\u00fcckchen oben drauf.<\/p>\n","protected":false},"featured_media":1665,"template":"","meta":{"_acf_changed":false},"product_brand":[],"product_cat":[126],"product_tag":[],"class_list":{"0":"post-1958","1":"product","2":"type-product","3":"status-publish","4":"has-post-thumbnail","6":"product_cat-eingelegtes-eingemachtes","8":"first","9":"instock","10":"taxable","11":"shipping-taxable","12":"purchasable","13":"product-type-simple"},"acf":[],"_links":{"self":[{"href":"https:\/\/www.regionalis.shop\/pressmayr\/wp-json\/wp\/v2\/product\/1958","targetHints":{"allow":["GET"]}}],"collection":[{"href":"https:\/\/www.regionalis.shop\/pressmayr\/wp-json\/wp\/v2\/product"}],"about":[{"href":"https:\/\/www.regionalis.shop\/pressmayr\/wp-json\/wp\/v2\/types\/product"}],"wp:featuredmedia":[{"embeddable":true,"href":"https:\/\/www.regionalis.shop\/pressmayr\/wp-json\/wp\/v2\/media\/1665"}],"wp:attachment":[{"href":"https:\/\/www.regionalis.shop\/pressmayr\/wp-json\/wp\/v2\/media?parent=1958"}],"wp:term":[{"taxonomy":"product_brand","embeddable":true,"href":"https:\/\/www.regionalis.shop\/pressmayr\/wp-json\/wp\/v2\/product_brand?post=1958"},{"taxonomy":"product_cat","embeddable":true,"href":"https:\/\/www.regionalis.shop\/pressmayr\/wp-json\/wp\/v2\/product_cat?post=1958"},{"taxonomy":"product_tag","embeddable":true,"href":"https:\/\/www.regionalis.shop\/pressmayr\/wp-json\/wp\/v2\/product_tag?post=1958"}],"curies":[{"name":"wp","href":"https:\/\/api.w.org\/{rel}","templated":true}]}}