{"id":1961,"date":"2025-11-20T12:16:26","date_gmt":"2025-11-20T11:16:26","guid":{"rendered":"https:\/\/www.regionalis.shop\/pressmayr\/shop\/zwetschken-birnen-roester\/"},"modified":"2025-11-24T10:36:14","modified_gmt":"2025-11-24T09:36:14","slug":"zwetschken-birnen-roester","status":"publish","type":"product","link":"https:\/\/www.regionalis.shop\/pressmayr\/shop\/zwetschken-birnen-roester\/","title":{"rendered":"Zwetschken-Birnen R\u00f6ster"},"content":{"rendered":"<p>Zutaten: Zwetschken (46%), Birnen (46%), Rohrzucker, Portwein, Rotwein, Zitronensaft, Salz, Orangenschale, Rum, Gew\u00fcrze<\/p>\n<p>Enth\u00e4lt Alkohol.<\/p>\n<p>Lichtgesch\u00fctzt lagern. Nach dem \u00d6ffnen im K\u00fchlschrank aufbewahren und bald verbrauchen.<\/p>\n<p>Inhalt: 350g<\/p>\n","protected":false},"excerpt":{"rendered":"<p>Saftige Zwetschken und fruchtige Birnen werden mit etwas karamellisiertem Rohrzucker und diversen &#8222;geistigen&#8220; Zutaten zu diesem wunderbar aromatischen R\u00f6ster eingekocht.<\/p>\n<p>Verwendung: k\u00f6stlich zu S\u00fc\u00dfspeisen wie Kaiserschmarrn, Grie\u00dfpudding, Topfenkn\u00f6del, etc.<\/p>\n","protected":false},"featured_media":1999,"template":"","meta":{"_acf_changed":false},"product_brand":[],"product_cat":[126],"product_tag":[],"class_list":{"0":"post-1961","1":"product","2":"type-product","3":"status-publish","4":"has-post-thumbnail","6":"product_cat-eingelegtes-eingemachtes","8":"first","9":"instock","10":"taxable","11":"shipping-taxable","12":"purchasable","13":"product-type-simple"},"acf":[],"_links":{"self":[{"href":"https:\/\/www.regionalis.shop\/pressmayr\/wp-json\/wp\/v2\/product\/1961","targetHints":{"allow":["GET"]}}],"collection":[{"href":"https:\/\/www.regionalis.shop\/pressmayr\/wp-json\/wp\/v2\/product"}],"about":[{"href":"https:\/\/www.regionalis.shop\/pressmayr\/wp-json\/wp\/v2\/types\/product"}],"wp:featuredmedia":[{"embeddable":true,"href":"https:\/\/www.regionalis.shop\/pressmayr\/wp-json\/wp\/v2\/media\/1999"}],"wp:attachment":[{"href":"https:\/\/www.regionalis.shop\/pressmayr\/wp-json\/wp\/v2\/media?parent=1961"}],"wp:term":[{"taxonomy":"product_brand","embeddable":true,"href":"https:\/\/www.regionalis.shop\/pressmayr\/wp-json\/wp\/v2\/product_brand?post=1961"},{"taxonomy":"product_cat","embeddable":true,"href":"https:\/\/www.regionalis.shop\/pressmayr\/wp-json\/wp\/v2\/product_cat?post=1961"},{"taxonomy":"product_tag","embeddable":true,"href":"https:\/\/www.regionalis.shop\/pressmayr\/wp-json\/wp\/v2\/product_tag?post=1961"}],"curies":[{"name":"wp","href":"https:\/\/api.w.org\/{rel}","templated":true}]}}