{"id":1985,"date":"2025-11-20T12:23:45","date_gmt":"2025-11-20T11:23:45","guid":{"rendered":"https:\/\/www.regionalis.shop\/pressmayr\/shop\/gluecksbohnen\/"},"modified":"2025-11-21T08:13:12","modified_gmt":"2025-11-21T07:13:12","slug":"gluecksbohnen","status":"publish","type":"product","link":"https:\/\/www.regionalis.shop\/pressmayr\/shop\/gluecksbohnen\/","title":{"rendered":"Gl\u00fccksbohnen"},"content":{"rendered":"<p>Das Gl\u00fcck ist f\u00fcr uns im hektischen Alltag oft unsichtbar.<\/p>\n<p>Die Geschichte vom &#8222;Bauern und den Gl\u00fccksbohnen&#8220; l\u00e4dt zum Nachmachen ein: geben Sie die Gl\u00fccksbohnen in eine Hosentasche und lassen Sie jedes Mal, wenn Sie etwas Sch\u00f6nes erleben, eine Bohne in die andere Hosentasche wandern.<\/p>\n<p>Am Abend erinnern Sie sich dann an die positiven Momente des Tages &#8211; und seien sie noch so klein und &#8222;unbedeutend&#8220; gewesen.<\/p>\n<p>&nbsp;<\/p>\n","protected":false},"excerpt":{"rendered":"<p>Ideal als kleine Aufmerksamkeit f\u00fcr liebe Freunde, als Geburtstagsgeschenk, Mitbringsel, Wichtelgeschenk oder einfach f\u00fcr sich selbst!<\/p>\n<p>Inhalt:<\/p>\n<ul>\n<li>15 Bohnen verschiedener, dekorativer Sorten<\/li>\n<li>T\u00fclls\u00e4ckchen<\/li>\n<li>Karte mit Legende vom Bauern mit den Gl\u00fccksbohnen<\/li>\n<\/ul>\n<p>&nbsp;<\/p>\n","protected":false},"featured_media":1520,"template":"","meta":{"_acf_changed":false},"product_brand":[],"product_cat":[18],"product_tag":[],"class_list":{"0":"post-1985","1":"product","2":"type-product","3":"status-publish","4":"has-post-thumbnail","6":"product_cat-uncategorised","8":"first","9":"instock","10":"taxable","11":"shipping-taxable","12":"purchasable","13":"product-type-simple"},"acf":[],"_links":{"self":[{"href":"https:\/\/www.regionalis.shop\/pressmayr\/wp-json\/wp\/v2\/product\/1985","targetHints":{"allow":["GET"]}}],"collection":[{"href":"https:\/\/www.regionalis.shop\/pressmayr\/wp-json\/wp\/v2\/product"}],"about":[{"href":"https:\/\/www.regionalis.shop\/pressmayr\/wp-json\/wp\/v2\/types\/product"}],"wp:featuredmedia":[{"embeddable":true,"href":"https:\/\/www.regionalis.shop\/pressmayr\/wp-json\/wp\/v2\/media\/1520"}],"wp:attachment":[{"href":"https:\/\/www.regionalis.shop\/pressmayr\/wp-json\/wp\/v2\/media?parent=1985"}],"wp:term":[{"taxonomy":"product_brand","embeddable":true,"href":"https:\/\/www.regionalis.shop\/pressmayr\/wp-json\/wp\/v2\/product_brand?post=1985"},{"taxonomy":"product_cat","embeddable":true,"href":"https:\/\/www.regionalis.shop\/pressmayr\/wp-json\/wp\/v2\/product_cat?post=1985"},{"taxonomy":"product_tag","embeddable":true,"href":"https:\/\/www.regionalis.shop\/pressmayr\/wp-json\/wp\/v2\/product_tag?post=1985"}],"curies":[{"name":"wp","href":"https:\/\/api.w.org\/{rel}","templated":true}]}}