{"id":1990,"date":"2025-11-20T12:23:47","date_gmt":"2025-11-20T11:23:47","guid":{"rendered":"https:\/\/www.regionalis.shop\/pressmayr\/shop\/das-kleine-geschenkpaket\/"},"modified":"2025-11-21T08:12:40","modified_gmt":"2025-11-21T07:12:40","slug":"das-kleine-geschenkpaket","status":"publish","type":"product","link":"https:\/\/www.regionalis.shop\/pressmayr\/shop\/das-kleine-geschenkpaket\/","title":{"rendered":"&#8222;Das Kleine&#8220; Geschenkpaket"},"content":{"rendered":"","protected":false},"excerpt":{"rendered":"<p>Sie suchen ein nettes, kleines Mitbringsel f\u00fcr Genie\u00dferinnen und Genie\u00dfer?<\/p>\n<p>Dann stellen Sie hier Ihre Lieblingskombination aus zwei Produkten Ihrer Wahl zusammen.<\/p>\n<p>Wir verpacken das gew\u00e4hlte Duo dann in ein h\u00fcbsches Cellophans\u00e4ckchen.<\/p>\n","protected":false},"featured_media":1667,"template":"","meta":{"_acf_changed":false},"product_brand":[],"product_cat":[86],"product_tag":[],"class_list":{"0":"post-1990","1":"product","2":"type-product","3":"status-publish","4":"has-post-thumbnail","6":"product_cat-sonstiges-schmankerl-kulinarik","8":"first","9":"instock","10":"taxable","11":"shipping-taxable","12":"purchasable","13":"product-type-simple"},"acf":[],"_links":{"self":[{"href":"https:\/\/www.regionalis.shop\/pressmayr\/wp-json\/wp\/v2\/product\/1990","targetHints":{"allow":["GET"]}}],"collection":[{"href":"https:\/\/www.regionalis.shop\/pressmayr\/wp-json\/wp\/v2\/product"}],"about":[{"href":"https:\/\/www.regionalis.shop\/pressmayr\/wp-json\/wp\/v2\/types\/product"}],"wp:featuredmedia":[{"embeddable":true,"href":"https:\/\/www.regionalis.shop\/pressmayr\/wp-json\/wp\/v2\/media\/1667"}],"wp:attachment":[{"href":"https:\/\/www.regionalis.shop\/pressmayr\/wp-json\/wp\/v2\/media?parent=1990"}],"wp:term":[{"taxonomy":"product_brand","embeddable":true,"href":"https:\/\/www.regionalis.shop\/pressmayr\/wp-json\/wp\/v2\/product_brand?post=1990"},{"taxonomy":"product_cat","embeddable":true,"href":"https:\/\/www.regionalis.shop\/pressmayr\/wp-json\/wp\/v2\/product_cat?post=1990"},{"taxonomy":"product_tag","embeddable":true,"href":"https:\/\/www.regionalis.shop\/pressmayr\/wp-json\/wp\/v2\/product_tag?post=1990"}],"curies":[{"name":"wp","href":"https:\/\/api.w.org\/{rel}","templated":true}]}}