{"id":862,"date":"2025-05-24T13:44:06","date_gmt":"2025-05-24T11:44:06","guid":{"rendered":"https:\/\/starter.stage.shop-it.at\/?page_id=862"},"modified":"2025-10-23T15:21:37","modified_gmt":"2025-10-23T13:21:37","slug":"startseite","status":"publish","type":"page","link":"https:\/\/www.regionalis.shop\/rainwows-by-teresa-kutlesa\/","title":{"rendered":"Startseite"},"content":{"rendered":"<section>\n        <div class=\"header-image\">\n            <img decoding=\"async\" src=\"https:\/\/www.regionalis.shop\/app\/uploads\/sites\/490\/2450_2023_05_10_13_29_00_114519555.jpg\" alt=\"\">\n        <\/div>\n    \n    <\/section>\n    <section>\n    <div class=\"header-title\">\n        <h1 class=\"h2\">Willkommen bei RainWows by Teresa Kutlesa<\/h1>\n    <\/div>\n            <h2 class=\"h3\">Handgemacht in Wien<\/h2>\n                <p>Bei mir gibt es fr\u00f6hlich-freche und bunte Regenb\u00f6gen, Einh\u00f6rner, Armb\u00e4nder und vieles mehr- auf Wunsch auch individuell f\u00fcr Dich zusammen gestellt.<br \/>\nOb als Geschenk zur Geburt oder als liebevolle Geste, meine RainWows Produkte bringen Freude in jedes (Kinder)Zimmer und in gro\u00dfe und kleine Herzen.<\/p>\n<p>Viel Freude beim St\u00f6bern!<br \/>\nDeine Teresa<\/p>\n\n    \n    <h3>Produkte<\/h3>\n\n    <div class=\"woocommerce columns-3 \"><ul class=\"products columns-3\">\n<li class=\"product type-product post-1127 status-publish first instock product_cat-uncategorised taxable shipping-taxable purchasable product-type-simple\">\n\t<a href=\"https:\/\/www.regionalis.shop\/rainwows-by-teresa-kutlesa\/shop\/nikolosackerl\/\" class=\"woocommerce-LoopProduct-link woocommerce-loop-product__link\"><div class=\"wc-block-grid__product-image\"><img loading=\"lazy\" decoding=\"async\" width=\"1024\" height=\"1024\" src=\"https:\/\/www.regionalis.shop\/app\/uploads\/sites\/490\/woocommerce-placeholder-1024x1024.webp\" class=\"woocommerce-placeholder wp-post-image\" alt=\"Platzhalter\" srcset=\"https:\/\/www.regionalis.shop\/app\/uploads\/sites\/490\/woocommerce-placeholder-1024x1024.webp 1024w, https:\/\/www.regionalis.shop\/app\/uploads\/sites\/490\/woocommerce-placeholder-300x300.webp 300w, https:\/\/www.regionalis.shop\/app\/uploads\/sites\/490\/woocommerce-placeholder-150x150.webp 150w, https:\/\/www.regionalis.shop\/app\/uploads\/sites\/490\/woocommerce-placeholder-768x768.webp 768w, https:\/\/www.regionalis.shop\/app\/uploads\/sites\/490\/woocommerce-placeholder.webp 1200w\" sizes=\"auto, (max-width: 1024px) 100vw, 1024px\" \/><\/div><h2 class=\"woocommerce-loop-product__title\">Nikolosackerl<\/h2>\n\t<span class=\"price\"><span class=\"woocommerce-Price-amount amount\"><bdi>14,90&nbsp;<span class=\"woocommerce-Price-currencySymbol\">&euro;<\/span><\/bdi><\/span><\/span>\n<\/a><\/li>\n<li class=\"product type-product post-1052 status-publish instock product_cat-armbaender product_cat-schmuck has-post-thumbnail purchasable product-type-simple\">\n\t<a href=\"https:\/\/www.regionalis.shop\/rainwows-by-teresa-kutlesa\/shop\/armband-initialen\/\" class=\"woocommerce-LoopProduct-link woocommerce-loop-product__link\"><div class=\"wc-block-grid__product-image\"><img loading=\"lazy\" decoding=\"async\" width=\"1024\" height=\"1024\" src=\"https:\/\/www.regionalis.shop\/app\/uploads\/sites\/490\/2450_2023_04_25_09_52_48_853213289.jpeg\" class=\"attachment-large size-large\" alt=\"Armband Initialen\" srcset=\"https:\/\/www.regionalis.shop\/app\/uploads\/sites\/490\/2450_2023_04_25_09_52_48_853213289.jpeg 1024w, https:\/\/www.regionalis.shop\/app\/uploads\/sites\/490\/2450_2023_04_25_09_52_48_853213289-300x300.jpeg 300w, https:\/\/www.regionalis.shop\/app\/uploads\/sites\/490\/2450_2023_04_25_09_52_48_853213289-150x150.jpeg 150w, https:\/\/www.regionalis.shop\/app\/uploads\/sites\/490\/2450_2023_04_25_09_52_48_853213289-768x768.jpeg 768w, https:\/\/www.regionalis.shop\/app\/uploads\/sites\/490\/2450_2023_04_25_09_52_48_853213289-600x600.jpeg 600w, https:\/\/www.regionalis.shop\/app\/uploads\/sites\/490\/2450_2023_04_25_09_52_48_853213289-100x100.jpeg 100w\" sizes=\"auto, (max-width: 1024px) 100vw, 1024px\" \/><\/div><h2 class=\"woocommerce-loop-product__title\">Armband Initialen<\/h2>\n\t<span class=\"price\"><span class=\"woocommerce-Price-amount amount\"><bdi>6,50&nbsp;<span class=\"woocommerce-Price-currencySymbol\">&euro;<\/span><\/bdi><\/span><\/span>\n<\/a><\/li>\n<li class=\"product type-product post-1063 status-publish last instock product_cat-baby-kinder product_cat-kinderzimmer has-post-thumbnail purchasable product-type-simple\">\n\t<a href=\"https:\/\/www.regionalis.shop\/rainwows-by-teresa-kutlesa\/shop\/rainwow-stickrahmen-unser-kleines-wunder\/\" class=\"woocommerce-LoopProduct-link woocommerce-loop-product__link\"><div class=\"wc-block-grid__product-image\"><img loading=\"lazy\" decoding=\"async\" width=\"1024\" height=\"1024\" src=\"https:\/\/www.regionalis.shop\/app\/uploads\/sites\/490\/2450_2023_04_21_18_31_02_784164225.jpeg\" class=\"attachment-large size-large\" alt=\"RainWow Stickrahmen \u201eUnser kleines Wunder\u201c\" srcset=\"https:\/\/www.regionalis.shop\/app\/uploads\/sites\/490\/2450_2023_04_21_18_31_02_784164225.jpeg 1024w, https:\/\/www.regionalis.shop\/app\/uploads\/sites\/490\/2450_2023_04_21_18_31_02_784164225-300x300.jpeg 300w, https:\/\/www.regionalis.shop\/app\/uploads\/sites\/490\/2450_2023_04_21_18_31_02_784164225-150x150.jpeg 150w, https:\/\/www.regionalis.shop\/app\/uploads\/sites\/490\/2450_2023_04_21_18_31_02_784164225-768x768.jpeg 768w, https:\/\/www.regionalis.shop\/app\/uploads\/sites\/490\/2450_2023_04_21_18_31_02_784164225-600x600.jpeg 600w, https:\/\/www.regionalis.shop\/app\/uploads\/sites\/490\/2450_2023_04_21_18_31_02_784164225-100x100.jpeg 100w\" sizes=\"auto, (max-width: 1024px) 100vw, 1024px\" \/><\/div><h2 class=\"woocommerce-loop-product__title\">RainWow Stickrahmen \u201eUnser kleines Wunder\u201c<\/h2>\n\t<span class=\"price\"><span class=\"woocommerce-Price-amount amount\"><bdi>27,90&nbsp;<span class=\"woocommerce-Price-currencySymbol\">&euro;<\/span><\/bdi><\/span><\/span>\n<\/a><\/li>\n<\/ul>\n<\/div>\n    <p>\n        <a href=\"https:\/\/www.regionalis.shop\/rainwows-by-teresa-kutlesa\/shop\/\" class=\"btn btn-primary btn-icon-right\">\n            Alle Produkte <i class=\"bi bi-arrow-right-short\"><\/i>\n        <\/a>\n    <\/p>\n<\/section>\n\n<div data-block-name=\"woocommerce\/store-notices\" class=\"wc-block-store-notices woocommerce alignwide alignwide wp-block-woocommerce-store-notices\"><div class=\"woocommerce-notices-wrapper\"><\/div><\/div>","protected":false},"excerpt":{"rendered":"","protected":false},"author":1,"featured_media":0,"parent":0,"menu_order":0,"comment_status":"closed","ping_status":"closed","template":"template-home.blade.php","meta":{"_acf_changed":false,"footnotes":""},"class_list":["post-862","page","type-page","status-publish","hentry"],"acf":[],"_links":{"self":[{"href":"https:\/\/www.regionalis.shop\/rainwows-by-teresa-kutlesa\/wp-json\/wp\/v2\/pages\/862","targetHints":{"allow":["GET"]}}],"collection":[{"href":"https:\/\/www.regionalis.shop\/rainwows-by-teresa-kutlesa\/wp-json\/wp\/v2\/pages"}],"about":[{"href":"https:\/\/www.regionalis.shop\/rainwows-by-teresa-kutlesa\/wp-json\/wp\/v2\/types\/page"}],"author":[{"embeddable":true,"href":"https:\/\/www.regionalis.shop\/rainwows-by-teresa-kutlesa\/wp-json\/wp\/v2\/users\/1"}],"replies":[{"embeddable":true,"href":"https:\/\/www.regionalis.shop\/rainwows-by-teresa-kutlesa\/wp-json\/wp\/v2\/comments?post=862"}],"version-history":[{"count":29,"href":"https:\/\/www.regionalis.shop\/rainwows-by-teresa-kutlesa\/wp-json\/wp\/v2\/pages\/862\/revisions"}],"predecessor-version":[{"id":1128,"href":"https:\/\/www.regionalis.shop\/rainwows-by-teresa-kutlesa\/wp-json\/wp\/v2\/pages\/862\/revisions\/1128"}],"wp:attachment":[{"href":"https:\/\/www.regionalis.shop\/rainwows-by-teresa-kutlesa\/wp-json\/wp\/v2\/media?parent=862"}],"curies":[{"name":"wp","href":"https:\/\/api.w.org\/{rel}","templated":true}]}}