{"id":1052,"date":"2025-04-18T10:52:43","date_gmt":"2025-04-18T08:52:43","guid":{"rendered":"https:\/\/www.regionalis.shop\/rainwows-by-teresa-kutlesa\/product\/armband-initialen\/"},"modified":"2025-04-18T10:52:43","modified_gmt":"2025-04-18T08:52:43","slug":"armband-initialen","status":"publish","type":"product","link":"https:\/\/www.regionalis.shop\/rainwows-by-teresa-kutlesa\/shop\/armband-initialen\/","title":{"rendered":"Armband Initialen"},"content":{"rendered":"<p>Ob als kleines Mitbringsel, Geschenk oder als Geburtstagsparty-Giveaway, diese bunten Armb\u00e4nder machen Freude und bringen (Kinder-) Augen zum Strahlen.<\/p>\n<p>Verf\u00fcgbare Farben der Perlen:<\/p>\n<p>&#8211; Rosa<br \/>\n&#8211; Hellgrau<br \/>\n&#8211; Limettengr\u00fcn<br \/>\n&#8211; Hellorange<br \/>\n&#8211; Koralle<br \/>\n&#8211; T\u00fcrkisblau<\/p>\n<p>Verf\u00fcgbare Quasten:<br \/>\n&#8211; Rosa<br \/>\n&#8211; Fuchsia<br \/>\n&#8211; Hellblau<br \/>\n&#8211; T\u00fcrkis<br \/>\n&#8211; Creme<br \/>\n&#8211; Neongelb<br \/>\n&#8211; Neonpink<\/p>\n<p>Farbe der Sterne:<\/p>\n<p>&#8211; Rosa<br \/>\n&#8211; Hellblau<br \/>\n&#8211; Creme<br \/>\n&#8211; Lila<br \/>\n&#8211; Hellgelb<br \/>\n&#8211; Neongr\u00fcn<\/p>\n<p>Farben der Buchstaben:<br \/>\n&#8211; Hellblau<br \/>\n&#8211; T\u00fcrkis<br \/>\n&#8211; Hellgelb<br \/>\n&#8211; Koralle<br \/>\n&#8211; Lila<br \/>\n&#8211; Dunkellila<br \/>\n&#8211; Rosa<\/p>\n<p>Viel Freude beim Mix &#038; Match &#8211; schreibt mir was ihr euch vorstellt und ich leg es euch gerne zusammen<\/p>\n","protected":false},"excerpt":{"rendered":"<p>Ob als kleines Mitbringsel, Geschenk oder als Geburtstagsparty-Giveaway, diese bunten Armb\u00e4nder machen Freude und bringen (Kinder-) Augen zum Strahlen. Verf\u00fcgbare Farben der Perlen: &#8211; Rosa &#8211; Hellgrau &#8211; Limettengr\u00fcn &#8211; Hellorange &#8211; Koralle &#8211; T\u00fcrkisblau Verf\u00fcgbare Quasten: &#8211; Rosa &#8211; Fuchsia &#8211; Hellblau &#8211; T\u00fcrkis &#8211; Creme &#8211; Neongelb &#8211; Neonpink Farbe der Sterne: &#8211; &hellip; <a href=\"https:\/\/www.regionalis.shop\/rainwows-by-teresa-kutlesa\/shop\/armband-initialen\/\">Continued<\/a><\/p>\n","protected":false},"featured_media":1053,"template":"","meta":{"_acf_changed":false},"product_brand":[],"product_cat":[110,70],"product_tag":[],"class_list":{"0":"post-1052","1":"product","2":"type-product","3":"status-publish","4":"has-post-thumbnail","6":"product_cat-armbaender","7":"product_cat-schmuck","9":"first","10":"instock","11":"purchasable","12":"product-type-simple"},"acf":[],"_links":{"self":[{"href":"https:\/\/www.regionalis.shop\/rainwows-by-teresa-kutlesa\/wp-json\/wp\/v2\/product\/1052","targetHints":{"allow":["GET"]}}],"collection":[{"href":"https:\/\/www.regionalis.shop\/rainwows-by-teresa-kutlesa\/wp-json\/wp\/v2\/product"}],"about":[{"href":"https:\/\/www.regionalis.shop\/rainwows-by-teresa-kutlesa\/wp-json\/wp\/v2\/types\/product"}],"wp:featuredmedia":[{"embeddable":true,"href":"https:\/\/www.regionalis.shop\/rainwows-by-teresa-kutlesa\/wp-json\/wp\/v2\/media\/1053"}],"wp:attachment":[{"href":"https:\/\/www.regionalis.shop\/rainwows-by-teresa-kutlesa\/wp-json\/wp\/v2\/media?parent=1052"}],"wp:term":[{"taxonomy":"product_brand","embeddable":true,"href":"https:\/\/www.regionalis.shop\/rainwows-by-teresa-kutlesa\/wp-json\/wp\/v2\/product_brand?post=1052"},{"taxonomy":"product_cat","embeddable":true,"href":"https:\/\/www.regionalis.shop\/rainwows-by-teresa-kutlesa\/wp-json\/wp\/v2\/product_cat?post=1052"},{"taxonomy":"product_tag","embeddable":true,"href":"https:\/\/www.regionalis.shop\/rainwows-by-teresa-kutlesa\/wp-json\/wp\/v2\/product_tag?post=1052"}],"curies":[{"name":"wp","href":"https:\/\/api.w.org\/{rel}","templated":true}]}}