{"id":1058,"date":"2025-04-18T10:49:18","date_gmt":"2025-04-18T08:49:18","guid":{"rendered":"https:\/\/www.regionalis.shop\/rainwows-by-teresa-kutlesa\/product\/armband-schulkind\/"},"modified":"2025-04-18T10:49:18","modified_gmt":"2025-04-18T08:49:18","slug":"armband-schulkind","status":"publish","type":"product","link":"https:\/\/www.regionalis.shop\/rainwows-by-teresa-kutlesa\/shop\/armband-schulkind\/","title":{"rendered":"Armband Schulkind"},"content":{"rendered":"<p>Du hast ein Schulkind und suchst noch eine Kleinigkeit f\u00fcr die Schult\u00fcte? Dann bist du bei mir richtig- gerne personalisiere ich dir das Armband deines Schatzes! <\/p>\n<p>Mein Gro\u00dfer kommt n\u00e4chstes Jahr in die Schule und freut sich jetzt schon auf sein Armband (\u201eMama, aber es wird schon sehr bunt, oder?\u201c).\ufe0f<\/p>\n","protected":false},"excerpt":{"rendered":"<p>Du hast ein Schulkind und suchst noch eine Kleinigkeit f\u00fcr die Schult\u00fcte? Dann bist du bei mir richtig- gerne personalisiere ich dir das Armband deines Schatzes! Mein Gro\u00dfer kommt n\u00e4chstes Jahr in die Schule und freut sich jetzt schon auf sein Armband (\u201eMama, aber es wird schon sehr bunt, oder?\u201c).\ufe0f<\/p>\n","protected":false},"featured_media":1059,"template":"","meta":{"_acf_changed":false},"product_brand":[],"product_cat":[110,70],"product_tag":[],"class_list":{"0":"post-1058","1":"product","2":"type-product","3":"status-publish","4":"has-post-thumbnail","6":"product_cat-armbaender","7":"product_cat-schmuck","9":"first","10":"instock","11":"purchasable","12":"product-type-simple"},"acf":[],"_links":{"self":[{"href":"https:\/\/www.regionalis.shop\/rainwows-by-teresa-kutlesa\/wp-json\/wp\/v2\/product\/1058","targetHints":{"allow":["GET"]}}],"collection":[{"href":"https:\/\/www.regionalis.shop\/rainwows-by-teresa-kutlesa\/wp-json\/wp\/v2\/product"}],"about":[{"href":"https:\/\/www.regionalis.shop\/rainwows-by-teresa-kutlesa\/wp-json\/wp\/v2\/types\/product"}],"wp:featuredmedia":[{"embeddable":true,"href":"https:\/\/www.regionalis.shop\/rainwows-by-teresa-kutlesa\/wp-json\/wp\/v2\/media\/1059"}],"wp:attachment":[{"href":"https:\/\/www.regionalis.shop\/rainwows-by-teresa-kutlesa\/wp-json\/wp\/v2\/media?parent=1058"}],"wp:term":[{"taxonomy":"product_brand","embeddable":true,"href":"https:\/\/www.regionalis.shop\/rainwows-by-teresa-kutlesa\/wp-json\/wp\/v2\/product_brand?post=1058"},{"taxonomy":"product_cat","embeddable":true,"href":"https:\/\/www.regionalis.shop\/rainwows-by-teresa-kutlesa\/wp-json\/wp\/v2\/product_cat?post=1058"},{"taxonomy":"product_tag","embeddable":true,"href":"https:\/\/www.regionalis.shop\/rainwows-by-teresa-kutlesa\/wp-json\/wp\/v2\/product_tag?post=1058"}],"curies":[{"name":"wp","href":"https:\/\/api.w.org\/{rel}","templated":true}]}}