{"id":1061,"date":"2025-04-18T10:49:18","date_gmt":"2025-04-18T08:49:18","guid":{"rendered":"https:\/\/www.regionalis.shop\/rainwows-by-teresa-kutlesa\/product\/flower-floofs-blumige-wanddeko\/"},"modified":"2025-04-18T10:49:18","modified_gmt":"2025-04-18T08:49:18","slug":"flower-floofs-blumige-wanddeko","status":"publish","type":"product","link":"https:\/\/www.regionalis.shop\/rainwows-by-teresa-kutlesa\/shop\/flower-floofs-blumige-wanddeko\/","title":{"rendered":"Flower Floofs &#8211; blumige Wanddeko"},"content":{"rendered":"<p>Flower Floofs versch\u00f6nern jedes Kinderzimmer, liebevoll flauschig-blumige Wanddeko f\u00fcr Klein und Gro\u00df.<\/p>\n<p>Gerne mache ich euch auf Absprache personalisierte Flower Floofs.<\/p>\n","protected":false},"excerpt":{"rendered":"<p>Flower Floofs versch\u00f6nern jedes Kinderzimmer, liebevoll flauschig-blumige Wanddeko f\u00fcr Klein und Gro\u00df. Gerne mache ich euch auf Absprache personalisierte Flower Floofs.<\/p>\n","protected":false},"featured_media":1062,"template":"","meta":{"_acf_changed":false},"product_brand":[],"product_cat":[174,103],"product_tag":[],"class_list":{"0":"post-1061","1":"product","2":"type-product","3":"status-publish","4":"has-post-thumbnail","6":"product_cat-wohndekoration","7":"product_cat-wohnen-deko","9":"first","10":"instock","11":"purchasable","12":"product-type-simple"},"acf":[],"_links":{"self":[{"href":"https:\/\/www.regionalis.shop\/rainwows-by-teresa-kutlesa\/wp-json\/wp\/v2\/product\/1061","targetHints":{"allow":["GET"]}}],"collection":[{"href":"https:\/\/www.regionalis.shop\/rainwows-by-teresa-kutlesa\/wp-json\/wp\/v2\/product"}],"about":[{"href":"https:\/\/www.regionalis.shop\/rainwows-by-teresa-kutlesa\/wp-json\/wp\/v2\/types\/product"}],"wp:featuredmedia":[{"embeddable":true,"href":"https:\/\/www.regionalis.shop\/rainwows-by-teresa-kutlesa\/wp-json\/wp\/v2\/media\/1062"}],"wp:attachment":[{"href":"https:\/\/www.regionalis.shop\/rainwows-by-teresa-kutlesa\/wp-json\/wp\/v2\/media?parent=1061"}],"wp:term":[{"taxonomy":"product_brand","embeddable":true,"href":"https:\/\/www.regionalis.shop\/rainwows-by-teresa-kutlesa\/wp-json\/wp\/v2\/product_brand?post=1061"},{"taxonomy":"product_cat","embeddable":true,"href":"https:\/\/www.regionalis.shop\/rainwows-by-teresa-kutlesa\/wp-json\/wp\/v2\/product_cat?post=1061"},{"taxonomy":"product_tag","embeddable":true,"href":"https:\/\/www.regionalis.shop\/rainwows-by-teresa-kutlesa\/wp-json\/wp\/v2\/product_tag?post=1061"}],"curies":[{"name":"wp","href":"https:\/\/api.w.org\/{rel}","templated":true}]}}