{"id":1063,"date":"2025-04-18T10:49:18","date_gmt":"2025-04-18T08:49:18","guid":{"rendered":"https:\/\/www.regionalis.shop\/rainwows-by-teresa-kutlesa\/product\/rainwow-stickrahmen-unser-kleines-wunder\/"},"modified":"2025-04-18T10:49:18","modified_gmt":"2025-04-18T08:49:18","slug":"rainwow-stickrahmen-unser-kleines-wunder","status":"publish","type":"product","link":"https:\/\/www.regionalis.shop\/rainwows-by-teresa-kutlesa\/shop\/rainwow-stickrahmen-unser-kleines-wunder\/","title":{"rendered":"RainWow Stickrahmen \u201eUnser kleines Wunder\u201c"},"content":{"rendered":"<p>Dieser wundersch\u00f6ne Stickrahmen ist das perfekte Geschenk- ob zur Geburt oder f\u00fcrs eigene Kinderzimmer, bringt er Freude an die W\u00e4nde.<\/p>\n","protected":false},"excerpt":{"rendered":"<p>Dieser wundersch\u00f6ne Stickrahmen ist das perfekte Geschenk- ob zur Geburt oder f\u00fcrs eigene Kinderzimmer, bringt er Freude an die W\u00e4nde.<\/p>\n","protected":false},"featured_media":1064,"template":"","meta":{"_acf_changed":false},"product_brand":[],"product_cat":[38,50],"product_tag":[],"class_list":{"0":"post-1063","1":"product","2":"type-product","3":"status-publish","4":"has-post-thumbnail","6":"product_cat-baby-kinder","7":"product_cat-kinderzimmer","9":"first","10":"instock","11":"purchasable","12":"product-type-simple"},"acf":[],"_links":{"self":[{"href":"https:\/\/www.regionalis.shop\/rainwows-by-teresa-kutlesa\/wp-json\/wp\/v2\/product\/1063","targetHints":{"allow":["GET"]}}],"collection":[{"href":"https:\/\/www.regionalis.shop\/rainwows-by-teresa-kutlesa\/wp-json\/wp\/v2\/product"}],"about":[{"href":"https:\/\/www.regionalis.shop\/rainwows-by-teresa-kutlesa\/wp-json\/wp\/v2\/types\/product"}],"wp:featuredmedia":[{"embeddable":true,"href":"https:\/\/www.regionalis.shop\/rainwows-by-teresa-kutlesa\/wp-json\/wp\/v2\/media\/1064"}],"wp:attachment":[{"href":"https:\/\/www.regionalis.shop\/rainwows-by-teresa-kutlesa\/wp-json\/wp\/v2\/media?parent=1063"}],"wp:term":[{"taxonomy":"product_brand","embeddable":true,"href":"https:\/\/www.regionalis.shop\/rainwows-by-teresa-kutlesa\/wp-json\/wp\/v2\/product_brand?post=1063"},{"taxonomy":"product_cat","embeddable":true,"href":"https:\/\/www.regionalis.shop\/rainwows-by-teresa-kutlesa\/wp-json\/wp\/v2\/product_cat?post=1063"},{"taxonomy":"product_tag","embeddable":true,"href":"https:\/\/www.regionalis.shop\/rainwows-by-teresa-kutlesa\/wp-json\/wp\/v2\/product_tag?post=1063"}],"curies":[{"name":"wp","href":"https:\/\/api.w.org\/{rel}","templated":true}]}}