{"id":1086,"date":"2025-04-18T08:23:16","date_gmt":"2025-04-18T06:23:16","guid":{"rendered":"https:\/\/www.regionalis.shop\/rainwows-by-teresa-kutlesa\/product\/armband-schutzengerl\/"},"modified":"2025-04-18T08:23:16","modified_gmt":"2025-04-18T06:23:16","slug":"armband-schutzengerl","status":"publish","type":"product","link":"https:\/\/www.regionalis.shop\/rainwows-by-teresa-kutlesa\/shop\/armband-schutzengerl\/","title":{"rendered":"Armband Schutzengerl"},"content":{"rendered":"<p>Dieses zarte Armband gibt es limitiert mit 5 verschiedenen Band-Farben:<\/p>\n<p> Beige<br \/>\n Camel<br \/>\n Olive<br \/>\n Graubblau<br \/>\n Petrol<br \/>\n Pink<br \/>\n Babyblau<\/p>\n<p>Bitte schreib mir, welche Gr\u00f6\u00dfe es sein darf- ob f\u00fcr Kinder oder Erwachsene, dadurch werden die Bandeln, die durch einen Schiebeknoten zu schlie\u00dfen sind, ein wenig k\u00fcrzer.<br \/>\nMit dem Schiebeknoten passt es f\u00fcr jedes Handgelenk!<\/p>\n","protected":false},"excerpt":{"rendered":"<p>Dieses zarte Armband gibt es limitiert mit 5 verschiedenen Band-Farben: Beige Camel Olive Graubblau Petrol Pink Babyblau Bitte schreib mir, welche Gr\u00f6\u00dfe es sein darf- ob f\u00fcr Kinder oder Erwachsene, dadurch werden die Bandeln, die durch einen Schiebeknoten zu schlie\u00dfen sind, ein wenig k\u00fcrzer. Mit dem Schiebeknoten passt es f\u00fcr jedes Handgelenk!<\/p>\n","protected":false},"featured_media":1087,"template":"","meta":{"_acf_changed":false},"product_brand":[],"product_cat":[110,70],"product_tag":[],"class_list":{"0":"post-1086","1":"product","2":"type-product","3":"status-publish","4":"has-post-thumbnail","6":"product_cat-armbaender","7":"product_cat-schmuck","9":"first","10":"instock","11":"purchasable","12":"product-type-simple"},"acf":[],"_links":{"self":[{"href":"https:\/\/www.regionalis.shop\/rainwows-by-teresa-kutlesa\/wp-json\/wp\/v2\/product\/1086","targetHints":{"allow":["GET"]}}],"collection":[{"href":"https:\/\/www.regionalis.shop\/rainwows-by-teresa-kutlesa\/wp-json\/wp\/v2\/product"}],"about":[{"href":"https:\/\/www.regionalis.shop\/rainwows-by-teresa-kutlesa\/wp-json\/wp\/v2\/types\/product"}],"wp:featuredmedia":[{"embeddable":true,"href":"https:\/\/www.regionalis.shop\/rainwows-by-teresa-kutlesa\/wp-json\/wp\/v2\/media\/1087"}],"wp:attachment":[{"href":"https:\/\/www.regionalis.shop\/rainwows-by-teresa-kutlesa\/wp-json\/wp\/v2\/media?parent=1086"}],"wp:term":[{"taxonomy":"product_brand","embeddable":true,"href":"https:\/\/www.regionalis.shop\/rainwows-by-teresa-kutlesa\/wp-json\/wp\/v2\/product_brand?post=1086"},{"taxonomy":"product_cat","embeddable":true,"href":"https:\/\/www.regionalis.shop\/rainwows-by-teresa-kutlesa\/wp-json\/wp\/v2\/product_cat?post=1086"},{"taxonomy":"product_tag","embeddable":true,"href":"https:\/\/www.regionalis.shop\/rainwows-by-teresa-kutlesa\/wp-json\/wp\/v2\/product_tag?post=1086"}],"curies":[{"name":"wp","href":"https:\/\/api.w.org\/{rel}","templated":true}]}}