{"id":1117,"date":"2025-04-18T07:03:58","date_gmt":"2025-04-18T05:03:58","guid":{"rendered":"https:\/\/www.regionalis.shop\/rainwows-by-teresa-kutlesa\/product\/rainwow-wassermelonen-schluesselanhaenger\/"},"modified":"2025-10-30T17:16:10","modified_gmt":"2025-10-30T16:16:10","slug":"rainwow-wassermelonen-schluesselanhaenger","status":"publish","type":"product","link":"https:\/\/www.regionalis.shop\/rainwows-by-teresa-kutlesa\/shop\/rainwow-wassermelonen-schluesselanhaenger\/","title":{"rendered":"RainWow Wassermelonen Schl\u00fcsselanh\u00e4nger"},"content":{"rendered":"<p>Herrlich fruchtig, wird dieser Anh\u00e4nger zum Hingucker, egal ob als Accessoire f\u00fcr die Handtasche oder als Schl\u00fcsselanh\u00e4nger- auch hervorragend als Geschenk geeignet.<\/p>\n","protected":false},"excerpt":{"rendered":"<p>Herrlich fruchtig, wird dieser Anh\u00e4nger zum Hingucker, egal ob als Accessoire f\u00fcr die Handtasche oder als Schl\u00fcsselanh\u00e4nger- auch hervorragend als Geschenk geeignet.<\/p>\n","protected":false},"featured_media":1118,"template":"","meta":{"_acf_changed":false},"product_brand":[],"product_cat":[37,68],"product_tag":[],"class_list":{"0":"post-1117","1":"product","2":"type-product","3":"status-publish","4":"has-post-thumbnail","6":"product_cat-accessoires","7":"product_cat-schluesselanhaenger","9":"first","10":"instock","11":"purchasable","12":"product-type-simple"},"acf":[],"_links":{"self":[{"href":"https:\/\/www.regionalis.shop\/rainwows-by-teresa-kutlesa\/wp-json\/wp\/v2\/product\/1117","targetHints":{"allow":["GET"]}}],"collection":[{"href":"https:\/\/www.regionalis.shop\/rainwows-by-teresa-kutlesa\/wp-json\/wp\/v2\/product"}],"about":[{"href":"https:\/\/www.regionalis.shop\/rainwows-by-teresa-kutlesa\/wp-json\/wp\/v2\/types\/product"}],"wp:featuredmedia":[{"embeddable":true,"href":"https:\/\/www.regionalis.shop\/rainwows-by-teresa-kutlesa\/wp-json\/wp\/v2\/media\/1118"}],"wp:attachment":[{"href":"https:\/\/www.regionalis.shop\/rainwows-by-teresa-kutlesa\/wp-json\/wp\/v2\/media?parent=1117"}],"wp:term":[{"taxonomy":"product_brand","embeddable":true,"href":"https:\/\/www.regionalis.shop\/rainwows-by-teresa-kutlesa\/wp-json\/wp\/v2\/product_brand?post=1117"},{"taxonomy":"product_cat","embeddable":true,"href":"https:\/\/www.regionalis.shop\/rainwows-by-teresa-kutlesa\/wp-json\/wp\/v2\/product_cat?post=1117"},{"taxonomy":"product_tag","embeddable":true,"href":"https:\/\/www.regionalis.shop\/rainwows-by-teresa-kutlesa\/wp-json\/wp\/v2\/product_tag?post=1117"}],"curies":[{"name":"wp","href":"https:\/\/api.w.org\/{rel}","templated":true}]}}