{"id":1121,"date":"2025-04-18T07:03:58","date_gmt":"2025-04-18T05:03:58","guid":{"rendered":"https:\/\/www.regionalis.shop\/rainwows-by-teresa-kutlesa\/product\/rainwow-4-reihig\/"},"modified":"2025-04-18T07:03:58","modified_gmt":"2025-04-18T05:03:58","slug":"rainwow-4-reihig","status":"publish","type":"product","link":"https:\/\/www.regionalis.shop\/rainwows-by-teresa-kutlesa\/shop\/rainwow-4-reihig\/","title":{"rendered":"RainWow 4 Reihig"},"content":{"rendered":"<p>Diese 4 reihigen RainWows versch\u00f6nern unauff\u00e4llig ihre Umgebung- k\u00f6nnen individuell zusammengestellt werden und erheitern nicht nur jegliches Zimmer sondern auch die Gem\u00fcter!<\/p>\n","protected":false},"excerpt":{"rendered":"<p>Diese 4 reihigen RainWows versch\u00f6nern unauff\u00e4llig ihre Umgebung- k\u00f6nnen individuell zusammengestellt werden und erheitern nicht nur jegliches Zimmer sondern auch die Gem\u00fcter!<\/p>\n","protected":false},"featured_media":1122,"template":"","meta":{"_acf_changed":false},"product_brand":[],"product_cat":[38,50],"product_tag":[],"class_list":{"0":"post-1121","1":"product","2":"type-product","3":"status-publish","4":"has-post-thumbnail","6":"product_cat-baby-kinder","7":"product_cat-kinderzimmer","9":"first","10":"instock","11":"purchasable","12":"product-type-simple"},"acf":[],"_links":{"self":[{"href":"https:\/\/www.regionalis.shop\/rainwows-by-teresa-kutlesa\/wp-json\/wp\/v2\/product\/1121","targetHints":{"allow":["GET"]}}],"collection":[{"href":"https:\/\/www.regionalis.shop\/rainwows-by-teresa-kutlesa\/wp-json\/wp\/v2\/product"}],"about":[{"href":"https:\/\/www.regionalis.shop\/rainwows-by-teresa-kutlesa\/wp-json\/wp\/v2\/types\/product"}],"wp:featuredmedia":[{"embeddable":true,"href":"https:\/\/www.regionalis.shop\/rainwows-by-teresa-kutlesa\/wp-json\/wp\/v2\/media\/1122"}],"wp:attachment":[{"href":"https:\/\/www.regionalis.shop\/rainwows-by-teresa-kutlesa\/wp-json\/wp\/v2\/media?parent=1121"}],"wp:term":[{"taxonomy":"product_brand","embeddable":true,"href":"https:\/\/www.regionalis.shop\/rainwows-by-teresa-kutlesa\/wp-json\/wp\/v2\/product_brand?post=1121"},{"taxonomy":"product_cat","embeddable":true,"href":"https:\/\/www.regionalis.shop\/rainwows-by-teresa-kutlesa\/wp-json\/wp\/v2\/product_cat?post=1121"},{"taxonomy":"product_tag","embeddable":true,"href":"https:\/\/www.regionalis.shop\/rainwows-by-teresa-kutlesa\/wp-json\/wp\/v2\/product_tag?post=1121"}],"curies":[{"name":"wp","href":"https:\/\/api.w.org\/{rel}","templated":true}]}}