{"id":1042,"date":"2025-10-23T16:14:07","date_gmt":"2025-10-23T14:14:07","guid":{"rendered":"https:\/\/www.regionalis.shop\/ricardart\/?page_id=1042"},"modified":"2025-10-23T16:16:34","modified_gmt":"2025-10-23T14:16:34","slug":"impressum","status":"publish","type":"page","link":"https:\/\/www.regionalis.shop\/ricardart\/impressum\/","title":{"rendered":"Impressum"},"content":{"rendered":"<section>\n            <p>Mit ganz viel Herz und Leidenschaft fertige &#038; designe ich individuelle (Edelstein-)Schmuckst\u00fccke, sowie harmonisierende Begleiter &#038; Accessoires f\u00fcr Dich &#038; dein Zuhause. Verschiedene Edelsteine, Kristalle &#038; Naturnaterialien machen meine Sch\u00e4tze dank ihrer individuellen Beschaffenheit einzigartig &#038; zu etwas ganz Besonderem.  F\u00fcr K\u00f6rper, Geist &#038; Seele.<\/p>\n<p>Pers\u00f6nliche Wunschanfertigungen sind auf Anfrage sehr gerne m\u00f6glich.Wenn du m\u00f6chtest finde ich auch mit dir gemeinsam heraus, welcher Stein\/welche Steinkonbinationen zu dir &#038; deinen individuellen W\u00fcnschen passen. Melde dich dazu bitte gerne mit einer Nachricht bei mir<\/p>\n\n    <\/section>","protected":false},"excerpt":{"rendered":"","protected":false},"author":1,"featured_media":0,"parent":0,"menu_order":0,"comment_status":"closed","ping_status":"closed","template":"","meta":{"_acf_changed":false,"footnotes":""},"class_list":["post-1042","page","type-page","status-publish","hentry"],"acf":[],"_links":{"self":[{"href":"https:\/\/www.regionalis.shop\/ricardart\/wp-json\/wp\/v2\/pages\/1042","targetHints":{"allow":["GET"]}}],"collection":[{"href":"https:\/\/www.regionalis.shop\/ricardart\/wp-json\/wp\/v2\/pages"}],"about":[{"href":"https:\/\/www.regionalis.shop\/ricardart\/wp-json\/wp\/v2\/types\/page"}],"author":[{"embeddable":true,"href":"https:\/\/www.regionalis.shop\/ricardart\/wp-json\/wp\/v2\/users\/1"}],"replies":[{"embeddable":true,"href":"https:\/\/www.regionalis.shop\/ricardart\/wp-json\/wp\/v2\/comments?post=1042"}],"version-history":[{"count":2,"href":"https:\/\/www.regionalis.shop\/ricardart\/wp-json\/wp\/v2\/pages\/1042\/revisions"}],"predecessor-version":[{"id":1044,"href":"https:\/\/www.regionalis.shop\/ricardart\/wp-json\/wp\/v2\/pages\/1042\/revisions\/1044"}],"wp:attachment":[{"href":"https:\/\/www.regionalis.shop\/ricardart\/wp-json\/wp\/v2\/media?parent=1042"}],"curies":[{"name":"wp","href":"https:\/\/api.w.org\/{rel}","templated":true}]}}