{"id":862,"date":"2025-05-24T13:44:06","date_gmt":"2025-05-24T11:44:06","guid":{"rendered":"https:\/\/starter.stage.shop-it.at\/?page_id=862"},"modified":"2025-10-23T15:21:37","modified_gmt":"2025-10-23T13:21:37","slug":"startseite","status":"publish","type":"page","link":"https:\/\/www.regionalis.shop\/ricardart\/","title":{"rendered":"Startseite"},"content":{"rendered":"<section>\n        <div class=\"header-image\">\n            <img decoding=\"async\" src=\"https:\/\/www.regionalis.shop\/app\/uploads\/sites\/498\/810_2021_03_18_12_54_06_404148612.jpg\" alt=\"\">\n        <\/div>\n    \n    <\/section>\n    <section>\n    <div class=\"header-title\">\n        <h1 class=\"h2\">Willkommen bei ricardArt<\/h1>\n    <\/div>\n            <h2 class=\"h3\">Handgemacht in St. P\u00f6lten<\/h2>\n                <p>Mit ganz viel Herz und Leidenschaft fertige &#038; designe ich individuelle (Edelstein-)Schmuckst\u00fccke, sowie harmonisierende Begleiter &#038; Accessoires f\u00fcr Dich &#038; dein Zuhause. Verschiedene Edelsteine, Kristalle &#038; Naturnaterialien machen meine Sch\u00e4tze dank ihrer individuellen Beschaffenheit einzigartig &#038; zu etwas ganz Besonderem.  F\u00fcr K\u00f6rper, Geist &#038; Seele.<\/p>\n<p>Pers\u00f6nliche Wunschanfertigungen sind auf Anfrage sehr gerne m\u00f6glich.Wenn du m\u00f6chtest finde ich auch mit dir gemeinsam heraus, welcher Stein\/welche Steinkonbinationen zu dir &#038; deinen individuellen W\u00fcnschen passen. Melde dich dazu bitte gerne mit einer Nachricht bei mir<\/p>\n\n    \n    <h3>Produkte<\/h3>\n\n    <div class=\"woocommerce columns-3 \"><ul class=\"products columns-3\">\n<li class=\"product type-product post-1054 status-publish first instock product_cat-halsketten product_cat-schmuck has-post-thumbnail purchasable product-type-simple\">\n\t<a href=\"https:\/\/www.regionalis.shop\/ricardart\/shop\/blumenachat-collier\/\" class=\"woocommerce-LoopProduct-link woocommerce-loop-product__link\"><div class=\"wc-block-grid__product-image\"><img loading=\"lazy\" decoding=\"async\" width=\"420\" height=\"420\" src=\"https:\/\/www.regionalis.shop\/app\/uploads\/sites\/498\/810_2021_08_11_00_17_26_787667503.jpg\" class=\"attachment-large size-large\" alt=\"Blumenachat Collier\" srcset=\"https:\/\/www.regionalis.shop\/app\/uploads\/sites\/498\/810_2021_08_11_00_17_26_787667503.jpg 420w, https:\/\/www.regionalis.shop\/app\/uploads\/sites\/498\/810_2021_08_11_00_17_26_787667503-300x300.jpg 300w, https:\/\/www.regionalis.shop\/app\/uploads\/sites\/498\/810_2021_08_11_00_17_26_787667503-150x150.jpg 150w, https:\/\/www.regionalis.shop\/app\/uploads\/sites\/498\/810_2021_08_11_00_17_26_787667503-100x100.jpg 100w\" sizes=\"auto, (max-width: 420px) 100vw, 420px\" \/><\/div><h2 class=\"woocommerce-loop-product__title\">Blumenachat Collier<\/h2>\n\t<span class=\"price\"><span class=\"woocommerce-Price-amount amount\"><bdi>49,00&nbsp;<span class=\"woocommerce-Price-currencySymbol\">&euro;<\/span><\/bdi><\/span><\/span>\n<\/a><\/li>\n<li class=\"product type-product post-1065 status-publish instock product_cat-armbaender product_cat-schmuck has-post-thumbnail purchasable product-type-simple\">\n\t<a href=\"https:\/\/www.regionalis.shop\/ricardart\/shop\/lebensbaum-armband\/\" class=\"woocommerce-LoopProduct-link woocommerce-loop-product__link\"><div class=\"wc-block-grid__product-image\"><img loading=\"lazy\" decoding=\"async\" width=\"420\" height=\"420\" src=\"https:\/\/www.regionalis.shop\/app\/uploads\/sites\/498\/810_2020_03_17_16_29_36_404063570.jpg\" class=\"attachment-large size-large\" alt=\"Lebensbaum Armband\" srcset=\"https:\/\/www.regionalis.shop\/app\/uploads\/sites\/498\/810_2020_03_17_16_29_36_404063570.jpg 420w, https:\/\/www.regionalis.shop\/app\/uploads\/sites\/498\/810_2020_03_17_16_29_36_404063570-300x300.jpg 300w, https:\/\/www.regionalis.shop\/app\/uploads\/sites\/498\/810_2020_03_17_16_29_36_404063570-150x150.jpg 150w, https:\/\/www.regionalis.shop\/app\/uploads\/sites\/498\/810_2020_03_17_16_29_36_404063570-100x100.jpg 100w\" sizes=\"auto, (max-width: 420px) 100vw, 420px\" \/><\/div><h2 class=\"woocommerce-loop-product__title\">Lebensbaum Armband<\/h2>\n\t<span class=\"price\"><span class=\"woocommerce-Price-amount amount\"><bdi>10,00&nbsp;<span class=\"woocommerce-Price-currencySymbol\">&euro;<\/span><\/bdi><\/span><\/span>\n<\/a><\/li>\n<li class=\"product type-product post-1063 status-publish last instock product_cat-armbaender product_cat-schmuck has-post-thumbnail purchasable product-type-simple\">\n\t<a href=\"https:\/\/www.regionalis.shop\/ricardart\/shop\/blume-des-lebens-armband-set\/\" class=\"woocommerce-LoopProduct-link woocommerce-loop-product__link\"><div class=\"wc-block-grid__product-image\"><img loading=\"lazy\" decoding=\"async\" width=\"420\" height=\"420\" src=\"https:\/\/www.regionalis.shop\/app\/uploads\/sites\/498\/810_2020_03_17_16_27_35_151247314.jpg\" class=\"attachment-large size-large\" alt=\"Blume des Lebens Armband Set\" srcset=\"https:\/\/www.regionalis.shop\/app\/uploads\/sites\/498\/810_2020_03_17_16_27_35_151247314.jpg 420w, https:\/\/www.regionalis.shop\/app\/uploads\/sites\/498\/810_2020_03_17_16_27_35_151247314-300x300.jpg 300w, https:\/\/www.regionalis.shop\/app\/uploads\/sites\/498\/810_2020_03_17_16_27_35_151247314-150x150.jpg 150w, https:\/\/www.regionalis.shop\/app\/uploads\/sites\/498\/810_2020_03_17_16_27_35_151247314-100x100.jpg 100w\" sizes=\"auto, (max-width: 420px) 100vw, 420px\" \/><\/div><h2 class=\"woocommerce-loop-product__title\">Blume des Lebens Armband Set<\/h2>\n\t<span class=\"price\"><span class=\"woocommerce-Price-amount amount\"><bdi>18,00&nbsp;<span class=\"woocommerce-Price-currencySymbol\">&euro;<\/span><\/bdi><\/span><\/span>\n<\/a><\/li>\n<\/ul>\n<\/div>\n    <p>\n        <a href=\"https:\/\/www.regionalis.shop\/ricardart\/shop\/\" class=\"btn btn-primary btn-icon-right\">\n            Alle Produkte <i class=\"bi bi-arrow-right-short\"><\/i>\n        <\/a>\n    <\/p>\n<\/section>\n\n<div data-block-name=\"woocommerce\/store-notices\" class=\"wc-block-store-notices woocommerce alignwide alignwide wp-block-woocommerce-store-notices\"><div class=\"woocommerce-notices-wrapper\"><\/div><\/div>","protected":false},"excerpt":{"rendered":"","protected":false},"author":1,"featured_media":0,"parent":0,"menu_order":0,"comment_status":"closed","ping_status":"closed","template":"template-home.blade.php","meta":{"_acf_changed":false,"footnotes":""},"class_list":["post-862","page","type-page","status-publish","hentry"],"acf":[],"_links":{"self":[{"href":"https:\/\/www.regionalis.shop\/ricardart\/wp-json\/wp\/v2\/pages\/862","targetHints":{"allow":["GET"]}}],"collection":[{"href":"https:\/\/www.regionalis.shop\/ricardart\/wp-json\/wp\/v2\/pages"}],"about":[{"href":"https:\/\/www.regionalis.shop\/ricardart\/wp-json\/wp\/v2\/types\/page"}],"author":[{"embeddable":true,"href":"https:\/\/www.regionalis.shop\/ricardart\/wp-json\/wp\/v2\/users\/1"}],"replies":[{"embeddable":true,"href":"https:\/\/www.regionalis.shop\/ricardart\/wp-json\/wp\/v2\/comments?post=862"}],"version-history":[{"count":28,"href":"https:\/\/www.regionalis.shop\/ricardart\/wp-json\/wp\/v2\/pages\/862\/revisions"}],"predecessor-version":[{"id":1041,"href":"https:\/\/www.regionalis.shop\/ricardart\/wp-json\/wp\/v2\/pages\/862\/revisions\/1041"}],"wp:attachment":[{"href":"https:\/\/www.regionalis.shop\/ricardart\/wp-json\/wp\/v2\/media?parent=862"}],"curies":[{"name":"wp","href":"https:\/\/api.w.org\/{rel}","templated":true}]}}