{"id":1059,"date":"2025-04-28T04:15:14","date_gmt":"2025-04-28T02:15:14","guid":{"rendered":"https:\/\/www.regionalis.shop\/ricardart\/product\/chakra-edelstein-armbaender\/"},"modified":"2025-04-28T04:15:14","modified_gmt":"2025-04-28T02:15:14","slug":"chakra-edelstein-armbaender","status":"publish","type":"product","link":"https:\/\/www.regionalis.shop\/ricardart\/shop\/chakra-edelstein-armbaender\/","title":{"rendered":"CHAKRA Edelstein Armb\u00e4nder"},"content":{"rendered":"<p>Energetische Wegbegleiter mit ausgew\u00e4hlten<br \/>\nEdelsteinperlen zur Harmonisierung der jeweiligen Chakren.<br \/>\nAlle Armb\u00e4nder sind von Hand gefertigt aus wasserfestem, sehr strapazierf\u00e4higem Makrameegarn (gewachst) &#038;<br \/>\nmit l\u00e4ngenverstellbaren Schiebeknoten versehen, sodass sie sich an jedes Handgelenk individuell anpassen lassen.<br \/>\nEin feiner Begleiter f\u00fcr dich oder eine\/n deiner Lieben <\/p>\n<p>*du bekommst dein Schmuckst\u00fcck h\u00fcbsch verpackt in handbedrucktem, recyceltem Altpapier mit pers\u00f6nlichem Steckbrief beigelegt auf dem du die wichtigsten Infos zu deinem neuen Begleiter nachlesen kannst<\/p>\n","protected":false},"excerpt":{"rendered":"<p>Energetische Wegbegleiter mit ausgew\u00e4hlten Edelsteinperlen zur Harmonisierung der jeweiligen Chakren. Alle Armb\u00e4nder sind von Hand gefertigt aus wasserfestem, sehr strapazierf\u00e4higem Makrameegarn (gewachst) &#038; mit l\u00e4ngenverstellbaren Schiebeknoten versehen, sodass sie sich an jedes Handgelenk individuell anpassen lassen. Ein feiner Begleiter f\u00fcr dich oder eine\/n deiner Lieben *du bekommst dein Schmuckst\u00fcck h\u00fcbsch verpackt in handbedrucktem, recyceltem Altpapier &hellip; <a href=\"https:\/\/www.regionalis.shop\/ricardart\/shop\/chakra-edelstein-armbaender\/\">Continued<\/a><\/p>\n","protected":false},"featured_media":1060,"template":"","meta":{"_acf_changed":false},"product_brand":[],"product_cat":[110,70],"product_tag":[],"class_list":{"0":"post-1059","1":"product","2":"type-product","3":"status-publish","4":"has-post-thumbnail","6":"product_cat-armbaender","7":"product_cat-schmuck","9":"first","10":"instock","11":"purchasable","12":"product-type-simple"},"acf":[],"_links":{"self":[{"href":"https:\/\/www.regionalis.shop\/ricardart\/wp-json\/wp\/v2\/product\/1059","targetHints":{"allow":["GET"]}}],"collection":[{"href":"https:\/\/www.regionalis.shop\/ricardart\/wp-json\/wp\/v2\/product"}],"about":[{"href":"https:\/\/www.regionalis.shop\/ricardart\/wp-json\/wp\/v2\/types\/product"}],"wp:featuredmedia":[{"embeddable":true,"href":"https:\/\/www.regionalis.shop\/ricardart\/wp-json\/wp\/v2\/media\/1060"}],"wp:attachment":[{"href":"https:\/\/www.regionalis.shop\/ricardart\/wp-json\/wp\/v2\/media?parent=1059"}],"wp:term":[{"taxonomy":"product_brand","embeddable":true,"href":"https:\/\/www.regionalis.shop\/ricardart\/wp-json\/wp\/v2\/product_brand?post=1059"},{"taxonomy":"product_cat","embeddable":true,"href":"https:\/\/www.regionalis.shop\/ricardart\/wp-json\/wp\/v2\/product_cat?post=1059"},{"taxonomy":"product_tag","embeddable":true,"href":"https:\/\/www.regionalis.shop\/ricardart\/wp-json\/wp\/v2\/product_tag?post=1059"}],"curies":[{"name":"wp","href":"https:\/\/api.w.org\/{rel}","templated":true}]}}