{"id":1067,"date":"2025-04-28T04:12:41","date_gmt":"2025-04-28T02:12:41","guid":{"rendered":"https:\/\/www.regionalis.shop\/ricardart\/product\/makramee-fussband-palmblatt\/"},"modified":"2025-04-28T04:12:41","modified_gmt":"2025-04-28T02:12:41","slug":"makramee-fussband-palmblatt","status":"publish","type":"product","link":"https:\/\/www.regionalis.shop\/ricardart\/shop\/makramee-fussband-palmblatt\/","title":{"rendered":"Makramee Fu\u00dfband *PALMBLATT*"},"content":{"rendered":"<p>Von Hand gefertigte Makramee Fu\u00dfb\u00e4nder aus gewachstem Makrameegarn (strapazierf\u00e4hig &#038; wasserfest), mit nickelfreien Charms in gold oder silber &#038; l\u00e4ngenverstellbarem Schiebeverschluss zum individuellen Anpassen<\/p>\n","protected":false},"excerpt":{"rendered":"<p>Von Hand gefertigte Makramee Fu\u00dfb\u00e4nder aus gewachstem Makrameegarn (strapazierf\u00e4hig &#038; wasserfest), mit nickelfreien Charms in gold oder silber &#038; l\u00e4ngenverstellbarem Schiebeverschluss zum individuellen Anpassen<\/p>\n","protected":false},"featured_media":1068,"template":"","meta":{"_acf_changed":false},"product_brand":[],"product_cat":[154,70],"product_tag":[],"class_list":{"0":"post-1067","1":"product","2":"type-product","3":"status-publish","4":"has-post-thumbnail","6":"product_cat-koerperschmuck","7":"product_cat-schmuck","9":"first","10":"instock","11":"purchasable","12":"product-type-simple"},"acf":[],"_links":{"self":[{"href":"https:\/\/www.regionalis.shop\/ricardart\/wp-json\/wp\/v2\/product\/1067","targetHints":{"allow":["GET"]}}],"collection":[{"href":"https:\/\/www.regionalis.shop\/ricardart\/wp-json\/wp\/v2\/product"}],"about":[{"href":"https:\/\/www.regionalis.shop\/ricardart\/wp-json\/wp\/v2\/types\/product"}],"wp:featuredmedia":[{"embeddable":true,"href":"https:\/\/www.regionalis.shop\/ricardart\/wp-json\/wp\/v2\/media\/1068"}],"wp:attachment":[{"href":"https:\/\/www.regionalis.shop\/ricardart\/wp-json\/wp\/v2\/media?parent=1067"}],"wp:term":[{"taxonomy":"product_brand","embeddable":true,"href":"https:\/\/www.regionalis.shop\/ricardart\/wp-json\/wp\/v2\/product_brand?post=1067"},{"taxonomy":"product_cat","embeddable":true,"href":"https:\/\/www.regionalis.shop\/ricardart\/wp-json\/wp\/v2\/product_cat?post=1067"},{"taxonomy":"product_tag","embeddable":true,"href":"https:\/\/www.regionalis.shop\/ricardart\/wp-json\/wp\/v2\/product_tag?post=1067"}],"curies":[{"name":"wp","href":"https:\/\/api.w.org\/{rel}","templated":true}]}}