{"id":1073,"date":"2025-04-28T04:12:41","date_gmt":"2025-04-28T02:12:41","guid":{"rendered":"https:\/\/www.regionalis.shop\/ricardart\/product\/rosenquarz-amulett-lebensbaum-natur\/"},"modified":"2025-04-28T04:12:41","modified_gmt":"2025-04-28T02:12:41","slug":"rosenquarz-amulett-lebensbaum-natur","status":"publish","type":"product","link":"https:\/\/www.regionalis.shop\/ricardart\/shop\/rosenquarz-amulett-lebensbaum-natur\/","title":{"rendered":"ROSENQUARZ Amulett &#8218;Lebensbaum&#8216; *natur"},"content":{"rendered":"<p>Von Hand gefertigte Makrameekette aus gewachstem, sehr strapazierf\u00e4higem Makrameegarn (wasserfest) &#8211; mit wundersch\u00f6nem Rosenquarz in Schmuckdraht gefasst  &#038; Verschluss aus hochwertigem Edelstahl (Karabiner und Verl\u00e4ngerungskettchen)<br \/>\nEIN WUNDERBARES EINZELST\u00dcCK \u2661\u2661\u2661<\/p>\n","protected":false},"excerpt":{"rendered":"<p>Von Hand gefertigte Makrameekette aus gewachstem, sehr strapazierf\u00e4higem Makrameegarn (wasserfest) &#8211; mit wundersch\u00f6nem Rosenquarz in Schmuckdraht gefasst &#038; Verschluss aus hochwertigem Edelstahl (Karabiner und Verl\u00e4ngerungskettchen) EIN WUNDERBARES EINZELST\u00dcCK \u2661\u2661\u2661<\/p>\n","protected":false},"featured_media":1074,"template":"","meta":{"_acf_changed":false},"product_brand":[],"product_cat":[141,70],"product_tag":[],"class_list":{"0":"post-1073","1":"product","2":"type-product","3":"status-publish","4":"has-post-thumbnail","6":"product_cat-halsketten","7":"product_cat-schmuck","9":"first","10":"instock","11":"purchasable","12":"product-type-simple"},"acf":[],"_links":{"self":[{"href":"https:\/\/www.regionalis.shop\/ricardart\/wp-json\/wp\/v2\/product\/1073","targetHints":{"allow":["GET"]}}],"collection":[{"href":"https:\/\/www.regionalis.shop\/ricardart\/wp-json\/wp\/v2\/product"}],"about":[{"href":"https:\/\/www.regionalis.shop\/ricardart\/wp-json\/wp\/v2\/types\/product"}],"wp:featuredmedia":[{"embeddable":true,"href":"https:\/\/www.regionalis.shop\/ricardart\/wp-json\/wp\/v2\/media\/1074"}],"wp:attachment":[{"href":"https:\/\/www.regionalis.shop\/ricardart\/wp-json\/wp\/v2\/media?parent=1073"}],"wp:term":[{"taxonomy":"product_brand","embeddable":true,"href":"https:\/\/www.regionalis.shop\/ricardart\/wp-json\/wp\/v2\/product_brand?post=1073"},{"taxonomy":"product_cat","embeddable":true,"href":"https:\/\/www.regionalis.shop\/ricardart\/wp-json\/wp\/v2\/product_cat?post=1073"},{"taxonomy":"product_tag","embeddable":true,"href":"https:\/\/www.regionalis.shop\/ricardart\/wp-json\/wp\/v2\/product_tag?post=1073"}],"curies":[{"name":"wp","href":"https:\/\/api.w.org\/{rel}","templated":true}]}}