{"id":1078,"date":"2025-04-28T04:11:23","date_gmt":"2025-04-28T02:11:23","guid":{"rendered":"https:\/\/www.regionalis.shop\/ricardart\/product\/tigerauge-lebensbaum-kette\/"},"modified":"2025-04-28T04:11:23","modified_gmt":"2025-04-28T02:11:23","slug":"tigerauge-lebensbaum-kette","status":"publish","type":"product","link":"https:\/\/www.regionalis.shop\/ricardart\/shop\/tigerauge-lebensbaum-kette\/","title":{"rendered":"Tigerauge &#8211; Lebensbaum Kette"},"content":{"rendered":"<p>Von Hand gefertigte Makrameekette mit einem wundersch\u00f6nen, in Draht eingefasstem Tigerauge \u2661  Verschluss: Edelstahlkarabiner mit Verl\u00e4ngerungskettchen<br \/>\nDas TIGERAUGE wird unserem Solarplexuschakra zugeordnet &#038; z\u00e4hlt zu den Schutzsteinen, die unter anderem dazu verwendet werden um negative Energien fernzuhalten oder Mut &#038; Gl\u00fcck zu bringen. Ein perfekter Gl\u00fccksbringer \/ Talisman \u2661  Ob f\u00fcr Reisen &#038; Unterwegs, oder als kleiner, t\u00e4glicher Mutmacher-  auf alle F\u00e4lle ein wunderbarer Wegbegleiter \u2661<\/p>\n","protected":false},"excerpt":{"rendered":"<p>Von Hand gefertigte Makrameekette mit einem wundersch\u00f6nen, in Draht eingefasstem Tigerauge \u2661 Verschluss: Edelstahlkarabiner mit Verl\u00e4ngerungskettchen Das TIGERAUGE wird unserem Solarplexuschakra zugeordnet &#038; z\u00e4hlt zu den Schutzsteinen, die unter anderem dazu verwendet werden um negative Energien fernzuhalten oder Mut &#038; Gl\u00fcck zu bringen. Ein perfekter Gl\u00fccksbringer \/ Talisman \u2661 Ob f\u00fcr Reisen &#038; Unterwegs, oder &hellip; <a href=\"https:\/\/www.regionalis.shop\/ricardart\/shop\/tigerauge-lebensbaum-kette\/\">Continued<\/a><\/p>\n","protected":false},"featured_media":1079,"template":"","meta":{"_acf_changed":false},"product_brand":[],"product_cat":[141,70],"product_tag":[],"class_list":{"0":"post-1078","1":"product","2":"type-product","3":"status-publish","4":"has-post-thumbnail","6":"product_cat-halsketten","7":"product_cat-schmuck","9":"first","10":"instock","11":"purchasable","12":"product-type-simple"},"acf":[],"_links":{"self":[{"href":"https:\/\/www.regionalis.shop\/ricardart\/wp-json\/wp\/v2\/product\/1078","targetHints":{"allow":["GET"]}}],"collection":[{"href":"https:\/\/www.regionalis.shop\/ricardart\/wp-json\/wp\/v2\/product"}],"about":[{"href":"https:\/\/www.regionalis.shop\/ricardart\/wp-json\/wp\/v2\/types\/product"}],"wp:featuredmedia":[{"embeddable":true,"href":"https:\/\/www.regionalis.shop\/ricardart\/wp-json\/wp\/v2\/media\/1079"}],"wp:attachment":[{"href":"https:\/\/www.regionalis.shop\/ricardart\/wp-json\/wp\/v2\/media?parent=1078"}],"wp:term":[{"taxonomy":"product_brand","embeddable":true,"href":"https:\/\/www.regionalis.shop\/ricardart\/wp-json\/wp\/v2\/product_brand?post=1078"},{"taxonomy":"product_cat","embeddable":true,"href":"https:\/\/www.regionalis.shop\/ricardart\/wp-json\/wp\/v2\/product_cat?post=1078"},{"taxonomy":"product_tag","embeddable":true,"href":"https:\/\/www.regionalis.shop\/ricardart\/wp-json\/wp\/v2\/product_tag?post=1078"}],"curies":[{"name":"wp","href":"https:\/\/api.w.org\/{rel}","templated":true}]}}