{"id":1085,"date":"2025-04-18T12:26:12","date_gmt":"2025-04-18T10:26:12","guid":{"rendered":"https:\/\/www.regionalis.shop\/ricardart\/product\/ohrringe-pink-seashell-m-rhodochrosit\/"},"modified":"2025-04-18T12:26:12","modified_gmt":"2025-04-18T10:26:12","slug":"ohrringe-pink-seashell-m-rhodochrosit","status":"publish","type":"product","link":"https:\/\/www.regionalis.shop\/ricardart\/shop\/ohrringe-pink-seashell-m-rhodochrosit\/","title":{"rendered":"Ohrringe *PINK SEASHELL m. Rhodochrosit"},"content":{"rendered":"<p>Messinghoops mit 40mm \u00e4u\u00dferem Durchmesser kombiniert mit pinken Perlmuttpl\u00e4ttchen und nat\u00fcrlichen Edelsteinen (6mm Rhodochrositperle &#038; Erdbeerquarz in Splitterform). Die Ohrhaken aus vergoldetem Edelstahl sind nickelfrei &#038; somit auch f\u00fcr sensible Ohren geeignet.<\/p>\n<p>*du bekommst deine Ohrringe nachhaltig &#038; liebevoll verpackt in einer handbedruckten Schmuckbox aus recyceltem Altpapier<\/p>\n","protected":false},"excerpt":{"rendered":"<p>Messinghoops mit 40mm \u00e4u\u00dferem Durchmesser kombiniert mit pinken Perlmuttpl\u00e4ttchen und nat\u00fcrlichen Edelsteinen (6mm Rhodochrositperle &#038; Erdbeerquarz in Splitterform). Die Ohrhaken aus vergoldetem Edelstahl sind nickelfrei &#038; somit auch f\u00fcr sensible Ohren geeignet. *du bekommst deine Ohrringe nachhaltig &#038; liebevoll verpackt in einer handbedruckten Schmuckbox aus recyceltem Altpapier<\/p>\n","protected":false},"featured_media":1086,"template":"","meta":{"_acf_changed":false},"product_brand":[],"product_cat":[163,70],"product_tag":[],"class_list":{"0":"post-1085","1":"product","2":"type-product","3":"status-publish","4":"has-post-thumbnail","6":"product_cat-ohrringe","7":"product_cat-schmuck","9":"first","10":"instock","11":"purchasable","12":"product-type-simple"},"acf":[],"_links":{"self":[{"href":"https:\/\/www.regionalis.shop\/ricardart\/wp-json\/wp\/v2\/product\/1085","targetHints":{"allow":["GET"]}}],"collection":[{"href":"https:\/\/www.regionalis.shop\/ricardart\/wp-json\/wp\/v2\/product"}],"about":[{"href":"https:\/\/www.regionalis.shop\/ricardart\/wp-json\/wp\/v2\/types\/product"}],"wp:featuredmedia":[{"embeddable":true,"href":"https:\/\/www.regionalis.shop\/ricardart\/wp-json\/wp\/v2\/media\/1086"}],"wp:attachment":[{"href":"https:\/\/www.regionalis.shop\/ricardart\/wp-json\/wp\/v2\/media?parent=1085"}],"wp:term":[{"taxonomy":"product_brand","embeddable":true,"href":"https:\/\/www.regionalis.shop\/ricardart\/wp-json\/wp\/v2\/product_brand?post=1085"},{"taxonomy":"product_cat","embeddable":true,"href":"https:\/\/www.regionalis.shop\/ricardart\/wp-json\/wp\/v2\/product_cat?post=1085"},{"taxonomy":"product_tag","embeddable":true,"href":"https:\/\/www.regionalis.shop\/ricardart\/wp-json\/wp\/v2\/product_tag?post=1085"}],"curies":[{"name":"wp","href":"https:\/\/api.w.org\/{rel}","templated":true}]}}