{"id":1102,"date":"2025-04-18T12:24:41","date_gmt":"2025-04-18T10:24:41","guid":{"rendered":"https:\/\/www.regionalis.shop\/ricardart\/product\/armband-suesswasserperle-18k-vergoldet\/"},"modified":"2025-04-18T12:24:41","modified_gmt":"2025-04-18T10:24:41","slug":"armband-suesswasserperle-18k-vergoldet","status":"publish","type":"product","link":"https:\/\/www.regionalis.shop\/ricardart\/shop\/armband-suesswasserperle-18k-vergoldet\/","title":{"rendered":"Armband *S\u00dc\u00dfWASSERPERLE* 18k vergoldet"},"content":{"rendered":"<p>Zartes Armband mit nat\u00fcrlicher S\u00fc\u00dfwasserperle &#038; 2mmPerlen aus 18k vergoldetem Kupfer. Das verwendete Makrameegarn ist gewachst, sehr strapazierf\u00e4hig &#038; wasserfest. Dank l\u00e4ngenverstellbarem Schiebeverschluss l\u00e4sst sich dein Armband individuell in der Gr\u00f6\u00dfe anpassen.<br \/>\n(wasserfest &#038; nickelfrei)<\/p>\n<p>*Du bekommst dein Schmuckst\u00fcck h\u00fcbsch verpackt in handbedrucktem, recyceltem Altpapier- individuell &#038; umweltfreundlich<\/p>\n","protected":false},"excerpt":{"rendered":"<p>Zartes Armband mit nat\u00fcrlicher S\u00fc\u00dfwasserperle &#038; 2mmPerlen aus 18k vergoldetem Kupfer. Das verwendete Makrameegarn ist gewachst, sehr strapazierf\u00e4hig &#038; wasserfest. Dank l\u00e4ngenverstellbarem Schiebeverschluss l\u00e4sst sich dein Armband individuell in der Gr\u00f6\u00dfe anpassen. (wasserfest &#038; nickelfrei) *Du bekommst dein Schmuckst\u00fcck h\u00fcbsch verpackt in handbedrucktem, recyceltem Altpapier- individuell &#038; umweltfreundlich<\/p>\n","protected":false},"featured_media":1103,"template":"","meta":{"_acf_changed":false},"product_brand":[],"product_cat":[110,70],"product_tag":[],"class_list":{"0":"post-1102","1":"product","2":"type-product","3":"status-publish","4":"has-post-thumbnail","6":"product_cat-armbaender","7":"product_cat-schmuck","9":"first","10":"instock","11":"purchasable","12":"product-type-simple"},"acf":[],"_links":{"self":[{"href":"https:\/\/www.regionalis.shop\/ricardart\/wp-json\/wp\/v2\/product\/1102","targetHints":{"allow":["GET"]}}],"collection":[{"href":"https:\/\/www.regionalis.shop\/ricardart\/wp-json\/wp\/v2\/product"}],"about":[{"href":"https:\/\/www.regionalis.shop\/ricardart\/wp-json\/wp\/v2\/types\/product"}],"wp:featuredmedia":[{"embeddable":true,"href":"https:\/\/www.regionalis.shop\/ricardart\/wp-json\/wp\/v2\/media\/1103"}],"wp:attachment":[{"href":"https:\/\/www.regionalis.shop\/ricardart\/wp-json\/wp\/v2\/media?parent=1102"}],"wp:term":[{"taxonomy":"product_brand","embeddable":true,"href":"https:\/\/www.regionalis.shop\/ricardart\/wp-json\/wp\/v2\/product_brand?post=1102"},{"taxonomy":"product_cat","embeddable":true,"href":"https:\/\/www.regionalis.shop\/ricardart\/wp-json\/wp\/v2\/product_cat?post=1102"},{"taxonomy":"product_tag","embeddable":true,"href":"https:\/\/www.regionalis.shop\/ricardart\/wp-json\/wp\/v2\/product_tag?post=1102"}],"curies":[{"name":"wp","href":"https:\/\/api.w.org\/{rel}","templated":true}]}}