{"id":1105,"date":"2025-04-18T12:23:38","date_gmt":"2025-04-18T10:23:38","guid":{"rendered":"https:\/\/www.regionalis.shop\/ricardart\/product\/make-a-wish-geburtssteinarmband-juli-karneol\/"},"modified":"2025-04-18T12:23:38","modified_gmt":"2025-04-18T10:23:38","slug":"make-a-wish-geburtssteinarmband-juli-karneol","status":"publish","type":"product","link":"https:\/\/www.regionalis.shop\/ricardart\/shop\/make-a-wish-geburtssteinarmband-juli-karneol\/","title":{"rendered":"*MAKE A WISH* Geburtssteinarmband JULI\/KARNEOL"},"content":{"rendered":"<p>Dein Geburtsstein Armband soll dich darin best\u00e4rken, deinen Tr\u00e4umen, W\u00fcnschen &#038; Zielen n\u00e4her zu kommen.<br \/>\n*Denke daf\u00fcr beim Anlegen des Armbands ganz fest an deinen Wunsch\/ dein Ziel  &#8211; wenn es von alleine abf\u00e4llt, so sagt man, solltest du deinem Ziel schon etwas n\u00e4her sein\/es erreicht haben <\/p>\n<p>&#8222;put the bracelet arround your wrist, close your eyes and make a wish&#8220;<\/p>\n<p>Eine nette M\u00f6glichkeit um seine Ziele &#038; Tr\u00e4ume zu visualisieren &#038; zu manifestieren<\/p>\n<p>Material: gewachstes Makrameegarn (strapazierf\u00e4hig &#038; wasserabweisend), facettierter Karneol mit ca. 3mm Durchmesser, 18k vergoldete Kupferperlen &#038; l\u00e4ngenverstellbarer Schiebeverschluss zum individuellen Anpassen.<br \/>\nDu bekommst dein Armband h\u00fcbsch verpackt &#038; mit pers\u00f6nlichem Steckbrief beigelegt auf dem du die wichtigsten Infos zu deinem neuen Begleiter nachlesen kannst.<\/p>\n<p>KARNEOL\u00a0(Sakralchakra\/Sv\u00e3dhisth\u00e3na)<br \/>\nLebensfreude\u00a0 &#8211; Vitalit\u00e4t &#8211; Energie &#8211; Standfestigkeit\u00a0<br \/>\nDer Karneol mit seinen warmen gelb-orange T\u00f6nen ist ein richtiger Powerstein, denn Vitalit\u00e4t &#038; Lebenskraft z\u00e4hlen zu seinen gr\u00f6\u00dften St\u00e4rken. Die positive Energie des Karneols st\u00e4rkt Lebenskraft und Lebensfreude &#038; hilft dir so dabei deinen Fokus auf die sch\u00f6nen Dinge des Leben zu richten<br \/>\nGeburtsstein Monat: Juli<\/p>\n","protected":false},"excerpt":{"rendered":"<p>Dein Geburtsstein Armband soll dich darin best\u00e4rken, deinen Tr\u00e4umen, W\u00fcnschen &#038; Zielen n\u00e4her zu kommen. *Denke daf\u00fcr beim Anlegen des Armbands ganz fest an deinen Wunsch\/ dein Ziel &#8211; wenn es von alleine abf\u00e4llt, so sagt man, solltest du deinem Ziel schon etwas n\u00e4her sein\/es erreicht haben &#8222;put the bracelet arround your wrist, close your &hellip; <a href=\"https:\/\/www.regionalis.shop\/ricardart\/shop\/make-a-wish-geburtssteinarmband-juli-karneol\/\">Continued<\/a><\/p>\n","protected":false},"featured_media":1106,"template":"","meta":{"_acf_changed":false},"product_brand":[],"product_cat":[110,70],"product_tag":[],"class_list":{"0":"post-1105","1":"product","2":"type-product","3":"status-publish","4":"has-post-thumbnail","6":"product_cat-armbaender","7":"product_cat-schmuck","9":"first","10":"instock","11":"purchasable","12":"product-type-simple"},"acf":[],"_links":{"self":[{"href":"https:\/\/www.regionalis.shop\/ricardart\/wp-json\/wp\/v2\/product\/1105","targetHints":{"allow":["GET"]}}],"collection":[{"href":"https:\/\/www.regionalis.shop\/ricardart\/wp-json\/wp\/v2\/product"}],"about":[{"href":"https:\/\/www.regionalis.shop\/ricardart\/wp-json\/wp\/v2\/types\/product"}],"wp:featuredmedia":[{"embeddable":true,"href":"https:\/\/www.regionalis.shop\/ricardart\/wp-json\/wp\/v2\/media\/1106"}],"wp:attachment":[{"href":"https:\/\/www.regionalis.shop\/ricardart\/wp-json\/wp\/v2\/media?parent=1105"}],"wp:term":[{"taxonomy":"product_brand","embeddable":true,"href":"https:\/\/www.regionalis.shop\/ricardart\/wp-json\/wp\/v2\/product_brand?post=1105"},{"taxonomy":"product_cat","embeddable":true,"href":"https:\/\/www.regionalis.shop\/ricardart\/wp-json\/wp\/v2\/product_cat?post=1105"},{"taxonomy":"product_tag","embeddable":true,"href":"https:\/\/www.regionalis.shop\/ricardart\/wp-json\/wp\/v2\/product_tag?post=1105"}],"curies":[{"name":"wp","href":"https:\/\/api.w.org\/{rel}","templated":true}]}}