{"id":1109,"date":"2025-04-18T12:22:44","date_gmt":"2025-04-18T10:22:44","guid":{"rendered":"https:\/\/www.regionalis.shop\/ricardart\/product\/crystal-circle-lebensblume-rosenquarz\/"},"modified":"2025-04-18T12:22:44","modified_gmt":"2025-04-18T10:22:44","slug":"crystal-circle-lebensblume-rosenquarz","status":"publish","type":"product","link":"https:\/\/www.regionalis.shop\/ricardart\/shop\/crystal-circle-lebensblume-rosenquarz\/","title":{"rendered":"Crystal Circle *LEBENSBLUME Rosenquarz*"},"content":{"rendered":"<p>Hol dir Licht ins Haus!!!<br \/>\nDer Sonnenf\u00e4nger liebt es besonders im Licht, vorallem in der Sonne oder vor Fenstern zu h\u00e4ngen. Die Prismaglaskristalle sorgen mit ihrem &#8222;Sonnenf\u00e4nger-Effekt&#8220; f\u00fcr ein angenehmes &#038; harmonisches Wohn-,&#038; Wohlgef\u00fchl.<br \/>\n*Sonnenf\u00e4nger-Effekt: F\u00e4llt Licht auf ein Prisma\/ einen Prismakristall, so wird\u00a0 es gespalten &#038; in den wundersch\u00f6nen  Farben des Regenbogens (Spektralfarben) auf deinen W\u00e4nden &#038; auf umgebenden Fl\u00e4chen reflektiert  <\/p>\n<p>Materialien:<br \/>\n17cm Metallreifen gold, verschiedene Prismaglaskristalle, Rosenquarz in unregelm\u00e4\u00dfiger Nuggetform (~10mm), Lebensblume aus Holz <\/p>\n<p>Du bekommst deinen Sonnenf\u00e4nger h\u00fcbsch verpackt in handbedrucktem, recyceltem Altpapier mit pers\u00f6nlichem Steckbrief beigelegt auf dem du die wichtigsten Infos zu deinem neuen Begleiter nachlesen kannst<\/p>\n","protected":false},"excerpt":{"rendered":"<p>Hol dir Licht ins Haus!!! Der Sonnenf\u00e4nger liebt es besonders im Licht, vorallem in der Sonne oder vor Fenstern zu h\u00e4ngen. Die Prismaglaskristalle sorgen mit ihrem &#8222;Sonnenf\u00e4nger-Effekt&#8220; f\u00fcr ein angenehmes &#038; harmonisches Wohn-,&#038; Wohlgef\u00fchl. *Sonnenf\u00e4nger-Effekt: F\u00e4llt Licht auf ein Prisma\/ einen Prismakristall, so wird\u00a0 es gespalten &#038; in den wundersch\u00f6nen Farben des Regenbogens (Spektralfarben) auf &hellip; <a href=\"https:\/\/www.regionalis.shop\/ricardart\/shop\/crystal-circle-lebensblume-rosenquarz\/\">Continued<\/a><\/p>\n","protected":false},"featured_media":1110,"template":"","meta":{"_acf_changed":false},"product_brand":[],"product_cat":[174,103],"product_tag":[],"class_list":{"0":"post-1109","1":"product","2":"type-product","3":"status-publish","4":"has-post-thumbnail","6":"product_cat-wohndekoration","7":"product_cat-wohnen-deko","9":"first","10":"instock","11":"purchasable","12":"product-type-simple"},"acf":[],"_links":{"self":[{"href":"https:\/\/www.regionalis.shop\/ricardart\/wp-json\/wp\/v2\/product\/1109","targetHints":{"allow":["GET"]}}],"collection":[{"href":"https:\/\/www.regionalis.shop\/ricardart\/wp-json\/wp\/v2\/product"}],"about":[{"href":"https:\/\/www.regionalis.shop\/ricardart\/wp-json\/wp\/v2\/types\/product"}],"wp:featuredmedia":[{"embeddable":true,"href":"https:\/\/www.regionalis.shop\/ricardart\/wp-json\/wp\/v2\/media\/1110"}],"wp:attachment":[{"href":"https:\/\/www.regionalis.shop\/ricardart\/wp-json\/wp\/v2\/media?parent=1109"}],"wp:term":[{"taxonomy":"product_brand","embeddable":true,"href":"https:\/\/www.regionalis.shop\/ricardart\/wp-json\/wp\/v2\/product_brand?post=1109"},{"taxonomy":"product_cat","embeddable":true,"href":"https:\/\/www.regionalis.shop\/ricardart\/wp-json\/wp\/v2\/product_cat?post=1109"},{"taxonomy":"product_tag","embeddable":true,"href":"https:\/\/www.regionalis.shop\/ricardart\/wp-json\/wp\/v2\/product_tag?post=1109"}],"curies":[{"name":"wp","href":"https:\/\/api.w.org\/{rel}","templated":true}]}}