{"id":1114,"date":"2025-04-18T12:22:44","date_gmt":"2025-04-18T10:22:44","guid":{"rendered":"https:\/\/www.regionalis.shop\/ricardart\/product\/doppelarmband-maaender-rosenquarz-rose\/"},"modified":"2025-04-18T12:22:44","modified_gmt":"2025-04-18T10:22:44","slug":"doppelarmband-maaender-rosenquarz-rose","status":"publish","type":"product","link":"https:\/\/www.regionalis.shop\/ricardart\/shop\/doppelarmband-maaender-rosenquarz-rose\/","title":{"rendered":"Doppelarmband *MA\u00c4NDER Rosenquarz ros\u00e9"},"content":{"rendered":"<p>Doppelreihiges Armband aus gewachstem Makrameegarn (wasserfest &#038; strapazierf\u00e4hig) mit facettierter 4mm Rosenquarzperle, nickelfreiem, ros\u00e9vergoldetem Messingverbinder (10mm) &#038; l\u00e4ngenverstellbarem Schiebeverschluss zum individuellen Anpassen.<\/p>\n<p>*du bekommst dein Armband h\u00fcbsch verpackt &#038; mit pers\u00f6nlichem Steckbrief beigelegt, auf dem du die wichtigsten Infos zu deinem neuen Begleiter nachlesen kannst<\/p>\n<p>ROSENQUARZ \u00a0(Herzchakra\/An\u00e3hata)<br \/>\nSinnlichkeit ~ Liebe ~ Empathie ~ Beziehung ~ Vertrauen<br \/>\nDer Rosenquarz ist ein wunderbarer &#038; f\u00fcr mich sehr wertvoller Begleiter, der mir schon durch so manche Herzenskrise geholfen hat. Ein idealer Meditationsstein (mit Hautkontakt in Herzn\u00e4he w\u00e4re perfekt) um das Herz ganz bewusst zu \u00f6ffnen &#8211; sowohl f\u00fcr dich,\u00a0 als auch f\u00fcr deine Mitmenschen &#8211; mit verschlossenem  verschlie\u00dfen sich auch die wunderbarsten Dinge des Lebens Anwendungsgebiete: positiv f\u00fcr unser Herz &#038; unseren Kreislauf, Absorption von Strahlung (am Besten nahe des Fernsehers\/Computers aufstellen)<br \/>\nGeburtsstein: Juli<\/p>\n","protected":false},"excerpt":{"rendered":"<p>Doppelreihiges Armband aus gewachstem Makrameegarn (wasserfest &#038; strapazierf\u00e4hig) mit facettierter 4mm Rosenquarzperle, nickelfreiem, ros\u00e9vergoldetem Messingverbinder (10mm) &#038; l\u00e4ngenverstellbarem Schiebeverschluss zum individuellen Anpassen. *du bekommst dein Armband h\u00fcbsch verpackt &#038; mit pers\u00f6nlichem Steckbrief beigelegt, auf dem du die wichtigsten Infos zu deinem neuen Begleiter nachlesen kannst ROSENQUARZ \u00a0(Herzchakra\/An\u00e3hata) Sinnlichkeit ~ Liebe ~ Empathie ~ Beziehung ~ &hellip; <a href=\"https:\/\/www.regionalis.shop\/ricardart\/shop\/doppelarmband-maaender-rosenquarz-rose\/\">Continued<\/a><\/p>\n","protected":false},"featured_media":1115,"template":"","meta":{"_acf_changed":false},"product_brand":[],"product_cat":[110,70],"product_tag":[],"class_list":{"0":"post-1114","1":"product","2":"type-product","3":"status-publish","4":"has-post-thumbnail","6":"product_cat-armbaender","7":"product_cat-schmuck","9":"first","10":"instock","11":"purchasable","12":"product-type-simple"},"acf":[],"_links":{"self":[{"href":"https:\/\/www.regionalis.shop\/ricardart\/wp-json\/wp\/v2\/product\/1114","targetHints":{"allow":["GET"]}}],"collection":[{"href":"https:\/\/www.regionalis.shop\/ricardart\/wp-json\/wp\/v2\/product"}],"about":[{"href":"https:\/\/www.regionalis.shop\/ricardart\/wp-json\/wp\/v2\/types\/product"}],"wp:featuredmedia":[{"embeddable":true,"href":"https:\/\/www.regionalis.shop\/ricardart\/wp-json\/wp\/v2\/media\/1115"}],"wp:attachment":[{"href":"https:\/\/www.regionalis.shop\/ricardart\/wp-json\/wp\/v2\/media?parent=1114"}],"wp:term":[{"taxonomy":"product_brand","embeddable":true,"href":"https:\/\/www.regionalis.shop\/ricardart\/wp-json\/wp\/v2\/product_brand?post=1114"},{"taxonomy":"product_cat","embeddable":true,"href":"https:\/\/www.regionalis.shop\/ricardart\/wp-json\/wp\/v2\/product_cat?post=1114"},{"taxonomy":"product_tag","embeddable":true,"href":"https:\/\/www.regionalis.shop\/ricardart\/wp-json\/wp\/v2\/product_tag?post=1114"}],"curies":[{"name":"wp","href":"https:\/\/api.w.org\/{rel}","templated":true}]}}