{"id":1119,"date":"2025-04-18T12:22:16","date_gmt":"2025-04-18T10:22:16","guid":{"rendered":"https:\/\/www.regionalis.shop\/ricardart\/product\/lavastein-aromadiffuser-ohrschmuck-grape\/"},"modified":"2025-04-18T12:22:16","modified_gmt":"2025-04-18T10:22:16","slug":"lavastein-aromadiffuser-ohrschmuck-grape","status":"publish","type":"product","link":"https:\/\/www.regionalis.shop\/ricardart\/shop\/lavastein-aromadiffuser-ohrschmuck-grape\/","title":{"rendered":"LAVASTEIN AROMADIFFUSER Ohrschmuck *GRAPE"},"content":{"rendered":"<p>LAVASTEIN &#8211; der nat\u00fcrliche Aromadiffuser f\u00fcr unterwegs<br \/>\nDie rauhe Struktur des Lavagesteins nimmt \u00e4therische \u00d6le besonders gut auf und gibt ihr Aroma langsam &#038; angenehm duftend wieder ab.<br \/>\nEinen Tropfen deines Lieblingsduftes direkt auf die Lavaperle tropfen &#8211; so hast du deinen Lieblingsduft immer mit dabei<br \/>\nMaterialien: nat\u00fcrliche Lavaperlen wei\u00df (~8-9mm Durchmesser), versilberter Kupferdraht, geschlossene Brisuren aus hochwertigem Edelstahl (nickel-, &#038; bleifrei),<br \/>\nGesamtl\u00e4nge: ~ 40mm<\/p>\n<p>*Du bekommst dein Schmuckst\u00fcck h\u00fcbsch verpackt in einer handbedruckten Box aus recyceltem Altpapier, mit pers\u00f6nlichem Steckbrief beigelegt auf dem du die wichtigsten Infos zu deinem neuen Begleiter nachlesen kannst<\/p>\n<p>LAVA SCHWARZ (Wurzelchakra\/M\u016bl\u00e3dh\u00e3ra)<br \/>\nTatendrang- Lebenskraft &#8211; Entschlossenheit<br \/>\nDas aus den Elementen Feuer &#038; Erde entstandene Lavagestein entfacht durch seine Energie dein inneres Feuer &#038; gibt dir die Power deinen inneren Schweinehund zu \u00fcberwinden &#038; mit Entschlossenheit nach vorne zu blicken.<\/p>\n","protected":false},"excerpt":{"rendered":"<p>LAVASTEIN &#8211; der nat\u00fcrliche Aromadiffuser f\u00fcr unterwegs Die rauhe Struktur des Lavagesteins nimmt \u00e4therische \u00d6le besonders gut auf und gibt ihr Aroma langsam &#038; angenehm duftend wieder ab. Einen Tropfen deines Lieblingsduftes direkt auf die Lavaperle tropfen &#8211; so hast du deinen Lieblingsduft immer mit dabei Materialien: nat\u00fcrliche Lavaperlen wei\u00df (~8-9mm Durchmesser), versilberter Kupferdraht, geschlossene &hellip; <a href=\"https:\/\/www.regionalis.shop\/ricardart\/shop\/lavastein-aromadiffuser-ohrschmuck-grape\/\">Continued<\/a><\/p>\n","protected":false},"featured_media":1120,"template":"","meta":{"_acf_changed":false},"product_brand":[],"product_cat":[163,70],"product_tag":[],"class_list":{"0":"post-1119","1":"product","2":"type-product","3":"status-publish","4":"has-post-thumbnail","6":"product_cat-ohrringe","7":"product_cat-schmuck","9":"first","10":"instock","11":"purchasable","12":"product-type-simple"},"acf":[],"_links":{"self":[{"href":"https:\/\/www.regionalis.shop\/ricardart\/wp-json\/wp\/v2\/product\/1119","targetHints":{"allow":["GET"]}}],"collection":[{"href":"https:\/\/www.regionalis.shop\/ricardart\/wp-json\/wp\/v2\/product"}],"about":[{"href":"https:\/\/www.regionalis.shop\/ricardart\/wp-json\/wp\/v2\/types\/product"}],"wp:featuredmedia":[{"embeddable":true,"href":"https:\/\/www.regionalis.shop\/ricardart\/wp-json\/wp\/v2\/media\/1120"}],"wp:attachment":[{"href":"https:\/\/www.regionalis.shop\/ricardart\/wp-json\/wp\/v2\/media?parent=1119"}],"wp:term":[{"taxonomy":"product_brand","embeddable":true,"href":"https:\/\/www.regionalis.shop\/ricardart\/wp-json\/wp\/v2\/product_brand?post=1119"},{"taxonomy":"product_cat","embeddable":true,"href":"https:\/\/www.regionalis.shop\/ricardart\/wp-json\/wp\/v2\/product_cat?post=1119"},{"taxonomy":"product_tag","embeddable":true,"href":"https:\/\/www.regionalis.shop\/ricardart\/wp-json\/wp\/v2\/product_tag?post=1119"}],"curies":[{"name":"wp","href":"https:\/\/api.w.org\/{rel}","templated":true}]}}