{"id":1124,"date":"2025-04-18T12:22:16","date_gmt":"2025-04-18T10:22:16","guid":{"rendered":"https:\/\/www.regionalis.shop\/ricardart\/product\/make-a-wish-geburtssteinarmband-august-peridot\/"},"modified":"2025-04-18T12:22:16","modified_gmt":"2025-04-18T10:22:16","slug":"make-a-wish-geburtssteinarmband-august-peridot","status":"publish","type":"product","link":"https:\/\/www.regionalis.shop\/ricardart\/shop\/make-a-wish-geburtssteinarmband-august-peridot\/","title":{"rendered":"*MAKE A WISH* Geburtssteinarmband AUGUST\/PERIDOT"},"content":{"rendered":"<p>Dein Geburtsstein soll dich in deinen Tr\u00e4umen, W\u00fcnschen &#038; Zielen best\u00e4rken &#038; sie in Form eines zarten Armbands manifestieren.<br \/>\nDenke daf\u00fcr beim Anlegen ganz fest an deinen Wunsch\/ dein Ziel  &#8211; wenn es von alleine abf\u00e4llt, so sagt man, solltest du deinem Ziel schon etwas n\u00e4her sein\/es erreicht haben <\/p>\n<p>&#8222;put the bracelet arround your wrist, close your eyes and make a wish&#8220;<\/p>\n<p>Material: gewachstes Makrameegarn (strapazierf\u00e4hig &#038; wasserabweisend), facettierter Peridot mit ca.<br \/>\n2,5mm Durchmesser, 18k vergoldete Kupferperlen &#038; l\u00e4ngenverstellbarer Schiebeverschluss zum individuellen Anpassen.<br \/>\nDu bekommst dein Armband h\u00fcbsch verpackt &#038; mit pers\u00f6nlichem Steckbrief beigelegt auf dem du die wichtigsten Infos zu deinem neuen Begleiter nachlesen kannst<\/p>\n<p>PERIDOT (Herzchakra\/ An\u00e3hata)<br \/>\nSelbstreflexion ~  Selbstvertrauen ~ Ausgeglichenheit<br \/>\nDer Peridot ist der ideale Begleiter bei Eifersucht, Wut &#038; negativen Emotionen. Er unterst\u00fctzt dich dabei, dich selbst zu reflektieren &#038; so zu mehr Empathie &#038; einem wertsch\u00e4tzenderem Umgang mit anderen zu gelangen<br \/>\nSternzeichen\/Monatsstein:  August<\/p>\n","protected":false},"excerpt":{"rendered":"<p>Dein Geburtsstein soll dich in deinen Tr\u00e4umen, W\u00fcnschen &#038; Zielen best\u00e4rken &#038; sie in Form eines zarten Armbands manifestieren. Denke daf\u00fcr beim Anlegen ganz fest an deinen Wunsch\/ dein Ziel &#8211; wenn es von alleine abf\u00e4llt, so sagt man, solltest du deinem Ziel schon etwas n\u00e4her sein\/es erreicht haben &#8222;put the bracelet arround your wrist, &hellip; <a href=\"https:\/\/www.regionalis.shop\/ricardart\/shop\/make-a-wish-geburtssteinarmband-august-peridot\/\">Continued<\/a><\/p>\n","protected":false},"featured_media":1125,"template":"","meta":{"_acf_changed":false},"product_brand":[],"product_cat":[110,70],"product_tag":[],"class_list":{"0":"post-1124","1":"product","2":"type-product","3":"status-publish","4":"has-post-thumbnail","6":"product_cat-armbaender","7":"product_cat-schmuck","9":"first","10":"instock","11":"purchasable","12":"product-type-simple"},"acf":[],"_links":{"self":[{"href":"https:\/\/www.regionalis.shop\/ricardart\/wp-json\/wp\/v2\/product\/1124","targetHints":{"allow":["GET"]}}],"collection":[{"href":"https:\/\/www.regionalis.shop\/ricardart\/wp-json\/wp\/v2\/product"}],"about":[{"href":"https:\/\/www.regionalis.shop\/ricardart\/wp-json\/wp\/v2\/types\/product"}],"wp:featuredmedia":[{"embeddable":true,"href":"https:\/\/www.regionalis.shop\/ricardart\/wp-json\/wp\/v2\/media\/1125"}],"wp:attachment":[{"href":"https:\/\/www.regionalis.shop\/ricardart\/wp-json\/wp\/v2\/media?parent=1124"}],"wp:term":[{"taxonomy":"product_brand","embeddable":true,"href":"https:\/\/www.regionalis.shop\/ricardart\/wp-json\/wp\/v2\/product_brand?post=1124"},{"taxonomy":"product_cat","embeddable":true,"href":"https:\/\/www.regionalis.shop\/ricardart\/wp-json\/wp\/v2\/product_cat?post=1124"},{"taxonomy":"product_tag","embeddable":true,"href":"https:\/\/www.regionalis.shop\/ricardart\/wp-json\/wp\/v2\/product_tag?post=1124"}],"curies":[{"name":"wp","href":"https:\/\/api.w.org\/{rel}","templated":true}]}}