{"id":1127,"date":"2025-04-18T12:22:16","date_gmt":"2025-04-18T10:22:16","guid":{"rendered":"https:\/\/www.regionalis.shop\/ricardart\/product\/make-a-wish-geburtssteinarmband-september-lapislazuli\/"},"modified":"2025-04-18T12:22:16","modified_gmt":"2025-04-18T10:22:16","slug":"make-a-wish-geburtssteinarmband-september-lapislazuli","status":"publish","type":"product","link":"https:\/\/www.regionalis.shop\/ricardart\/shop\/make-a-wish-geburtssteinarmband-september-lapislazuli\/","title":{"rendered":"*MAKE A WISH* Geburtssteinarmband SEPTEMBER\/LAPISLAZULI"},"content":{"rendered":"<p>Dein GeburtssteinArmband soll dich darin best\u00e4rken, deinen Tr\u00e4umen, W\u00fcnschen &#038; Zielen n\u00e4her zu kommen.<br \/>\n*Denke daf\u00fcr beim Anlegen des Armbands ganz fest an deinen Wunsch\/ dein Ziel  &#8211; wenn es von alleine abf\u00e4llt, so sagt man, solltest du deinem Ziel schon etwas n\u00e4her sein\/es erreicht haben <\/p>\n<p>&#8222;put the bracelet arround your wrist, close your eyes and make a wish&#8220;<\/p>\n<p>Eine nette M\u00f6glichkeit um seine Ziele &#038; Tr\u00e4ume zu visualisieren &#038; zu manifestieren<\/p>\n<p>Material: gewachstes Makrameegarn (strapazierf\u00e4hig &#038; wasserabweisend), facettierter Labradorit mit ca. 2,5mm Durchmesser, 18k vergoldete Kupferperlen &#038; l\u00e4ngenverstellbarer Schiebeverschluss zum individuellen Anpassen.<br \/>\nDu bekommst dein Armband h\u00fcbsch verpackt &#038; mit pers\u00f6nlichem Steckbrief beigelegt auf dem du die wichtigsten Infos zu deinem neuen Begleiter nachlesen kannst.<\/p>\n<p>LAPISLAZULI \u00a0(Stirnchakra\/\u0100jn\u00e3)<br \/>\nSelbstvertrauen ~ Aufrichtigkeit ~ Optimismus ~ Wahrnehmung\u00a0<br \/>\nDer Lapislazuli st\u00e4rkt Ehrlichkeit &#038; Aufrichtigkeit. Er ist die beste Basis f\u00fcr zwischenmenschliche Beziehungen &#8211; daher oft auch als &#8218;Stein der Freundschaft&#8216; bekannt. Ein wohlwollender &#038; unterst\u00fctzender Begleiter in Freundschaft, Liebe &#038; Beziehung<br \/>\nGeburtsstein September<\/p>\n","protected":false},"excerpt":{"rendered":"<p>Dein GeburtssteinArmband soll dich darin best\u00e4rken, deinen Tr\u00e4umen, W\u00fcnschen &#038; Zielen n\u00e4her zu kommen. *Denke daf\u00fcr beim Anlegen des Armbands ganz fest an deinen Wunsch\/ dein Ziel &#8211; wenn es von alleine abf\u00e4llt, so sagt man, solltest du deinem Ziel schon etwas n\u00e4her sein\/es erreicht haben &#8222;put the bracelet arround your wrist, close your eyes &hellip; <a href=\"https:\/\/www.regionalis.shop\/ricardart\/shop\/make-a-wish-geburtssteinarmband-september-lapislazuli\/\">Continued<\/a><\/p>\n","protected":false},"featured_media":1128,"template":"","meta":{"_acf_changed":false},"product_brand":[],"product_cat":[110,70],"product_tag":[],"class_list":{"0":"post-1127","1":"product","2":"type-product","3":"status-publish","4":"has-post-thumbnail","6":"product_cat-armbaender","7":"product_cat-schmuck","9":"first","10":"instock","11":"purchasable","12":"product-type-simple"},"acf":[],"_links":{"self":[{"href":"https:\/\/www.regionalis.shop\/ricardart\/wp-json\/wp\/v2\/product\/1127","targetHints":{"allow":["GET"]}}],"collection":[{"href":"https:\/\/www.regionalis.shop\/ricardart\/wp-json\/wp\/v2\/product"}],"about":[{"href":"https:\/\/www.regionalis.shop\/ricardart\/wp-json\/wp\/v2\/types\/product"}],"wp:featuredmedia":[{"embeddable":true,"href":"https:\/\/www.regionalis.shop\/ricardart\/wp-json\/wp\/v2\/media\/1128"}],"wp:attachment":[{"href":"https:\/\/www.regionalis.shop\/ricardart\/wp-json\/wp\/v2\/media?parent=1127"}],"wp:term":[{"taxonomy":"product_brand","embeddable":true,"href":"https:\/\/www.regionalis.shop\/ricardart\/wp-json\/wp\/v2\/product_brand?post=1127"},{"taxonomy":"product_cat","embeddable":true,"href":"https:\/\/www.regionalis.shop\/ricardart\/wp-json\/wp\/v2\/product_cat?post=1127"},{"taxonomy":"product_tag","embeddable":true,"href":"https:\/\/www.regionalis.shop\/ricardart\/wp-json\/wp\/v2\/product_tag?post=1127"}],"curies":[{"name":"wp","href":"https:\/\/api.w.org\/{rel}","templated":true}]}}