{"id":1135,"date":"2025-04-18T10:28:01","date_gmt":"2025-04-18T08:28:01","guid":{"rendered":"https:\/\/www.regionalis.shop\/ricardart\/product\/lebensblume-sonnenfaenger-granat\/"},"modified":"2025-04-18T10:28:01","modified_gmt":"2025-04-18T08:28:01","slug":"lebensblume-sonnenfaenger-granat","status":"publish","type":"product","link":"https:\/\/www.regionalis.shop\/ricardart\/shop\/lebensblume-sonnenfaenger-granat\/","title":{"rendered":"LEBENSBLUME Sonnenf\u00e4nger *GRANAT*"},"content":{"rendered":"<p>Der Sonnenf\u00e4nger liebt es besonders im Licht, vorallem in der Sonne oder vor Fenstern zu h\u00e4ngen. Die Prismaglaskristalle sorgen mit ihrem &#8222;Sonnenf\u00e4nger-Effekt&#8220; f\u00fcr ein angenehmes &#038; harmonisches Wohn-,&#038; Wohlgef\u00fchl<br \/>\n*Sonnenf\u00e4nger-Effekt: F\u00e4llt Licht auf ein Prisma\/ einen Prismakristall, so wird\u00a0 es gespalten &#038; in den wundersch\u00f6nen\u00a0Farben des Regenbogens (Spektralfarben) auf deine W\u00e4nde &#038; auf umgebende Fl\u00e4chen reflektiert<br \/>\nMATERIALIEN:<br \/>\nLebensblume aus Holz (10cm Durchmesser), nat\u00fcrlicher Granat in unregelm\u00e4\u00dfiger Splitterform, Prismaglaskristalle zur Spaltung des Sonnenlichts<br \/>\nGesamtl\u00e4nge: ~24<br \/>\ncm<br \/>\n*du bekommst deinen Sonnenf\u00e4nger h\u00fcbsch verpackt in handbedrucktem recyceltem Altpapier, mit pers\u00f6nlichem Steckbrief beigelegt auf dem du die wichtigsten Infos zu deinem neuen Herzst\u00fcck nachlesen kannst<\/p>\n","protected":false},"excerpt":{"rendered":"<p>Der Sonnenf\u00e4nger liebt es besonders im Licht, vorallem in der Sonne oder vor Fenstern zu h\u00e4ngen. Die Prismaglaskristalle sorgen mit ihrem &#8222;Sonnenf\u00e4nger-Effekt&#8220; f\u00fcr ein angenehmes &#038; harmonisches Wohn-,&#038; Wohlgef\u00fchl *Sonnenf\u00e4nger-Effekt: F\u00e4llt Licht auf ein Prisma\/ einen Prismakristall, so wird\u00a0 es gespalten &#038; in den wundersch\u00f6nen\u00a0Farben des Regenbogens (Spektralfarben) auf deine W\u00e4nde &#038; auf umgebende Fl\u00e4chen &hellip; <a href=\"https:\/\/www.regionalis.shop\/ricardart\/shop\/lebensblume-sonnenfaenger-granat\/\">Continued<\/a><\/p>\n","protected":false},"featured_media":1136,"template":"","meta":{"_acf_changed":false},"product_brand":[],"product_cat":[174,103],"product_tag":[],"class_list":{"0":"post-1135","1":"product","2":"type-product","3":"status-publish","4":"has-post-thumbnail","6":"product_cat-wohndekoration","7":"product_cat-wohnen-deko","9":"first","10":"instock","11":"purchasable","12":"product-type-simple"},"acf":[],"_links":{"self":[{"href":"https:\/\/www.regionalis.shop\/ricardart\/wp-json\/wp\/v2\/product\/1135","targetHints":{"allow":["GET"]}}],"collection":[{"href":"https:\/\/www.regionalis.shop\/ricardart\/wp-json\/wp\/v2\/product"}],"about":[{"href":"https:\/\/www.regionalis.shop\/ricardart\/wp-json\/wp\/v2\/types\/product"}],"wp:featuredmedia":[{"embeddable":true,"href":"https:\/\/www.regionalis.shop\/ricardart\/wp-json\/wp\/v2\/media\/1136"}],"wp:attachment":[{"href":"https:\/\/www.regionalis.shop\/ricardart\/wp-json\/wp\/v2\/media?parent=1135"}],"wp:term":[{"taxonomy":"product_brand","embeddable":true,"href":"https:\/\/www.regionalis.shop\/ricardart\/wp-json\/wp\/v2\/product_brand?post=1135"},{"taxonomy":"product_cat","embeddable":true,"href":"https:\/\/www.regionalis.shop\/ricardart\/wp-json\/wp\/v2\/product_cat?post=1135"},{"taxonomy":"product_tag","embeddable":true,"href":"https:\/\/www.regionalis.shop\/ricardart\/wp-json\/wp\/v2\/product_tag?post=1135"}],"curies":[{"name":"wp","href":"https:\/\/api.w.org\/{rel}","templated":true}]}}