{"id":1139,"date":"2025-04-18T10:22:59","date_gmt":"2025-04-18T08:22:59","guid":{"rendered":"https:\/\/www.regionalis.shop\/ricardart\/product\/crystal-circle-lapislazuli-unalome\/"},"modified":"2025-04-18T10:22:59","modified_gmt":"2025-04-18T08:22:59","slug":"crystal-circle-lapislazuli-unalome","status":"publish","type":"product","link":"https:\/\/www.regionalis.shop\/ricardart\/shop\/crystal-circle-lapislazuli-unalome\/","title":{"rendered":"Crystal Circle *LAPISLAZULI Unalome*"},"content":{"rendered":"<p>Hol dir Licht &#038; positive Energie ins Haus!!!<br \/>\nDer *CRYSTAL CIRCLE* liebt es besonders im Licht, vorallem in der Sonne oder vor Fenstern zu h\u00e4ngen<br \/>\nDer Prismakristall reflektiert &#038; spaltet das Sonnenlicht und sorgt so f\u00fcr ein angenehmes &#038; harmonisches Wohn-&#038; Wohlgef\u00fchl<br \/>\nF\u00e4llt n\u00e4mlich Licht auf den Kristall, so zeigt sich das wunderbare Farbenspektrum des Regenbogens &#8211; daher auch &#8222;Regenbogenkristall&#8220; genannt<br \/>\n***Laut Fengh Shui soll das Anbringen vorm Fenster au\u00dferdem verhindern, dass positive Energien zu schnell wieder hinaus str\u00f6men***<\/p>\n<p>&#8211; mit nat\u00fcrlichem Lapislazuli in unregelm\u00e4\u00dfiger Splitterform<br \/>\n&#8211; vergoldeter Metallreifen mit 16cm \u00e4u\u00dferem Durchmesser<br \/>\n&#8211; mit vergoldeten Zwischenelementen &#038;<br \/>\n&#8211; Prismakristallen<\/p>\n<p>*jeder Circle ist aufgrund der einzigartigen Beschaffenheit der Edelsteine ebenso einzigartig &#8211; so einzigartig wie DU<br \/>\n**du bekommst ihn h\u00fcbsch verpackt &#038; mit pers\u00f6nlichem Steckbrief beigelegt auf dem du die wichtigsten Infos zu deinem neuen Schatz nachlesen kannst<\/p>\n","protected":false},"excerpt":{"rendered":"<p>Hol dir Licht &#038; positive Energie ins Haus!!! Der *CRYSTAL CIRCLE* liebt es besonders im Licht, vorallem in der Sonne oder vor Fenstern zu h\u00e4ngen Der Prismakristall reflektiert &#038; spaltet das Sonnenlicht und sorgt so f\u00fcr ein angenehmes &#038; harmonisches Wohn-&#038; Wohlgef\u00fchl F\u00e4llt n\u00e4mlich Licht auf den Kristall, so zeigt sich das wunderbare Farbenspektrum des &hellip; <a href=\"https:\/\/www.regionalis.shop\/ricardart\/shop\/crystal-circle-lapislazuli-unalome\/\">Continued<\/a><\/p>\n","protected":false},"featured_media":1140,"template":"","meta":{"_acf_changed":false},"product_brand":[],"product_cat":[174,103],"product_tag":[],"class_list":{"0":"post-1139","1":"product","2":"type-product","3":"status-publish","4":"has-post-thumbnail","6":"product_cat-wohndekoration","7":"product_cat-wohnen-deko","9":"first","10":"instock","11":"purchasable","12":"product-type-simple"},"acf":[],"_links":{"self":[{"href":"https:\/\/www.regionalis.shop\/ricardart\/wp-json\/wp\/v2\/product\/1139","targetHints":{"allow":["GET"]}}],"collection":[{"href":"https:\/\/www.regionalis.shop\/ricardart\/wp-json\/wp\/v2\/product"}],"about":[{"href":"https:\/\/www.regionalis.shop\/ricardart\/wp-json\/wp\/v2\/types\/product"}],"wp:featuredmedia":[{"embeddable":true,"href":"https:\/\/www.regionalis.shop\/ricardart\/wp-json\/wp\/v2\/media\/1140"}],"wp:attachment":[{"href":"https:\/\/www.regionalis.shop\/ricardart\/wp-json\/wp\/v2\/media?parent=1139"}],"wp:term":[{"taxonomy":"product_brand","embeddable":true,"href":"https:\/\/www.regionalis.shop\/ricardart\/wp-json\/wp\/v2\/product_brand?post=1139"},{"taxonomy":"product_cat","embeddable":true,"href":"https:\/\/www.regionalis.shop\/ricardart\/wp-json\/wp\/v2\/product_cat?post=1139"},{"taxonomy":"product_tag","embeddable":true,"href":"https:\/\/www.regionalis.shop\/ricardart\/wp-json\/wp\/v2\/product_tag?post=1139"}],"curies":[{"name":"wp","href":"https:\/\/api.w.org\/{rel}","templated":true}]}}