{"id":1144,"date":"2025-04-18T10:14:51","date_gmt":"2025-04-18T08:14:51","guid":{"rendered":"https:\/\/www.regionalis.shop\/ricardart\/product\/dalmatinerstein-ohrschmuck-strass-edelstahl\/"},"modified":"2025-04-18T10:14:51","modified_gmt":"2025-04-18T08:14:51","slug":"dalmatinerstein-ohrschmuck-strass-edelstahl","status":"publish","type":"product","link":"https:\/\/www.regionalis.shop\/ricardart\/shop\/dalmatinerstein-ohrschmuck-strass-edelstahl\/","title":{"rendered":"Dalmatinerstein Ohrschmuck *Strass\/Edelstahl"},"content":{"rendered":"<p>Funkelnde, mit Strasssteinen besetzte Ohrstecker aus hochwertigem Edelstahl (nickelfrei), best\u00fcckt mit nat\u00fcrlichem Dalmatinerstein (4-6mm Durchmesser)<br \/>\nGesamtl\u00e4nge: ~ 30mm<\/p>\n<p>*Du bekommst dein Schmuckst\u00fcck h\u00fcbsch verpackt in einer handbedruckten Box aus recyceltem Altpapier, mit pers\u00f6nlichem Steckbrief beigelegt auf dem du die wichtigsten Infos zu deinem neuen Begleiter nachlesen kannst<\/p>\n","protected":false},"excerpt":{"rendered":"<p>Funkelnde, mit Strasssteinen besetzte Ohrstecker aus hochwertigem Edelstahl (nickelfrei), best\u00fcckt mit nat\u00fcrlichem Dalmatinerstein (4-6mm Durchmesser) Gesamtl\u00e4nge: ~ 30mm *Du bekommst dein Schmuckst\u00fcck h\u00fcbsch verpackt in einer handbedruckten Box aus recyceltem Altpapier, mit pers\u00f6nlichem Steckbrief beigelegt auf dem du die wichtigsten Infos zu deinem neuen Begleiter nachlesen kannst<\/p>\n","protected":false},"featured_media":1145,"template":"","meta":{"_acf_changed":false},"product_brand":[],"product_cat":[163,70],"product_tag":[],"class_list":{"0":"post-1144","1":"product","2":"type-product","3":"status-publish","4":"has-post-thumbnail","6":"product_cat-ohrringe","7":"product_cat-schmuck","9":"first","10":"instock","11":"purchasable","12":"product-type-simple"},"acf":[],"_links":{"self":[{"href":"https:\/\/www.regionalis.shop\/ricardart\/wp-json\/wp\/v2\/product\/1144","targetHints":{"allow":["GET"]}}],"collection":[{"href":"https:\/\/www.regionalis.shop\/ricardart\/wp-json\/wp\/v2\/product"}],"about":[{"href":"https:\/\/www.regionalis.shop\/ricardart\/wp-json\/wp\/v2\/types\/product"}],"wp:featuredmedia":[{"embeddable":true,"href":"https:\/\/www.regionalis.shop\/ricardart\/wp-json\/wp\/v2\/media\/1145"}],"wp:attachment":[{"href":"https:\/\/www.regionalis.shop\/ricardart\/wp-json\/wp\/v2\/media?parent=1144"}],"wp:term":[{"taxonomy":"product_brand","embeddable":true,"href":"https:\/\/www.regionalis.shop\/ricardart\/wp-json\/wp\/v2\/product_brand?post=1144"},{"taxonomy":"product_cat","embeddable":true,"href":"https:\/\/www.regionalis.shop\/ricardart\/wp-json\/wp\/v2\/product_cat?post=1144"},{"taxonomy":"product_tag","embeddable":true,"href":"https:\/\/www.regionalis.shop\/ricardart\/wp-json\/wp\/v2\/product_tag?post=1144"}],"curies":[{"name":"wp","href":"https:\/\/api.w.org\/{rel}","templated":true}]}}