{"id":1148,"date":"2025-04-18T10:09:51","date_gmt":"2025-04-18T08:09:51","guid":{"rendered":"https:\/\/www.regionalis.shop\/ricardart\/product\/malachit-makrameekette-lebensbaum-antiquegold\/"},"modified":"2025-04-18T10:09:51","modified_gmt":"2025-04-18T08:09:51","slug":"malachit-makrameekette-lebensbaum-antiquegold","status":"publish","type":"product","link":"https:\/\/www.regionalis.shop\/ricardart\/shop\/malachit-makrameekette-lebensbaum-antiquegold\/","title":{"rendered":"MALACHIT Makrameekette *LEBENSBAUM* antiquegold"},"content":{"rendered":"<p>Von Hand gekn\u00fcpfte Makrameehalskette aus gewachstem, sehr strapazierf\u00e4higem Makrameegarn (wasserfest) mit tropfenf\u00f6rmigem, in Kupferdraht gefasstem Malachit. Perlen: 6mm Malachit-, &#038; ~2mm Messingperlen.<br \/>\nVerschluss: Karabinerverschluss mit Gliederkettchen zum Variieren der L\u00e4nge aus vergoldetem Edelstahl (nickelfrei)<br \/>\n*du bekommst dein Schmuckst\u00fcck h\u00fcbsch verpackt in einer handbedruckten Box aus recyceltem Altpapier, mit pers\u00f6nlichem Steckbrief beigelegt auf dem du die wichtigsten Infos zu deinem neuen Begleiter nachlesen kannst <\/p>\n<p>MALACHIT\u00a0(Herzchakra\/An\u00e3hata)<br \/>\nLebensfreude ~ Energie ~ enorm positive physische Wirkung ~<br \/>\n&#8218;Hebammenstein&#8216;<br \/>\nDie einzigartige &#038; wundersch\u00f6ne Farbstruktur des Malachits geh\u00f6rt f\u00fcr mich definitiv zu den sch\u00f6nsten Ph\u00e4nomenen in der Welt der Mineralien \u00a0<br \/>\nWas den Malachit auch ganz besonders und einzigartig macht ist seine unglaubliche &#038; breit gef\u00e4cherte Wirkung auf unseren physischen K\u00f6rper. Die Frequenz des Malachits ist, anders als bei seinen &#8218;Geschwistersteinen&#8216; besonders auf unseren K\u00f6rper ausgerichtet\u00a0<br \/>\nAls &#8218;Hebammenstein&#8216; bekannt unterst\u00fctzt &#038; begleitet er nicht nur liebevoll werdende Mamas, auch neue Erdenb\u00fcrger beginnen ihr Dasein wohlbeh\u00fctet mit der sch\u00fctzenden Kraft des Malachits \u00a0<\/p>\n","protected":false},"excerpt":{"rendered":"<p>Von Hand gekn\u00fcpfte Makrameehalskette aus gewachstem, sehr strapazierf\u00e4higem Makrameegarn (wasserfest) mit tropfenf\u00f6rmigem, in Kupferdraht gefasstem Malachit. Perlen: 6mm Malachit-, &#038; ~2mm Messingperlen. Verschluss: Karabinerverschluss mit Gliederkettchen zum Variieren der L\u00e4nge aus vergoldetem Edelstahl (nickelfrei) *du bekommst dein Schmuckst\u00fcck h\u00fcbsch verpackt in einer handbedruckten Box aus recyceltem Altpapier, mit pers\u00f6nlichem Steckbrief beigelegt auf dem du die &hellip; <a href=\"https:\/\/www.regionalis.shop\/ricardart\/shop\/malachit-makrameekette-lebensbaum-antiquegold\/\">Continued<\/a><\/p>\n","protected":false},"featured_media":1149,"template":"","meta":{"_acf_changed":false},"product_brand":[],"product_cat":[141,70],"product_tag":[],"class_list":{"0":"post-1148","1":"product","2":"type-product","3":"status-publish","4":"has-post-thumbnail","6":"product_cat-halsketten","7":"product_cat-schmuck","9":"first","10":"instock","11":"purchasable","12":"product-type-simple"},"acf":[],"_links":{"self":[{"href":"https:\/\/www.regionalis.shop\/ricardart\/wp-json\/wp\/v2\/product\/1148","targetHints":{"allow":["GET"]}}],"collection":[{"href":"https:\/\/www.regionalis.shop\/ricardart\/wp-json\/wp\/v2\/product"}],"about":[{"href":"https:\/\/www.regionalis.shop\/ricardart\/wp-json\/wp\/v2\/types\/product"}],"wp:featuredmedia":[{"embeddable":true,"href":"https:\/\/www.regionalis.shop\/ricardart\/wp-json\/wp\/v2\/media\/1149"}],"wp:attachment":[{"href":"https:\/\/www.regionalis.shop\/ricardart\/wp-json\/wp\/v2\/media?parent=1148"}],"wp:term":[{"taxonomy":"product_brand","embeddable":true,"href":"https:\/\/www.regionalis.shop\/ricardart\/wp-json\/wp\/v2\/product_brand?post=1148"},{"taxonomy":"product_cat","embeddable":true,"href":"https:\/\/www.regionalis.shop\/ricardart\/wp-json\/wp\/v2\/product_cat?post=1148"},{"taxonomy":"product_tag","embeddable":true,"href":"https:\/\/www.regionalis.shop\/ricardart\/wp-json\/wp\/v2\/product_tag?post=1148"}],"curies":[{"name":"wp","href":"https:\/\/api.w.org\/{rel}","templated":true}]}}