{"id":1157,"date":"2025-04-18T10:09:04","date_gmt":"2025-04-18T08:09:04","guid":{"rendered":"https:\/\/www.regionalis.shop\/ricardart\/product\/suesswasserperle-strass-ohrschmuck-granat-edelstahl\/"},"modified":"2025-04-18T10:09:04","modified_gmt":"2025-04-18T08:09:04","slug":"suesswasserperle-strass-ohrschmuck-granat-edelstahl","status":"publish","type":"product","link":"https:\/\/www.regionalis.shop\/ricardart\/shop\/suesswasserperle-strass-ohrschmuck-granat-edelstahl\/","title":{"rendered":"S\u00fc\u00dfwasserperle\/Strass Ohrschmuck *GRANAT* Edelstahl"},"content":{"rendered":"<p>Funkelnde Strassohrstecker aus hochwertig vergoldetem Edelstahl (nickelfrei), best\u00fcckt mit facettierten Granat (~4mm) &#038; S\u00fc\u00dfwasserperlen, sowie Zwischenperlen aus 18k vergoldetem Kupfer.<br \/>\nGesamtl\u00e4nge: ~ 35mm<\/p>\n<p>Du bekommst dein Schmuckst\u00fcck h\u00fcbsch verpackt in einer handbedruckten Box aus recyceltem Altpapier, mit pers\u00f6nlichem Steckbrief beigelegt auf dem du die wichtigsten Infos zu deinem neuen Begleiter nachlesen kannst<\/p>\n<p>GRANAT (Wurzelchakra\/M\u016bl\u00e3dh\u00e3ra)<br \/>\nZuversicht ~ Willenskraft ~ Ausdauer ~ inneres Feuer<br \/>\nDer tiefrote Granat entfacht unser inneres Feue. Er unterst\u00fctzt  dich in Extremsituationen, psychischen &#038; pers\u00f6nlichen  Krisen und ist dir w\u00e4hrend dieser herausfordernden Zeit ein treuer&#038; wohlwollender Begleiter<br \/>\nEin Krisenstein &#038; Lebensfreude-Spender<br \/>\nGeburtsstein: J\u00e4nner<\/p>\n","protected":false},"excerpt":{"rendered":"<p>Funkelnde Strassohrstecker aus hochwertig vergoldetem Edelstahl (nickelfrei), best\u00fcckt mit facettierten Granat (~4mm) &#038; S\u00fc\u00dfwasserperlen, sowie Zwischenperlen aus 18k vergoldetem Kupfer. Gesamtl\u00e4nge: ~ 35mm Du bekommst dein Schmuckst\u00fcck h\u00fcbsch verpackt in einer handbedruckten Box aus recyceltem Altpapier, mit pers\u00f6nlichem Steckbrief beigelegt auf dem du die wichtigsten Infos zu deinem neuen Begleiter nachlesen kannst GRANAT (Wurzelchakra\/M\u016bl\u00e3dh\u00e3ra) Zuversicht &hellip; <a href=\"https:\/\/www.regionalis.shop\/ricardart\/shop\/suesswasserperle-strass-ohrschmuck-granat-edelstahl\/\">Continued<\/a><\/p>\n","protected":false},"featured_media":1158,"template":"","meta":{"_acf_changed":false},"product_brand":[],"product_cat":[163,70],"product_tag":[],"class_list":{"0":"post-1157","1":"product","2":"type-product","3":"status-publish","4":"has-post-thumbnail","6":"product_cat-ohrringe","7":"product_cat-schmuck","9":"first","10":"instock","11":"purchasable","12":"product-type-simple"},"acf":[],"_links":{"self":[{"href":"https:\/\/www.regionalis.shop\/ricardart\/wp-json\/wp\/v2\/product\/1157","targetHints":{"allow":["GET"]}}],"collection":[{"href":"https:\/\/www.regionalis.shop\/ricardart\/wp-json\/wp\/v2\/product"}],"about":[{"href":"https:\/\/www.regionalis.shop\/ricardart\/wp-json\/wp\/v2\/types\/product"}],"wp:featuredmedia":[{"embeddable":true,"href":"https:\/\/www.regionalis.shop\/ricardart\/wp-json\/wp\/v2\/media\/1158"}],"wp:attachment":[{"href":"https:\/\/www.regionalis.shop\/ricardart\/wp-json\/wp\/v2\/media?parent=1157"}],"wp:term":[{"taxonomy":"product_brand","embeddable":true,"href":"https:\/\/www.regionalis.shop\/ricardart\/wp-json\/wp\/v2\/product_brand?post=1157"},{"taxonomy":"product_cat","embeddable":true,"href":"https:\/\/www.regionalis.shop\/ricardart\/wp-json\/wp\/v2\/product_cat?post=1157"},{"taxonomy":"product_tag","embeddable":true,"href":"https:\/\/www.regionalis.shop\/ricardart\/wp-json\/wp\/v2\/product_tag?post=1157"}],"curies":[{"name":"wp","href":"https:\/\/api.w.org\/{rel}","templated":true}]}}