{"id":1183,"date":"2025-04-18T10:03:58","date_gmt":"2025-04-18T08:03:58","guid":{"rendered":"https:\/\/www.regionalis.shop\/ricardart\/product\/tuerkis-kette-blume-des-lebens-dunkelbraun\/"},"modified":"2025-04-18T10:03:58","modified_gmt":"2025-04-18T08:03:58","slug":"tuerkis-kette-blume-des-lebens-dunkelbraun","status":"publish","type":"product","link":"https:\/\/www.regionalis.shop\/ricardart\/shop\/tuerkis-kette-blume-des-lebens-dunkelbraun\/","title":{"rendered":"T\u00dcRKIS Kette *BLUME DES LEBENS* dunkelbraun"},"content":{"rendered":"<p>Zarte, doppelreihige Halskette mit nat\u00fcrlichen T\u00fcrkisperlen (4mm), 18mm Lebensblume aus versilbertem, nickelfreiem Metall &#038; l\u00e4ngenverstellbarem Schiebeverschluss zum individuellen Anpassen.<br \/>\nDas verwendete Makrameegarn ist gewachst, sehr strapazierf\u00e4hig &#038; wasserfest.<\/p>\n<p>*du bekommst dein Schmuckst\u00fcck h\u00fcbsch verpackt in einer handbedruckten Box aus recyceltem Altpapier, mit pers\u00f6nlichem Steckbrief beigelegt auf dem du die wichtigsten Infos zu deinem neuen Begleiter nachlesen kannst<br \/>\nT\u00dcRKIS (Halschakra\/ Vi\u015buddha)<br \/>\nKreativit\u00e4t ~ Lebensfreude\/ Lebenskraft ~ Selbstbewusstsein ~ Kommunikation<br \/>\nDer wundersch\u00f6ne T\u00fcrkis ist ein Multitalent &#038; einer meiner pers\u00f6nlichen Lieblinge  Er unterstreicht deine individuellen Z\u00fcge &#038; deine Kreativit\u00e4t, f\u00f6rdert Selbstbewusstsein &#038; Kommunikation und ist auch im beruflichen Alltag &#038; beim Streben nach Erfolg ein positiver &#038; unterst\u00fctzender Begleiter.\u00a0 Besonders in schweren Krisenzeiten, bei Kummer &#038; Depression ist der T\u00fcrkis ein wunderbarer Krisenhelfer \u00a0<br \/>\nGeburtsstein: Dezember<\/p>\n","protected":false},"excerpt":{"rendered":"<p>Zarte, doppelreihige Halskette mit nat\u00fcrlichen T\u00fcrkisperlen (4mm), 18mm Lebensblume aus versilbertem, nickelfreiem Metall &#038; l\u00e4ngenverstellbarem Schiebeverschluss zum individuellen Anpassen. Das verwendete Makrameegarn ist gewachst, sehr strapazierf\u00e4hig &#038; wasserfest. *du bekommst dein Schmuckst\u00fcck h\u00fcbsch verpackt in einer handbedruckten Box aus recyceltem Altpapier, mit pers\u00f6nlichem Steckbrief beigelegt auf dem du die wichtigsten Infos zu deinem neuen Begleiter &hellip; <a href=\"https:\/\/www.regionalis.shop\/ricardart\/shop\/tuerkis-kette-blume-des-lebens-dunkelbraun\/\">Continued<\/a><\/p>\n","protected":false},"featured_media":1184,"template":"","meta":{"_acf_changed":false},"product_brand":[],"product_cat":[141,70],"product_tag":[],"class_list":{"0":"post-1183","1":"product","2":"type-product","3":"status-publish","4":"has-post-thumbnail","6":"product_cat-halsketten","7":"product_cat-schmuck","9":"first","10":"instock","11":"purchasable","12":"product-type-simple"},"acf":[],"_links":{"self":[{"href":"https:\/\/www.regionalis.shop\/ricardart\/wp-json\/wp\/v2\/product\/1183","targetHints":{"allow":["GET"]}}],"collection":[{"href":"https:\/\/www.regionalis.shop\/ricardart\/wp-json\/wp\/v2\/product"}],"about":[{"href":"https:\/\/www.regionalis.shop\/ricardart\/wp-json\/wp\/v2\/types\/product"}],"wp:featuredmedia":[{"embeddable":true,"href":"https:\/\/www.regionalis.shop\/ricardart\/wp-json\/wp\/v2\/media\/1184"}],"wp:attachment":[{"href":"https:\/\/www.regionalis.shop\/ricardart\/wp-json\/wp\/v2\/media?parent=1183"}],"wp:term":[{"taxonomy":"product_brand","embeddable":true,"href":"https:\/\/www.regionalis.shop\/ricardart\/wp-json\/wp\/v2\/product_brand?post=1183"},{"taxonomy":"product_cat","embeddable":true,"href":"https:\/\/www.regionalis.shop\/ricardart\/wp-json\/wp\/v2\/product_cat?post=1183"},{"taxonomy":"product_tag","embeddable":true,"href":"https:\/\/www.regionalis.shop\/ricardart\/wp-json\/wp\/v2\/product_tag?post=1183"}],"curies":[{"name":"wp","href":"https:\/\/api.w.org\/{rel}","templated":true}]}}