{"id":1188,"date":"2025-04-18T09:57:46","date_gmt":"2025-04-18T07:57:46","guid":{"rendered":"https:\/\/www.regionalis.shop\/ricardart\/product\/amazonit-doppelarmband-circle-18kvergoldet\/"},"modified":"2025-04-18T09:57:46","modified_gmt":"2025-04-18T07:57:46","slug":"amazonit-doppelarmband-circle-18kvergoldet","status":"publish","type":"product","link":"https:\/\/www.regionalis.shop\/ricardart\/shop\/amazonit-doppelarmband-circle-18kvergoldet\/","title":{"rendered":"Amazonit Doppelarmband *CIRCLE 18kvergoldet*"},"content":{"rendered":"<p>Kraftvolles Edelsteinarmband aus wasserfestem Makrameegarn (gewachst &#038;;strapazierf\u00e4hig) mit  nat\u00fcrlichem Amazonit in geschliffener Perlenform (4-6mm) &#038; 18k vergoldeten Messingperlen. Das Verbindungsst\u00fcck aus 18k vergoldetem Kupfer ist nickelfrei &#038; hat einen Durchmesser von 10mm. Dank l\u00e4ngenverstellbarem Schiebeverschluss individuell in der Gr\u00f6\u00dfe anzupassen.<\/p>\n<p>*Du bekommst dein Armband h\u00fcbsch verpackt in einer handbedruckten Box aus recyceltem Altpapier, mit pers\u00f6nlichem Steckbrief beigelegt auf dem du die wichtigsten Infos zu deinem neuen Begleiter nachlesen kannst<\/p>\n","protected":false},"excerpt":{"rendered":"<p>Kraftvolles Edelsteinarmband aus wasserfestem Makrameegarn (gewachst &#038;;strapazierf\u00e4hig) mit nat\u00fcrlichem Amazonit in geschliffener Perlenform (4-6mm) &#038; 18k vergoldeten Messingperlen. Das Verbindungsst\u00fcck aus 18k vergoldetem Kupfer ist nickelfrei &#038; hat einen Durchmesser von 10mm. Dank l\u00e4ngenverstellbarem Schiebeverschluss individuell in der Gr\u00f6\u00dfe anzupassen. *Du bekommst dein Armband h\u00fcbsch verpackt in einer handbedruckten Box aus recyceltem Altpapier, mit pers\u00f6nlichem &hellip; <a href=\"https:\/\/www.regionalis.shop\/ricardart\/shop\/amazonit-doppelarmband-circle-18kvergoldet\/\">Continued<\/a><\/p>\n","protected":false},"featured_media":1189,"template":"","meta":{"_acf_changed":false},"product_brand":[],"product_cat":[110,70],"product_tag":[],"class_list":{"0":"post-1188","1":"product","2":"type-product","3":"status-publish","4":"has-post-thumbnail","6":"product_cat-armbaender","7":"product_cat-schmuck","9":"first","10":"instock","11":"purchasable","12":"product-type-simple"},"acf":[],"_links":{"self":[{"href":"https:\/\/www.regionalis.shop\/ricardart\/wp-json\/wp\/v2\/product\/1188","targetHints":{"allow":["GET"]}}],"collection":[{"href":"https:\/\/www.regionalis.shop\/ricardart\/wp-json\/wp\/v2\/product"}],"about":[{"href":"https:\/\/www.regionalis.shop\/ricardart\/wp-json\/wp\/v2\/types\/product"}],"wp:featuredmedia":[{"embeddable":true,"href":"https:\/\/www.regionalis.shop\/ricardart\/wp-json\/wp\/v2\/media\/1189"}],"wp:attachment":[{"href":"https:\/\/www.regionalis.shop\/ricardart\/wp-json\/wp\/v2\/media?parent=1188"}],"wp:term":[{"taxonomy":"product_brand","embeddable":true,"href":"https:\/\/www.regionalis.shop\/ricardart\/wp-json\/wp\/v2\/product_brand?post=1188"},{"taxonomy":"product_cat","embeddable":true,"href":"https:\/\/www.regionalis.shop\/ricardart\/wp-json\/wp\/v2\/product_cat?post=1188"},{"taxonomy":"product_tag","embeddable":true,"href":"https:\/\/www.regionalis.shop\/ricardart\/wp-json\/wp\/v2\/product_tag?post=1188"}],"curies":[{"name":"wp","href":"https:\/\/api.w.org\/{rel}","templated":true}]}}