{"id":1193,"date":"2025-04-18T09:57:46","date_gmt":"2025-04-18T07:57:46","guid":{"rendered":"https:\/\/www.regionalis.shop\/ricardart\/product\/rosenquarz-doppelarmband-herz-edelstahl-18kvergoldet\/"},"modified":"2025-04-18T09:57:46","modified_gmt":"2025-04-18T07:57:46","slug":"rosenquarz-doppelarmband-herz-edelstahl-18kvergoldet","status":"publish","type":"product","link":"https:\/\/www.regionalis.shop\/ricardart\/shop\/rosenquarz-doppelarmband-herz-edelstahl-18kvergoldet\/","title":{"rendered":"Rosenquarz Doppelarmband *HERZ Edelstahl 18kvergoldet*"},"content":{"rendered":"<p>Zartes Doppelarmband, von Hand gefertigt aus gewachstem Makrameegarn (wasserfest &#038; strapazierf\u00e4hig), mit facettierter Rosenquarzperle (~ 4mm) &#038; Herzverbinder aus hochwertigem, 18k vergoldetem Edelstahl (~ 12mm)<br \/>\nDank l\u00e4ngenverstellbarem Schiebeverschluss l\u00e4sst sich das Armband individuell an dein Handgelenk anpassen.<br \/>\n*du bekommst dein Armband h\u00fcbsch verpackt &#038; mit pers\u00f6nlichem Steckbrief beigelegt auf dem du die wichtigsten Infos zu deinem neuen Begleiter nachlesen kannst<\/p>\n<p>ROSENQUARZ \u00a0(Herzchakra\/An\u00e3hata)<br \/>\nSinnlichkeit ~ Liebe ~ Empathie ~ Beziehung ~ Vertrauen<br \/>\nDer Rosenquarz ist ein wunderbarer &#038; f\u00fcr mich sehr wertvoller Begleiter, der mir schon durch so manche Herzenskrise geholfen hat. Ein idealer Meditationsstein (mit Hautkontakt in Herzn\u00e4he w\u00e4re perfekt) um das Herz ganz bewusst zu \u00f6ffnen &#8211; sowohl f\u00fcr dich,\u00a0 als auch f\u00fcr deine Mitmenschen &#8211; mit verschlossenem  verschlie\u00dfen sich auch die wunderbarsten Dinge des Lebens Anwendungsgebiete: positiv f\u00fcr unser Herz &#038; unseren Kreislauf, Absorption von Strahlung (am Besten nahe des Fernsehers\/Computers aufstellen)<br \/>\nGeburtsstein: Juli<\/p>\n","protected":false},"excerpt":{"rendered":"<p>Zartes Doppelarmband, von Hand gefertigt aus gewachstem Makrameegarn (wasserfest &#038; strapazierf\u00e4hig), mit facettierter Rosenquarzperle (~ 4mm) &#038; Herzverbinder aus hochwertigem, 18k vergoldetem Edelstahl (~ 12mm) Dank l\u00e4ngenverstellbarem Schiebeverschluss l\u00e4sst sich das Armband individuell an dein Handgelenk anpassen. *du bekommst dein Armband h\u00fcbsch verpackt &#038; mit pers\u00f6nlichem Steckbrief beigelegt auf dem du die wichtigsten Infos zu &hellip; <a href=\"https:\/\/www.regionalis.shop\/ricardart\/shop\/rosenquarz-doppelarmband-herz-edelstahl-18kvergoldet\/\">Continued<\/a><\/p>\n","protected":false},"featured_media":1194,"template":"","meta":{"_acf_changed":false},"product_brand":[],"product_cat":[110,70],"product_tag":[],"class_list":{"0":"post-1193","1":"product","2":"type-product","3":"status-publish","4":"has-post-thumbnail","6":"product_cat-armbaender","7":"product_cat-schmuck","9":"first","10":"instock","11":"purchasable","12":"product-type-simple"},"acf":[],"_links":{"self":[{"href":"https:\/\/www.regionalis.shop\/ricardart\/wp-json\/wp\/v2\/product\/1193","targetHints":{"allow":["GET"]}}],"collection":[{"href":"https:\/\/www.regionalis.shop\/ricardart\/wp-json\/wp\/v2\/product"}],"about":[{"href":"https:\/\/www.regionalis.shop\/ricardart\/wp-json\/wp\/v2\/types\/product"}],"wp:featuredmedia":[{"embeddable":true,"href":"https:\/\/www.regionalis.shop\/ricardart\/wp-json\/wp\/v2\/media\/1194"}],"wp:attachment":[{"href":"https:\/\/www.regionalis.shop\/ricardart\/wp-json\/wp\/v2\/media?parent=1193"}],"wp:term":[{"taxonomy":"product_brand","embeddable":true,"href":"https:\/\/www.regionalis.shop\/ricardart\/wp-json\/wp\/v2\/product_brand?post=1193"},{"taxonomy":"product_cat","embeddable":true,"href":"https:\/\/www.regionalis.shop\/ricardart\/wp-json\/wp\/v2\/product_cat?post=1193"},{"taxonomy":"product_tag","embeddable":true,"href":"https:\/\/www.regionalis.shop\/ricardart\/wp-json\/wp\/v2\/product_tag?post=1193"}],"curies":[{"name":"wp","href":"https:\/\/api.w.org\/{rel}","templated":true}]}}