{"id":1198,"date":"2025-04-18T09:57:46","date_gmt":"2025-04-18T07:57:46","guid":{"rendered":"https:\/\/www.regionalis.shop\/ricardart\/product\/amazonit-ohrringe-fimo-midnight\/"},"modified":"2025-04-18T09:57:46","modified_gmt":"2025-04-18T07:57:46","slug":"amazonit-ohrringe-fimo-midnight","status":"publish","type":"product","link":"https:\/\/www.regionalis.shop\/ricardart\/shop\/amazonit-ohrringe-fimo-midnight\/","title":{"rendered":"Amazonit Ohrringe *FIMO MIDNIGHT*"},"content":{"rendered":"<p>Einzigartiger Ohrschmuck mit handgefertigten Fimo Applikationen im &#8222;MIDNIGHT-Design&#8220; (jedes St\u00fcck ist aufgrund des individuellen Farbverlaufs ein Unikat). Best\u00fcckt habe ich die Sch\u00e4tze mit je einer 10mm Amazonitperle &#038; einer ca. 4mm Lapislazuliperle. Die Ohrhaken aus hochwertig vergoldetem Edelstahl sind nickelfrei &#038; auch f\u00fcr sensible Ohren geeignet.<br \/>\nGesamtl\u00e4nge: ~ 55mm<br \/>\n*du bekommst deine Ohrringe h\u00fcbsch vepackt in einer handbedruckten Box aus recyceltem Altpapier, mit pers\u00f6nlichem Steckbrief beigelegt auf dem du die wichtigsten Infos zu deinem neuen Begleiter nachlesen kannst<\/p>\n","protected":false},"excerpt":{"rendered":"<p>Einzigartiger Ohrschmuck mit handgefertigten Fimo Applikationen im &#8222;MIDNIGHT-Design&#8220; (jedes St\u00fcck ist aufgrund des individuellen Farbverlaufs ein Unikat). Best\u00fcckt habe ich die Sch\u00e4tze mit je einer 10mm Amazonitperle &#038; einer ca. 4mm Lapislazuliperle. Die Ohrhaken aus hochwertig vergoldetem Edelstahl sind nickelfrei &#038; auch f\u00fcr sensible Ohren geeignet. Gesamtl\u00e4nge: ~ 55mm *du bekommst deine Ohrringe h\u00fcbsch vepackt &hellip; <a href=\"https:\/\/www.regionalis.shop\/ricardart\/shop\/amazonit-ohrringe-fimo-midnight\/\">Continued<\/a><\/p>\n","protected":false},"featured_media":1199,"template":"","meta":{"_acf_changed":false},"product_brand":[],"product_cat":[163,70],"product_tag":[],"class_list":{"0":"post-1198","1":"product","2":"type-product","3":"status-publish","4":"has-post-thumbnail","6":"product_cat-ohrringe","7":"product_cat-schmuck","9":"first","10":"instock","11":"purchasable","12":"product-type-simple"},"acf":[],"_links":{"self":[{"href":"https:\/\/www.regionalis.shop\/ricardart\/wp-json\/wp\/v2\/product\/1198","targetHints":{"allow":["GET"]}}],"collection":[{"href":"https:\/\/www.regionalis.shop\/ricardart\/wp-json\/wp\/v2\/product"}],"about":[{"href":"https:\/\/www.regionalis.shop\/ricardart\/wp-json\/wp\/v2\/types\/product"}],"wp:featuredmedia":[{"embeddable":true,"href":"https:\/\/www.regionalis.shop\/ricardart\/wp-json\/wp\/v2\/media\/1199"}],"wp:attachment":[{"href":"https:\/\/www.regionalis.shop\/ricardart\/wp-json\/wp\/v2\/media?parent=1198"}],"wp:term":[{"taxonomy":"product_brand","embeddable":true,"href":"https:\/\/www.regionalis.shop\/ricardart\/wp-json\/wp\/v2\/product_brand?post=1198"},{"taxonomy":"product_cat","embeddable":true,"href":"https:\/\/www.regionalis.shop\/ricardart\/wp-json\/wp\/v2\/product_cat?post=1198"},{"taxonomy":"product_tag","embeddable":true,"href":"https:\/\/www.regionalis.shop\/ricardart\/wp-json\/wp\/v2\/product_tag?post=1198"}],"curies":[{"name":"wp","href":"https:\/\/api.w.org\/{rel}","templated":true}]}}