{"id":1225,"date":"2025-04-18T09:56:42","date_gmt":"2025-04-18T07:56:42","guid":{"rendered":"https:\/\/www.regionalis.shop\/ricardart\/product\/doppelarmband-lebensbaum-suesswasserperle-18kvergoldet\/"},"modified":"2025-04-18T09:56:42","modified_gmt":"2025-04-18T07:56:42","slug":"doppelarmband-lebensbaum-suesswasserperle-18kvergoldet","status":"publish","type":"product","link":"https:\/\/www.regionalis.shop\/ricardart\/shop\/doppelarmband-lebensbaum-suesswasserperle-18kvergoldet\/","title":{"rendered":"Doppelarmband *LEBENSBAUM &#038; S\u00dc\u00dfWASSERPERLE* 18kvergoldet"},"content":{"rendered":"<p>Elegante, doppelreihige Perlenarmb\u00e4nder mit nat\u00fcrlicher S\u00fc\u00dfwasserperle, Lebensbaum aus 18k vergoldetem Edelstahl (9mm) &#038; vergoldeten H\u00e4matit-&#038; Kupferperlen. Das verwendete Makrameegarn ist gewachst, sehr strapazierf\u00e4hig &#038; wasserfest. Dank l\u00e4ngenverstellbarem Schiebeverschluss l\u00e4sst sich dein Armband individuell in der Gr\u00f6\u00dfe anpassen.<br \/>\n(wasserfest &#038; nickelfrei)<\/p>\n<p>*Du bekommst dein Schmuckst\u00fcck h\u00fcbsch verpackt in handbedrucktem, recyceltem Altpapier- individuell &#038; umweltfreundlich<\/p>\n","protected":false},"excerpt":{"rendered":"<p>Elegante, doppelreihige Perlenarmb\u00e4nder mit nat\u00fcrlicher S\u00fc\u00dfwasserperle, Lebensbaum aus 18k vergoldetem Edelstahl (9mm) &#038; vergoldeten H\u00e4matit-&#038; Kupferperlen. Das verwendete Makrameegarn ist gewachst, sehr strapazierf\u00e4hig &#038; wasserfest. Dank l\u00e4ngenverstellbarem Schiebeverschluss l\u00e4sst sich dein Armband individuell in der Gr\u00f6\u00dfe anpassen. (wasserfest &#038; nickelfrei) *Du bekommst dein Schmuckst\u00fcck h\u00fcbsch verpackt in handbedrucktem, recyceltem Altpapier- individuell &#038; umweltfreundlich<\/p>\n","protected":false},"featured_media":1226,"template":"","meta":{"_acf_changed":false},"product_brand":[],"product_cat":[110,70],"product_tag":[],"class_list":{"0":"post-1225","1":"product","2":"type-product","3":"status-publish","4":"has-post-thumbnail","6":"product_cat-armbaender","7":"product_cat-schmuck","9":"first","10":"instock","11":"purchasable","12":"product-type-simple"},"acf":[],"_links":{"self":[{"href":"https:\/\/www.regionalis.shop\/ricardart\/wp-json\/wp\/v2\/product\/1225","targetHints":{"allow":["GET"]}}],"collection":[{"href":"https:\/\/www.regionalis.shop\/ricardart\/wp-json\/wp\/v2\/product"}],"about":[{"href":"https:\/\/www.regionalis.shop\/ricardart\/wp-json\/wp\/v2\/types\/product"}],"wp:featuredmedia":[{"embeddable":true,"href":"https:\/\/www.regionalis.shop\/ricardart\/wp-json\/wp\/v2\/media\/1226"}],"wp:attachment":[{"href":"https:\/\/www.regionalis.shop\/ricardart\/wp-json\/wp\/v2\/media?parent=1225"}],"wp:term":[{"taxonomy":"product_brand","embeddable":true,"href":"https:\/\/www.regionalis.shop\/ricardart\/wp-json\/wp\/v2\/product_brand?post=1225"},{"taxonomy":"product_cat","embeddable":true,"href":"https:\/\/www.regionalis.shop\/ricardart\/wp-json\/wp\/v2\/product_cat?post=1225"},{"taxonomy":"product_tag","embeddable":true,"href":"https:\/\/www.regionalis.shop\/ricardart\/wp-json\/wp\/v2\/product_tag?post=1225"}],"curies":[{"name":"wp","href":"https:\/\/api.w.org\/{rel}","templated":true}]}}